{"id":178,"date":"2021-11-11T13:55:17","date_gmt":"2021-11-11T13:55:17","guid":{"rendered":"https:\/\/seedsmakeathons.com\/nl\/?page_id=178"},"modified":"2021-11-18T12:22:00","modified_gmt":"2021-11-18T12:22:00","slug":"3-interventies","status":"publish","type":"page","link":"https:\/\/seedsmakeathons.com\/nl\/whats-seeds\/parts-of-the-project\/3-interventies\/","title":{"rendered":"3. Interventies"},"content":{"rendered":"<p>De experimenten die de jongeren hebben ontwikkeld in de Makeathons worden gecombineerd in \u00e9\u00e9n interventie voor elk land. Het leuke is dat het SEEDS team vooraf geen idee heeft wat de jongeren zullen cre\u00ebren. We kijken ernaar uit om te luisteren naar en te leren van de ervaringen van de jongeren. We zijn ook benieuwd om te leren van de ervaringen van de jongeren in de controle scholen. Zij spelen een belangrijke rol om ons te helpen bepalen of de SEEDS aanpak succesvol is.<\/p>\n<p>&nbsp;<\/p>\n<p><img loading=\"lazy\" class=\"alignnone size-medium wp-image-137\" src=\"https:\/\/seedsmakeathons.com\/nl\/wp-content\/uploads\/2021\/10\/interventions-300x256.png\" alt=\"\" width=\"300\" height=\"256\" srcset=\"https:\/\/seedsmakeathons.com\/nl\/wp-content\/uploads\/2021\/10\/interventions-300x256.png 300w, https:\/\/seedsmakeathons.com\/nl\/wp-content\/uploads\/2021\/10\/interventions-1024x873.png 1024w, https:\/\/seedsmakeathons.com\/nl\/wp-content\/uploads\/2021\/10\/interventions-768x655.png 768w, https:\/\/seedsmakeathons.com\/nl\/wp-content\/uploads\/2021\/10\/interventions.png 1077w\" sizes=\"(max-width: 300px) 100vw, 300px\" \/><\/p>\n","protected":false},"excerpt":{"rendered":"<p>De experimenten die de jongeren hebben ontwikkeld in de Makeathons worden gecombineerd in \u00e9\u00e9n interventie voor elk land. Het leuke is dat het SEEDS team vooraf geen idee heeft wat de jongeren zullen cre\u00ebren. We kijken ernaar uit om te luisteren naar en te leren van de ervaringen van de jongeren. We zijn ook benieuwd [&hellip;]<\/p>\n","protected":false},"author":14,"featured_media":0,"parent":38,"menu_order":3,"comment_status":"closed","ping_status":"closed","template":"","meta":[],"yoast_head":"<!-- This site is optimized with the Yoast SEO plugin v16.7 - https:\/\/yoast.com\/wordpress\/plugins\/seo\/ -->\n<title>3. Interventies - SEEDS<\/title>\n<meta name=\"robots\" content=\"index, follow, max-snippet:-1, max-image-preview:large, max-video-preview:-1\" \/>\n<link rel=\"canonical\" href=\"https:\/\/seedsmakeathons.com\/nl\/whats-seeds\/parts-of-the-project\/3-interventies\/\" \/>\n<meta property=\"og:locale\" content=\"nl_NL\" \/>\n<meta property=\"og:type\" content=\"article\" \/>\n<meta property=\"og:title\" content=\"3. Interventies - SEEDS\" \/>\n<meta property=\"og:description\" content=\"De experimenten die de jongeren hebben ontwikkeld in de Makeathons worden gecombineerd in \u00e9\u00e9n interventie voor elk land. Het leuke is dat het SEEDS team vooraf geen idee heeft wat de jongeren zullen cre\u00ebren. We kijken ernaar uit om te luisteren naar en te leren van de ervaringen van de jongeren. We zijn ook benieuwd [&hellip;]\" \/>\n<meta property=\"og:url\" content=\"https:\/\/seedsmakeathons.com\/nl\/whats-seeds\/parts-of-the-project\/3-interventies\/\" \/>\n<meta property=\"og:site_name\" content=\"SEEDS\" \/>\n<meta property=\"article:modified_time\" content=\"2021-11-18T12:22:00+00:00\" \/>\n<meta property=\"og:image\" content=\"https:\/\/seedsmakeathons.com\/nl\/wp-content\/uploads\/2021\/10\/interventions-300x256.png\" \/>\n<meta name=\"twitter:card\" content=\"summary_large_image\" \/>\n<script type=\"application\/ld+json\" class=\"yoast-schema-graph\">{\"@context\":\"https:\/\/schema.org\",\"@graph\":[{\"@type\":\"WebSite\",\"@id\":\"https:\/\/seedsmakeathons.com\/nl\/#website\",\"url\":\"https:\/\/seedsmakeathons.com\/nl\/\",\"name\":\"SEEDS\",\"description\":\"\",\"potentialAction\":[{\"@type\":\"SearchAction\",\"target\":{\"@type\":\"EntryPoint\",\"urlTemplate\":\"https:\/\/seedsmakeathons.com\/nl\/?s={search_term_string}\"},\"query-input\":\"required name=search_term_string\"}],\"inLanguage\":\"nl\"},{\"@type\":\"ImageObject\",\"@id\":\"https:\/\/seedsmakeathons.com\/nl\/whats-seeds\/parts-of-the-project\/3-interventies\/#primaryimage\",\"inLanguage\":\"nl\",\"url\":\"https:\/\/seedsmakeathons.com\/nl\/wp-content\/uploads\/2021\/10\/interventions.png\",\"contentUrl\":\"https:\/\/seedsmakeathons.com\/nl\/wp-content\/uploads\/2021\/10\/interventions.png\",\"width\":1077,\"height\":918},{\"@type\":\"WebPage\",\"@id\":\"https:\/\/seedsmakeathons.com\/nl\/whats-seeds\/parts-of-the-project\/3-interventies\/#webpage\",\"url\":\"https:\/\/seedsmakeathons.com\/nl\/whats-seeds\/parts-of-the-project\/3-interventies\/\",\"name\":\"3. Interventies - SEEDS\",\"isPartOf\":{\"@id\":\"https:\/\/seedsmakeathons.com\/nl\/#website\"},\"primaryImageOfPage\":{\"@id\":\"https:\/\/seedsmakeathons.com\/nl\/whats-seeds\/parts-of-the-project\/3-interventies\/#primaryimage\"},\"datePublished\":\"2021-11-11T13:55:17+00:00\",\"dateModified\":\"2021-11-18T12:22:00+00:00\",\"breadcrumb\":{\"@id\":\"https:\/\/seedsmakeathons.com\/nl\/whats-seeds\/parts-of-the-project\/3-interventies\/#breadcrumb\"},\"inLanguage\":\"nl\",\"potentialAction\":[{\"@type\":\"ReadAction\",\"target\":[\"https:\/\/seedsmakeathons.com\/nl\/whats-seeds\/parts-of-the-project\/3-interventies\/\"]}]},{\"@type\":\"BreadcrumbList\",\"@id\":\"https:\/\/seedsmakeathons.com\/nl\/whats-seeds\/parts-of-the-project\/3-interventies\/#breadcrumb\",\"itemListElement\":[{\"@type\":\"ListItem\",\"position\":1,\"name\":\"Home\",\"item\":\"https:\/\/seedsmakeathons.com\/nl\/\"},{\"@type\":\"ListItem\",\"position\":2,\"name\":\"Wat is SEEDS?\",\"item\":\"https:\/\/seedsmakeathons.com\/nl\/whats-seeds\/\"},{\"@type\":\"ListItem\",\"position\":3,\"name\":\"Onderdelen van het project\",\"item\":\"https:\/\/seedsmakeathons.com\/nl\/whats-seeds\/parts-of-the-project\/\"},{\"@type\":\"ListItem\",\"position\":4,\"name\":\"3. Interventies\"}]}]}<\/script>\n<!-- \/ Yoast SEO plugin. -->","yoast_head_json":{"title":"3. Interventies - SEEDS","robots":{"index":"index","follow":"follow","max-snippet":"max-snippet:-1","max-image-preview":"max-image-preview:large","max-video-preview":"max-video-preview:-1"},"canonical":"https:\/\/seedsmakeathons.com\/nl\/whats-seeds\/parts-of-the-project\/3-interventies\/","og_locale":"nl_NL","og_type":"article","og_title":"3. Interventies - SEEDS","og_description":"De experimenten die de jongeren hebben ontwikkeld in de Makeathons worden gecombineerd in \u00e9\u00e9n interventie voor elk land. Het leuke is dat het SEEDS team vooraf geen idee heeft wat de jongeren zullen cre\u00ebren. We kijken ernaar uit om te luisteren naar en te leren van de ervaringen van de jongeren. We zijn ook benieuwd [&hellip;]","og_url":"https:\/\/seedsmakeathons.com\/nl\/whats-seeds\/parts-of-the-project\/3-interventies\/","og_site_name":"SEEDS","article_modified_time":"2021-11-18T12:22:00+00:00","og_image":[{"url":"https:\/\/seedsmakeathons.com\/nl\/wp-content\/uploads\/2021\/10\/interventions-300x256.png"}],"twitter_card":"summary_large_image","schema":{"@context":"https:\/\/schema.org","@graph":[{"@type":"WebSite","@id":"https:\/\/seedsmakeathons.com\/nl\/#website","url":"https:\/\/seedsmakeathons.com\/nl\/","name":"SEEDS","description":"","potentialAction":[{"@type":"SearchAction","target":{"@type":"EntryPoint","urlTemplate":"https:\/\/seedsmakeathons.com\/nl\/?s={search_term_string}"},"query-input":"required name=search_term_string"}],"inLanguage":"nl"},{"@type":"ImageObject","@id":"https:\/\/seedsmakeathons.com\/nl\/whats-seeds\/parts-of-the-project\/3-interventies\/#primaryimage","inLanguage":"nl","url":"https:\/\/seedsmakeathons.com\/nl\/wp-content\/uploads\/2021\/10\/interventions.png","contentUrl":"https:\/\/seedsmakeathons.com\/nl\/wp-content\/uploads\/2021\/10\/interventions.png","width":1077,"height":918},{"@type":"WebPage","@id":"https:\/\/seedsmakeathons.com\/nl\/whats-seeds\/parts-of-the-project\/3-interventies\/#webpage","url":"https:\/\/seedsmakeathons.com\/nl\/whats-seeds\/parts-of-the-project\/3-interventies\/","name":"3. Interventies - SEEDS","isPartOf":{"@id":"https:\/\/seedsmakeathons.com\/nl\/#website"},"primaryImageOfPage":{"@id":"https:\/\/seedsmakeathons.com\/nl\/whats-seeds\/parts-of-the-project\/3-interventies\/#primaryimage"},"datePublished":"2021-11-11T13:55:17+00:00","dateModified":"2021-11-18T12:22:00+00:00","breadcrumb":{"@id":"https:\/\/seedsmakeathons.com\/nl\/whats-seeds\/parts-of-the-project\/3-interventies\/#breadcrumb"},"inLanguage":"nl","potentialAction":[{"@type":"ReadAction","target":["https:\/\/seedsmakeathons.com\/nl\/whats-seeds\/parts-of-the-project\/3-interventies\/"]}]},{"@type":"BreadcrumbList","@id":"https:\/\/seedsmakeathons.com\/nl\/whats-seeds\/parts-of-the-project\/3-interventies\/#breadcrumb","itemListElement":[{"@type":"ListItem","position":1,"name":"Home","item":"https:\/\/seedsmakeathons.com\/nl\/"},{"@type":"ListItem","position":2,"name":"Wat is SEEDS?","item":"https:\/\/seedsmakeathons.com\/nl\/whats-seeds\/"},{"@type":"ListItem","position":3,"name":"Onderdelen van het project","item":"https:\/\/seedsmakeathons.com\/nl\/whats-seeds\/parts-of-the-project\/"},{"@type":"ListItem","position":4,"name":"3. Interventies"}]}]}},"_links":{"self":[{"href":"https:\/\/seedsmakeathons.com\/nl\/wp-json\/wp\/v2\/pages\/178"}],"collection":[{"href":"https:\/\/seedsmakeathons.com\/nl\/wp-json\/wp\/v2\/pages"}],"about":[{"href":"https:\/\/seedsmakeathons.com\/nl\/wp-json\/wp\/v2\/types\/page"}],"author":[{"embeddable":true,"href":"https:\/\/seedsmakeathons.com\/nl\/wp-json\/wp\/v2\/users\/14"}],"replies":[{"embeddable":true,"href":"https:\/\/seedsmakeathons.com\/nl\/wp-json\/wp\/v2\/comments?post=178"}],"version-history":[{"count":0,"href":"https:\/\/seedsmakeathons.com\/nl\/wp-json\/wp\/v2\/pages\/178\/revisions"}],"up":[{"embeddable":true,"href":"https:\/\/seedsmakeathons.com\/nl\/wp-json\/wp\/v2\/pages\/38"}],"wp:attachment":[{"href":"https:\/\/seedsmakeathons.com\/nl\/wp-json\/wp\/v2\/media?parent=178"}],"curies":[{"name":"wp","href":"https:\/\/api.w.org\/{rel}","templated":true}]}}