{"id":90,"date":"2021-06-10T06:45:47","date_gmt":"2021-06-10T06:45:47","guid":{"rendered":"https:\/\/seedsmakeathons.com\/?page_id=5"},"modified":"2023-01-05T12:59:01","modified_gmt":"2023-01-05T12:59:01","slug":"home","status":"publish","type":"page","link":"https:\/\/seedsmakeathons.com\/es\/","title":{"rendered":"Inicio"},"content":{"rendered":"<h1 style=\"text-align: center\">\u00bfQu\u00e9 es SEEDS?<\/h1>\n<p>&nbsp;<\/p>\n<p style=\"text-align: center\">SEEDS es un proyecto cient\u00edfico de adolescentes para adolescentes. Su objetivo es capacitarlos para que lleven estilos de vida saludables y ayudarlos a explorar lo importante y emocionante que es la ciencia. Utilizar\u00e1n la ciencia ciudadana para crear nuevos experimentos para estilos de vida saludables. Estos se desarrollar\u00e1n durante seis meses en institutos de Espa\u00f1a, Pa\u00edses Bajos, Grecia y Reino Unido.<\/p>\n<p>&nbsp;<\/p>\n<p style=\"text-align: center\"><a class=\"button\" href=\"https:\/\/seedsmakeathons.com\/whats-seeds\/\">\u00bfQu\u00e9 es SEEDS?<\/a><\/p>\n","protected":false},"excerpt":{"rendered":"<p>\u00bfQu\u00e9 es SEEDS? &nbsp; SEEDS es un proyecto cient\u00edfico de adolescentes para adolescentes. Su objetivo es capacitarlos para que lleven estilos de vida saludables y ayudarlos a explorar lo importante y emocionante que es la ciencia. Utilizar\u00e1n la ciencia ciudadana para crear nuevos experimentos para estilos de vida saludables. Estos se desarrollar\u00e1n durante seis meses [&hellip;]<\/p>\n","protected":false},"author":1,"featured_media":0,"parent":0,"menu_order":1,"comment_status":"closed","ping_status":"closed","template":"","meta":[],"yoast_head":"<!-- This site is optimized with the Yoast SEO plugin v16.7 - https:\/\/yoast.com\/wordpress\/plugins\/seo\/ -->\n<title>Inicio - SEEDS<\/title>\n<meta name=\"description\" content=\"El Proyecto SEEDS es un proyecto cient\u00edfico para estilos de vida saludables de adolescentes para adolescentes.\" \/>\n<meta name=\"robots\" content=\"index, follow, max-snippet:-1, max-image-preview:large, max-video-preview:-1\" \/>\n<link rel=\"canonical\" href=\"https:\/\/seedsmakeathons.com\/es\/\" \/>\n<meta property=\"og:locale\" content=\"es_ES\" \/>\n<meta property=\"og:type\" content=\"article\" \/>\n<meta property=\"og:title\" content=\"Inicio - SEEDS\" \/>\n<meta property=\"og:description\" content=\"El Proyecto SEEDS es un proyecto cient\u00edfico para estilos de vida saludables de adolescentes para adolescentes.\" \/>\n<meta property=\"og:url\" content=\"https:\/\/seedsmakeathons.com\/es\/\" \/>\n<meta property=\"og:site_name\" content=\"SEEDS\" \/>\n<meta property=\"article:modified_time\" content=\"2023-01-05T12:59:01+00:00\" \/>\n<meta name=\"twitter:card\" content=\"summary_large_image\" \/>\n<script type=\"application\/ld+json\" class=\"yoast-schema-graph\">{\"@context\":\"https:\/\/schema.org\",\"@graph\":[{\"@type\":\"WebSite\",\"@id\":\"https:\/\/seedsmakeathons.com\/es\/#website\",\"url\":\"https:\/\/seedsmakeathons.com\/es\/\",\"name\":\"SEEDS\",\"description\":\"\",\"potentialAction\":[{\"@type\":\"SearchAction\",\"target\":{\"@type\":\"EntryPoint\",\"urlTemplate\":\"https:\/\/seedsmakeathons.com\/es\/?s={search_term_string}\"},\"query-input\":\"required name=search_term_string\"}],\"inLanguage\":\"es\"},{\"@type\":\"WebPage\",\"@id\":\"https:\/\/seedsmakeathons.com\/es\/#webpage\",\"url\":\"https:\/\/seedsmakeathons.com\/es\/\",\"name\":\"Inicio - SEEDS\",\"isPartOf\":{\"@id\":\"https:\/\/seedsmakeathons.com\/es\/#website\"},\"datePublished\":\"2021-06-10T06:45:47+00:00\",\"dateModified\":\"2023-01-05T12:59:01+00:00\",\"description\":\"El Proyecto SEEDS es un proyecto cient\\u00edfico para estilos de vida saludables de adolescentes para adolescentes.\",\"breadcrumb\":{\"@id\":\"https:\/\/seedsmakeathons.com\/es\/#breadcrumb\"},\"inLanguage\":\"es\",\"potentialAction\":[{\"@type\":\"ReadAction\",\"target\":[\"https:\/\/seedsmakeathons.com\/es\/\"]}]},{\"@type\":\"BreadcrumbList\",\"@id\":\"https:\/\/seedsmakeathons.com\/es\/#breadcrumb\",\"itemListElement\":[{\"@type\":\"ListItem\",\"position\":1,\"name\":\"Home\",\"item\":\"https:\/\/seedsmakeathons.com\/es\/\"},{\"@type\":\"ListItem\",\"position\":2,\"name\":\"Inicio\"}]}]}<\/script>\n<!-- \/ Yoast SEO plugin. -->","yoast_head_json":{"title":"Inicio - SEEDS","description":"El Proyecto SEEDS es un proyecto cient\u00edfico para estilos de vida saludables de adolescentes para adolescentes.","robots":{"index":"index","follow":"follow","max-snippet":"max-snippet:-1","max-image-preview":"max-image-preview:large","max-video-preview":"max-video-preview:-1"},"canonical":"https:\/\/seedsmakeathons.com\/es\/","og_locale":"es_ES","og_type":"article","og_title":"Inicio - SEEDS","og_description":"El Proyecto SEEDS es un proyecto cient\u00edfico para estilos de vida saludables de adolescentes para adolescentes.","og_url":"https:\/\/seedsmakeathons.com\/es\/","og_site_name":"SEEDS","article_modified_time":"2023-01-05T12:59:01+00:00","twitter_card":"summary_large_image","schema":{"@context":"https:\/\/schema.org","@graph":[{"@type":"WebSite","@id":"https:\/\/seedsmakeathons.com\/es\/#website","url":"https:\/\/seedsmakeathons.com\/es\/","name":"SEEDS","description":"","potentialAction":[{"@type":"SearchAction","target":{"@type":"EntryPoint","urlTemplate":"https:\/\/seedsmakeathons.com\/es\/?s={search_term_string}"},"query-input":"required name=search_term_string"}],"inLanguage":"es"},{"@type":"WebPage","@id":"https:\/\/seedsmakeathons.com\/es\/#webpage","url":"https:\/\/seedsmakeathons.com\/es\/","name":"Inicio - SEEDS","isPartOf":{"@id":"https:\/\/seedsmakeathons.com\/es\/#website"},"datePublished":"2021-06-10T06:45:47+00:00","dateModified":"2023-01-05T12:59:01+00:00","description":"El Proyecto SEEDS es un proyecto cient\u00edfico para estilos de vida saludables de adolescentes para adolescentes.","breadcrumb":{"@id":"https:\/\/seedsmakeathons.com\/es\/#breadcrumb"},"inLanguage":"es","potentialAction":[{"@type":"ReadAction","target":["https:\/\/seedsmakeathons.com\/es\/"]}]},{"@type":"BreadcrumbList","@id":"https:\/\/seedsmakeathons.com\/es\/#breadcrumb","itemListElement":[{"@type":"ListItem","position":1,"name":"Home","item":"https:\/\/seedsmakeathons.com\/es\/"},{"@type":"ListItem","position":2,"name":"Inicio"}]}]}},"_links":{"self":[{"href":"https:\/\/seedsmakeathons.com\/es\/wp-json\/wp\/v2\/pages\/90"}],"collection":[{"href":"https:\/\/seedsmakeathons.com\/es\/wp-json\/wp\/v2\/pages"}],"about":[{"href":"https:\/\/seedsmakeathons.com\/es\/wp-json\/wp\/v2\/types\/page"}],"author":[{"embeddable":true,"href":"https:\/\/seedsmakeathons.com\/es\/wp-json\/wp\/v2\/users\/1"}],"replies":[{"embeddable":true,"href":"https:\/\/seedsmakeathons.com\/es\/wp-json\/wp\/v2\/comments?post=90"}],"version-history":[{"count":0,"href":"https:\/\/seedsmakeathons.com\/es\/wp-json\/wp\/v2\/pages\/90\/revisions"}],"wp:attachment":[{"href":"https:\/\/seedsmakeathons.com\/es\/wp-json\/wp\/v2\/media?parent=90"}],"curies":[{"name":"wp","href":"https:\/\/api.w.org\/{rel}","templated":true}]}}