{"id":80,"date":"2021-07-20T09:28:35","date_gmt":"2021-07-20T08:28:35","guid":{"rendered":"https:\/\/seedsmakeathons.com\/?page_id=80"},"modified":"2021-12-15T11:50:41","modified_gmt":"2021-12-15T11:50:41","slug":"focus-groups","status":"publish","type":"page","link":"https:\/\/seedsmakeathons.com\/es\/whats-seeds\/parts-of-the-project\/focus-groups\/","title":{"rendered":"1. Focus groups"},"content":{"rendered":"<p>Los grupos focales son el comienzo del proyecto SEEDS. El equipo de SEEDS ha estado escuchando a adolescentes en Grecia, Reino Unido, Espa\u00f1a y Pa\u00edses Bajos, que est\u00e1n compartiendo sus experiencias. Los problemas de los bocadillos y la falta de actividad f\u00edsica, as\u00ed como el hecho de que tienen que sentarse durante la mayor parte del d\u00eda, han sido temas importantes. Por lo tanto, estos temas se han incorporado a las preguntas que se abordar\u00e1n en los <a href=\"https:\/\/seedsmakeathons.com\/es\/whats-seeds\/parts-of-the-project\/makeathons\/\">Makeathons<\/a>.<\/p>\n<p><img loading=\"lazy\" class=\"alignnone size-medium wp-image-193\" src=\"https:\/\/seedsmakeathons.com\/es\/wp-content\/uploads\/2021\/11\/captura-1-300x256.png\" alt=\"\" width=\"300\" height=\"256\" srcset=\"https:\/\/seedsmakeathons.com\/es\/wp-content\/uploads\/2021\/11\/captura-1-300x256.png 300w, https:\/\/seedsmakeathons.com\/es\/wp-content\/uploads\/2021\/11\/captura-1.png 500w\" sizes=\"(max-width: 300px) 100vw, 300px\" \/><\/p>\n","protected":false},"excerpt":{"rendered":"<p>Los grupos focales son el comienzo del proyecto SEEDS. El equipo de SEEDS ha estado escuchando a adolescentes en Grecia, Reino Unido, Espa\u00f1a y Pa\u00edses Bajos, que est\u00e1n compartiendo sus experiencias. Los problemas de los bocadillos y la falta de actividad f\u00edsica, as\u00ed como el hecho de que tienen que sentarse durante la mayor parte [&hellip;]<\/p>\n","protected":false},"author":1,"featured_media":0,"parent":38,"menu_order":1,"comment_status":"closed","ping_status":"closed","template":"","meta":[],"yoast_head":"<!-- This site is optimized with the Yoast SEO plugin v16.7 - https:\/\/yoast.com\/wordpress\/plugins\/seo\/ -->\n<title>1. Focus groups - SEEDS<\/title>\n<meta name=\"description\" content=\"Los grupos focales son el comienzo del proyecto SEEDS.\" \/>\n<meta name=\"robots\" content=\"index, follow, max-snippet:-1, max-image-preview:large, max-video-preview:-1\" \/>\n<link rel=\"canonical\" href=\"https:\/\/seedsmakeathons.com\/es\/whats-seeds\/parts-of-the-project\/focus-groups\/\" \/>\n<meta property=\"og:locale\" content=\"es_ES\" \/>\n<meta property=\"og:type\" content=\"article\" \/>\n<meta property=\"og:title\" content=\"1. Focus groups - SEEDS\" \/>\n<meta property=\"og:description\" content=\"Los grupos focales son el comienzo del proyecto SEEDS.\" \/>\n<meta property=\"og:url\" content=\"https:\/\/seedsmakeathons.com\/es\/whats-seeds\/parts-of-the-project\/focus-groups\/\" \/>\n<meta property=\"og:site_name\" content=\"SEEDS\" \/>\n<meta property=\"article:modified_time\" content=\"2021-12-15T11:50:41+00:00\" \/>\n<meta property=\"og:image\" content=\"https:\/\/seedsmakeathons.com\/es\/wp-content\/uploads\/2021\/11\/captura-1-300x256.png\" \/>\n<meta name=\"twitter:card\" content=\"summary_large_image\" \/>\n<script type=\"application\/ld+json\" class=\"yoast-schema-graph\">{\"@context\":\"https:\/\/schema.org\",\"@graph\":[{\"@type\":\"WebSite\",\"@id\":\"https:\/\/seedsmakeathons.com\/es\/#website\",\"url\":\"https:\/\/seedsmakeathons.com\/es\/\",\"name\":\"SEEDS\",\"description\":\"\",\"potentialAction\":[{\"@type\":\"SearchAction\",\"target\":{\"@type\":\"EntryPoint\",\"urlTemplate\":\"https:\/\/seedsmakeathons.com\/es\/?s={search_term_string}\"},\"query-input\":\"required name=search_term_string\"}],\"inLanguage\":\"es\"},{\"@type\":\"ImageObject\",\"@id\":\"https:\/\/seedsmakeathons.com\/es\/whats-seeds\/parts-of-the-project\/focus-groups\/#primaryimage\",\"inLanguage\":\"es\",\"url\":\"https:\/\/seedsmakeathons.com\/es\/wp-content\/uploads\/2021\/11\/captura-1.png\",\"contentUrl\":\"https:\/\/seedsmakeathons.com\/es\/wp-content\/uploads\/2021\/11\/captura-1.png\",\"width\":500,\"height\":427},{\"@type\":\"WebPage\",\"@id\":\"https:\/\/seedsmakeathons.com\/es\/whats-seeds\/parts-of-the-project\/focus-groups\/#webpage\",\"url\":\"https:\/\/seedsmakeathons.com\/es\/whats-seeds\/parts-of-the-project\/focus-groups\/\",\"name\":\"1. Focus groups - SEEDS\",\"isPartOf\":{\"@id\":\"https:\/\/seedsmakeathons.com\/es\/#website\"},\"primaryImageOfPage\":{\"@id\":\"https:\/\/seedsmakeathons.com\/es\/whats-seeds\/parts-of-the-project\/focus-groups\/#primaryimage\"},\"datePublished\":\"2021-07-20T08:28:35+00:00\",\"dateModified\":\"2021-12-15T11:50:41+00:00\",\"description\":\"Los grupos focales son el comienzo del proyecto SEEDS.\",\"breadcrumb\":{\"@id\":\"https:\/\/seedsmakeathons.com\/es\/whats-seeds\/parts-of-the-project\/focus-groups\/#breadcrumb\"},\"inLanguage\":\"es\",\"potentialAction\":[{\"@type\":\"ReadAction\",\"target\":[\"https:\/\/seedsmakeathons.com\/es\/whats-seeds\/parts-of-the-project\/focus-groups\/\"]}]},{\"@type\":\"BreadcrumbList\",\"@id\":\"https:\/\/seedsmakeathons.com\/es\/whats-seeds\/parts-of-the-project\/focus-groups\/#breadcrumb\",\"itemListElement\":[{\"@type\":\"ListItem\",\"position\":1,\"name\":\"Home\",\"item\":\"https:\/\/seedsmakeathons.com\/es\/\"},{\"@type\":\"ListItem\",\"position\":2,\"name\":\"Qu\\u00e9 es SEEDS\",\"item\":\"https:\/\/seedsmakeathons.com\/es\/whats-seeds\/\"},{\"@type\":\"ListItem\",\"position\":3,\"name\":\"Partes del proyecto\",\"item\":\"https:\/\/seedsmakeathons.com\/es\/whats-seeds\/parts-of-the-project\/\"},{\"@type\":\"ListItem\",\"position\":4,\"name\":\"1. Focus groups\"}]}]}<\/script>\n<!-- \/ Yoast SEO plugin. -->","yoast_head_json":{"title":"1. Focus groups - SEEDS","description":"Los grupos focales son el comienzo del proyecto SEEDS.","robots":{"index":"index","follow":"follow","max-snippet":"max-snippet:-1","max-image-preview":"max-image-preview:large","max-video-preview":"max-video-preview:-1"},"canonical":"https:\/\/seedsmakeathons.com\/es\/whats-seeds\/parts-of-the-project\/focus-groups\/","og_locale":"es_ES","og_type":"article","og_title":"1. Focus groups - SEEDS","og_description":"Los grupos focales son el comienzo del proyecto SEEDS.","og_url":"https:\/\/seedsmakeathons.com\/es\/whats-seeds\/parts-of-the-project\/focus-groups\/","og_site_name":"SEEDS","article_modified_time":"2021-12-15T11:50:41+00:00","og_image":[{"url":"https:\/\/seedsmakeathons.com\/es\/wp-content\/uploads\/2021\/11\/captura-1-300x256.png"}],"twitter_card":"summary_large_image","schema":{"@context":"https:\/\/schema.org","@graph":[{"@type":"WebSite","@id":"https:\/\/seedsmakeathons.com\/es\/#website","url":"https:\/\/seedsmakeathons.com\/es\/","name":"SEEDS","description":"","potentialAction":[{"@type":"SearchAction","target":{"@type":"EntryPoint","urlTemplate":"https:\/\/seedsmakeathons.com\/es\/?s={search_term_string}"},"query-input":"required name=search_term_string"}],"inLanguage":"es"},{"@type":"ImageObject","@id":"https:\/\/seedsmakeathons.com\/es\/whats-seeds\/parts-of-the-project\/focus-groups\/#primaryimage","inLanguage":"es","url":"https:\/\/seedsmakeathons.com\/es\/wp-content\/uploads\/2021\/11\/captura-1.png","contentUrl":"https:\/\/seedsmakeathons.com\/es\/wp-content\/uploads\/2021\/11\/captura-1.png","width":500,"height":427},{"@type":"WebPage","@id":"https:\/\/seedsmakeathons.com\/es\/whats-seeds\/parts-of-the-project\/focus-groups\/#webpage","url":"https:\/\/seedsmakeathons.com\/es\/whats-seeds\/parts-of-the-project\/focus-groups\/","name":"1. Focus groups - SEEDS","isPartOf":{"@id":"https:\/\/seedsmakeathons.com\/es\/#website"},"primaryImageOfPage":{"@id":"https:\/\/seedsmakeathons.com\/es\/whats-seeds\/parts-of-the-project\/focus-groups\/#primaryimage"},"datePublished":"2021-07-20T08:28:35+00:00","dateModified":"2021-12-15T11:50:41+00:00","description":"Los grupos focales son el comienzo del proyecto SEEDS.","breadcrumb":{"@id":"https:\/\/seedsmakeathons.com\/es\/whats-seeds\/parts-of-the-project\/focus-groups\/#breadcrumb"},"inLanguage":"es","potentialAction":[{"@type":"ReadAction","target":["https:\/\/seedsmakeathons.com\/es\/whats-seeds\/parts-of-the-project\/focus-groups\/"]}]},{"@type":"BreadcrumbList","@id":"https:\/\/seedsmakeathons.com\/es\/whats-seeds\/parts-of-the-project\/focus-groups\/#breadcrumb","itemListElement":[{"@type":"ListItem","position":1,"name":"Home","item":"https:\/\/seedsmakeathons.com\/es\/"},{"@type":"ListItem","position":2,"name":"Qu\u00e9 es SEEDS","item":"https:\/\/seedsmakeathons.com\/es\/whats-seeds\/"},{"@type":"ListItem","position":3,"name":"Partes del proyecto","item":"https:\/\/seedsmakeathons.com\/es\/whats-seeds\/parts-of-the-project\/"},{"@type":"ListItem","position":4,"name":"1. Focus groups"}]}]}},"_links":{"self":[{"href":"https:\/\/seedsmakeathons.com\/es\/wp-json\/wp\/v2\/pages\/80"}],"collection":[{"href":"https:\/\/seedsmakeathons.com\/es\/wp-json\/wp\/v2\/pages"}],"about":[{"href":"https:\/\/seedsmakeathons.com\/es\/wp-json\/wp\/v2\/types\/page"}],"author":[{"embeddable":true,"href":"https:\/\/seedsmakeathons.com\/es\/wp-json\/wp\/v2\/users\/1"}],"replies":[{"embeddable":true,"href":"https:\/\/seedsmakeathons.com\/es\/wp-json\/wp\/v2\/comments?post=80"}],"version-history":[{"count":0,"href":"https:\/\/seedsmakeathons.com\/es\/wp-json\/wp\/v2\/pages\/80\/revisions"}],"up":[{"embeddable":true,"href":"https:\/\/seedsmakeathons.com\/es\/wp-json\/wp\/v2\/pages\/38"}],"wp:attachment":[{"href":"https:\/\/seedsmakeathons.com\/es\/wp-json\/wp\/v2\/media?parent=80"}],"curies":[{"name":"wp","href":"https:\/\/api.w.org\/{rel}","templated":true}]}}