{"id":70,"date":"2021-06-30T11:34:50","date_gmt":"2021-06-30T11:34:50","guid":{"rendered":"https:\/\/seedsmakeathons.com\/?page_id=70"},"modified":"2022-05-16T07:16:41","modified_gmt":"2022-05-16T06:16:41","slug":"privacy-policy","status":"publish","type":"page","link":"https:\/\/seedsmakeathons.com\/es\/privacy-policy\/","title":{"rendered":"Pol\u00edtica de Privacidad"},"content":{"rendered":"<p><strong>1. RESPONSABLE<\/strong><\/p>\n<ul>\n<li>Denominaci\u00f3n Social: FUNDACI\u00d3 INSTITUT D\u2019INVESTIGACI\u00d3 SANIT\u00c0RIA PERE VIRGILI, [en adelante IISPV]<\/li>\n<li>Nombre comercial: IISPV<\/li>\n<li>Domicilio social: c \/ Excorxador, s \/ n, 43003, Tarragona (Espa\u00f1a)<\/li>\n<li>NIF: G43814045<\/li>\n<li>N\u00ba registro: 2206<\/li>\n<li>Tel\u00e9fono: +34977297997<\/li>\n<li>correo electr\u00f3nico: <a href=\"mailto:dpd@iispv.cat\">dpd@iispv.cat<\/a><\/li>\n<li>P\u00e1gina web: <a href=\"https:\/\/seedsmakeathons.com\">https:\/\/seedsmakeathons.com<\/a><\/li>\n<\/ul>\n<p><strong>1.1. Regulaciones aplicables<\/strong><\/p>\n<p>Nuestra Pol\u00edtica de Privacidad ha sido dise\u00f1ada de acuerdo con el Reglamento General de Protecci\u00f3n de Datos de la UE 2016\/679 del Parlamento Europeo y del Consejo, de 27 de abril de 2016, relativo a la protecci\u00f3n de las personas f\u00edsicas en lo que respecta al tratamiento de datos personales y la libre circulaci\u00f3n. de estos datos y derogando la Directiva 95\/46\/CE (Reglamento General de Protecci\u00f3n de Datos), y en lo que no contradiga el citado Reglamento, seg\u00fan dispone el marco legislativo espa\u00f1ol en materia de Protecci\u00f3n de Datos de Car\u00e1cter Personal.<\/p>\n<p>Al facilitarnos tus datos, declaras haber le\u00eddo y comprendido esta Pol\u00edtica de Privacidad, dando tu consentimiento inequ\u00edvoco y expreso al tratamiento de tus datos personales de acuerdo con las finalidades y t\u00e9rminos aqu\u00ed expresados.<\/p>\n<p>La Entidad podr\u00e1 modificar esta Pol\u00edtica de Privacidad para adaptarla a las novedades legislativas, jurisprudenciales o de interpretaci\u00f3n de la Agencia Espa\u00f1ola de Protecci\u00f3n de Datos. Estas condiciones de privacidad pueden ser complementadas con el Aviso Legal, la Pol\u00edtica de Cookies y las Condiciones Generales que, en su caso, se recogen para determinados productos o servicios, si dicho acceso implica alguna especialidad en materia de protecci\u00f3n de datos personales.<\/p>\n<p><strong>1.2. Delegado de Protecci\u00f3n de Datos<\/strong><\/p>\n<p><a href=\"mailto:dpd@iispv.cat\">dpd@iispv.cat.<\/a><\/p>\n<p><strong>2. FINALIDAD DEL TRATAMIENTO DE DATOS PERSONALES<\/strong><\/p>\n<p>El tratamiento que realizamos de sus datos personales responde a las siguientes finalidades:<\/p>\n<p>Brindar informaci\u00f3n relacionada con los servicios ofrecidos por nuestra entidad y detallada en este sitio web.<br \/>\nEnviarle por correo electr\u00f3nico y\/o publicar noticias sobre nuestra entidad, as\u00ed como actualizaciones de nuestro cat\u00e1logo de productos y servicios.<\/p>\n<p><strong>2.1. Periodo de conservaci\u00f3n de sus datos<\/strong><\/p>\n<p>Conservaremos sus datos personales desde que de su consentimiento hasta que lo revoque o solicite la limitaci\u00f3n del tratamiento. En tales casos, mantendremos sus datos bloqueados durante los plazos legalmente exigidos.<\/p>\n<p><strong>3. LEGITIMACI\u00d3N Y DATOS RECOPILADOS<\/strong><\/p>\n<p>La legitimaci\u00f3n para el tratamiento de sus datos es el consentimiento expreso otorgado mediante acto positivo y afirmativo (rellena el formulario correspondiente y marca la casilla de aceptaci\u00f3n de esta pol\u00edtica) cuando nos facilitas sus datos personales.<\/p>\n<p><strong>3.1. Consentimiento para procesar sus datos<\/strong><\/p>\n<p>Al cumplimentar los formularios marque la casilla \u201cAcepto la Pol\u00edtica de Privacidad\u201d y haga clic en para enviar los datos, o al enviar correos electr\u00f3nicos a la Entidad a trav\u00e9s de las cuentas habilitadas a tal efecto, el Usuario declara haber le\u00eddo y aceptado expresamente esta pol\u00edtica de privacidad, y nos otorga su consentimiento inequ\u00edvoco y expreso para el tratamiento de sus datos personales de acuerdo con las finalidades indicadas.<\/p>\n<p><strong>3.2. Categor\u00edas de datos<\/strong><\/p>\n<p>Los datos recabados se refieren a la categor\u00eda de datos identificativos, tales como: Nombre y Apellidos, Tel\u00e9fono, Direcci\u00f3n Postal, Entidad, Correo electr\u00f3nico, as\u00ed como la direcci\u00f3n IP desde donde accede al formulario de recogida de datos.<\/p>\n<p><strong>4. MEDIDAS DE SEGURIDAD<\/strong><\/p>\n<p>Como parte de nuestro compromiso de garantizar la seguridad y confidencialidad de sus datos personales, le informamos que se han tomado las medidas t\u00e9cnicas y organizativas necesarias para garantizar la seguridad de los datos personales y evitar su alteraci\u00f3n, p\u00e9rdida, tratamiento o acceso no autorizado, teniendo teniendo en cuenta el estado de la tecnolog\u00eda, la naturaleza de los datos almacenados y los riesgos a los que est\u00e1n expuestos, de acuerdo con el art. 32 del RGPD EU 679\/2016.<\/p>\n<p><strong>5. ASIGNACI\u00d3N DE DATOS<\/strong><\/p>\n<p>No se realizan cesiones de datos ni transferencias internacionales de sus datos, salvo las autorizadas por la legislaci\u00f3n fiscal, comercial y de telecomunicaciones, as\u00ed como en aquellos casos en los que una autoridad judicial as\u00ed lo requiera.<\/p>\n<p><strong>6. DERECHOS DEL USUARIO<\/strong><\/p>\n<p>Cualquier interesado tiene derecho a obtener confirmaci\u00f3n sobre si estamos tratando datos personales que le conciernen, o no. Las personas interesadas tienen derecho a acceder a sus datos personales, as\u00ed como a solicitar la rectificaci\u00f3n de los datos inexactos o, en su caso, solicitar su supresi\u00f3n cuando, entre otros motivos, los datos ya no sean necesarios para los fines que fueron recogidos. En determinadas circunstancias, los interesados \u200b\u200bpodr\u00e1n solicitar la limitaci\u00f3n del tratamiento de sus datos, en cuyo caso \u00fanicamente los conservaremos para el ejercicio o la defensa de reclamaciones. Por motivos relacionados con su situaci\u00f3n particular, los interesados \u200b\u200bpodr\u00e1n oponerse al tratamiento de sus datos. El responsable del fichero dejar\u00e1 de tratar los datos, salvo por motivos leg\u00edtimos imperiosos, o el ejercicio o la defensa de posibles reclamaciones.<\/p>\n<p>De acuerdo con la legislaci\u00f3n vigente, tiene los siguientes derechos: derecho a solicitar el acceso a sus datos personales, derecho a solicitar su rectificaci\u00f3n o supresi\u00f3n, derecho a solicitar la limitaci\u00f3n de su tratamiento, derecho a oponerse al tratamiento, derecho a la portabilidad de los datos y as\u00ed mismo, para revocar el consentimiento otorgado.<\/p>\n<p><strong>6.1. \u00bfC\u00f3mo ejercer mis derechos?<\/strong><\/p>\n<p>Para ejercitar sus derechos deber\u00e1 ponerse en contacto con el responsable, solicitando el formulario correspondiente para el ejercicio del derecho elegido. Opcionalmente, puede acudir a la Autoridad de Control competente para obtener informaci\u00f3n adicional sobre sus derechos. Los datos de contacto para el ejercicio de sus derechos son el tel\u00e9fono +34 977 297997 y el correo electr\u00f3nico: <a href=\"mailto:dpd@iispv.cat\">dpd@iispv.cat<\/a>. Recuerde acompa\u00f1ar copia de un documento que nos permita identificarlo.<\/p>\n<p><strong>7. CONSENTIMIENTO PARA ENVIAR COMUNICACIONES ELECTR\u00d3NICAS<\/strong><\/p>\n<p>Asimismo, y de acuerdo con lo dispuesto en la Ley 34\/2002, de 11 de julio, de Servicios de la Sociedad de la Informaci\u00f3n y Comercio Electr\u00f3nico, cumplimentando el formulario de recogida de datos y marcando la casilla correspondiente \u201cAcepto el env\u00edo de comunicaciones electr\u00f3nicas\u201d, est\u00e1 concediendo el consentimiento expreso para remitir a su direcci\u00f3n de correo electr\u00f3nico, tel\u00e9fono, fax u otro medio electr\u00f3nico informaci\u00f3n sobre la Entidad.<\/p>\n","protected":false},"excerpt":{"rendered":"<p>1. RESPONSABLE Denominaci\u00f3n Social: FUNDACI\u00d3 INSTITUT D\u2019INVESTIGACI\u00d3 SANIT\u00c0RIA PERE VIRGILI, [en adelante IISPV] Nombre comercial: IISPV Domicilio social: c \/ Excorxador, s \/ n, 43003, Tarragona (Espa\u00f1a) NIF: G43814045 N\u00ba registro: 2206 Tel\u00e9fono: +34977297997 correo electr\u00f3nico: dpd@iispv.cat P\u00e1gina web: https:\/\/seedsmakeathons.com 1.1. Regulaciones aplicables Nuestra Pol\u00edtica de Privacidad ha sido dise\u00f1ada de acuerdo con el Reglamento [&hellip;]<\/p>\n","protected":false},"author":1,"featured_media":0,"parent":0,"menu_order":3,"comment_status":"closed","ping_status":"closed","template":"","meta":[],"yoast_head":"<!-- This site is optimized with the Yoast SEO plugin v16.7 - https:\/\/yoast.com\/wordpress\/plugins\/seo\/ -->\n<title>Pol\u00edtica de Privacidad - SEEDS<\/title>\n<meta name=\"robots\" content=\"index, follow, max-snippet:-1, max-image-preview:large, max-video-preview:-1\" \/>\n<link rel=\"canonical\" href=\"https:\/\/seedsmakeathons.com\/es\/privacy-policy\/\" \/>\n<meta property=\"og:locale\" content=\"es_ES\" \/>\n<meta property=\"og:type\" content=\"article\" \/>\n<meta property=\"og:title\" content=\"Pol\u00edtica de Privacidad - SEEDS\" \/>\n<meta property=\"og:description\" content=\"1. RESPONSABLE Denominaci\u00f3n Social: FUNDACI\u00d3 INSTITUT D\u2019INVESTIGACI\u00d3 SANIT\u00c0RIA PERE VIRGILI, [en adelante IISPV] Nombre comercial: IISPV Domicilio social: c \/ Excorxador, s \/ n, 43003, Tarragona (Espa\u00f1a) NIF: G43814045 N\u00ba registro: 2206 Tel\u00e9fono: +34977297997 correo electr\u00f3nico: dpd@iispv.cat P\u00e1gina web: https:\/\/seedsmakeathons.com 1.1. Regulaciones aplicables Nuestra Pol\u00edtica de Privacidad ha sido dise\u00f1ada de acuerdo con el Reglamento [&hellip;]\" \/>\n<meta property=\"og:url\" content=\"https:\/\/seedsmakeathons.com\/es\/privacy-policy\/\" \/>\n<meta property=\"og:site_name\" content=\"SEEDS\" \/>\n<meta property=\"article:modified_time\" content=\"2022-05-16T06:16:41+00:00\" \/>\n<meta name=\"twitter:card\" content=\"summary_large_image\" \/>\n<script type=\"application\/ld+json\" class=\"yoast-schema-graph\">{\"@context\":\"https:\/\/schema.org\",\"@graph\":[{\"@type\":\"WebSite\",\"@id\":\"https:\/\/seedsmakeathons.com\/es\/#website\",\"url\":\"https:\/\/seedsmakeathons.com\/es\/\",\"name\":\"SEEDS\",\"description\":\"\",\"potentialAction\":[{\"@type\":\"SearchAction\",\"target\":{\"@type\":\"EntryPoint\",\"urlTemplate\":\"https:\/\/seedsmakeathons.com\/es\/?s={search_term_string}\"},\"query-input\":\"required name=search_term_string\"}],\"inLanguage\":\"es\"},{\"@type\":\"WebPage\",\"@id\":\"https:\/\/seedsmakeathons.com\/es\/privacy-policy\/#webpage\",\"url\":\"https:\/\/seedsmakeathons.com\/es\/privacy-policy\/\",\"name\":\"Pol\\u00edtica de Privacidad - SEEDS\",\"isPartOf\":{\"@id\":\"https:\/\/seedsmakeathons.com\/es\/#website\"},\"datePublished\":\"2021-06-30T11:34:50+00:00\",\"dateModified\":\"2022-05-16T06:16:41+00:00\",\"breadcrumb\":{\"@id\":\"https:\/\/seedsmakeathons.com\/es\/privacy-policy\/#breadcrumb\"},\"inLanguage\":\"es\",\"potentialAction\":[{\"@type\":\"ReadAction\",\"target\":[\"https:\/\/seedsmakeathons.com\/es\/privacy-policy\/\"]}]},{\"@type\":\"BreadcrumbList\",\"@id\":\"https:\/\/seedsmakeathons.com\/es\/privacy-policy\/#breadcrumb\",\"itemListElement\":[{\"@type\":\"ListItem\",\"position\":1,\"name\":\"Home\",\"item\":\"https:\/\/seedsmakeathons.com\/es\/\"},{\"@type\":\"ListItem\",\"position\":2,\"name\":\"Pol\\u00edtica de Privacidad\"}]}]}<\/script>\n<!-- \/ Yoast SEO plugin. -->","yoast_head_json":{"title":"Pol\u00edtica de Privacidad - SEEDS","robots":{"index":"index","follow":"follow","max-snippet":"max-snippet:-1","max-image-preview":"max-image-preview:large","max-video-preview":"max-video-preview:-1"},"canonical":"https:\/\/seedsmakeathons.com\/es\/privacy-policy\/","og_locale":"es_ES","og_type":"article","og_title":"Pol\u00edtica de Privacidad - SEEDS","og_description":"1. RESPONSABLE Denominaci\u00f3n Social: FUNDACI\u00d3 INSTITUT D\u2019INVESTIGACI\u00d3 SANIT\u00c0RIA PERE VIRGILI, [en adelante IISPV] Nombre comercial: IISPV Domicilio social: c \/ Excorxador, s \/ n, 43003, Tarragona (Espa\u00f1a) NIF: G43814045 N\u00ba registro: 2206 Tel\u00e9fono: +34977297997 correo electr\u00f3nico: dpd@iispv.cat P\u00e1gina web: https:\/\/seedsmakeathons.com 1.1. Regulaciones aplicables Nuestra Pol\u00edtica de Privacidad ha sido dise\u00f1ada de acuerdo con el Reglamento [&hellip;]","og_url":"https:\/\/seedsmakeathons.com\/es\/privacy-policy\/","og_site_name":"SEEDS","article_modified_time":"2022-05-16T06:16:41+00:00","twitter_card":"summary_large_image","schema":{"@context":"https:\/\/schema.org","@graph":[{"@type":"WebSite","@id":"https:\/\/seedsmakeathons.com\/es\/#website","url":"https:\/\/seedsmakeathons.com\/es\/","name":"SEEDS","description":"","potentialAction":[{"@type":"SearchAction","target":{"@type":"EntryPoint","urlTemplate":"https:\/\/seedsmakeathons.com\/es\/?s={search_term_string}"},"query-input":"required name=search_term_string"}],"inLanguage":"es"},{"@type":"WebPage","@id":"https:\/\/seedsmakeathons.com\/es\/privacy-policy\/#webpage","url":"https:\/\/seedsmakeathons.com\/es\/privacy-policy\/","name":"Pol\u00edtica de Privacidad - SEEDS","isPartOf":{"@id":"https:\/\/seedsmakeathons.com\/es\/#website"},"datePublished":"2021-06-30T11:34:50+00:00","dateModified":"2022-05-16T06:16:41+00:00","breadcrumb":{"@id":"https:\/\/seedsmakeathons.com\/es\/privacy-policy\/#breadcrumb"},"inLanguage":"es","potentialAction":[{"@type":"ReadAction","target":["https:\/\/seedsmakeathons.com\/es\/privacy-policy\/"]}]},{"@type":"BreadcrumbList","@id":"https:\/\/seedsmakeathons.com\/es\/privacy-policy\/#breadcrumb","itemListElement":[{"@type":"ListItem","position":1,"name":"Home","item":"https:\/\/seedsmakeathons.com\/es\/"},{"@type":"ListItem","position":2,"name":"Pol\u00edtica de Privacidad"}]}]}},"_links":{"self":[{"href":"https:\/\/seedsmakeathons.com\/es\/wp-json\/wp\/v2\/pages\/70"}],"collection":[{"href":"https:\/\/seedsmakeathons.com\/es\/wp-json\/wp\/v2\/pages"}],"about":[{"href":"https:\/\/seedsmakeathons.com\/es\/wp-json\/wp\/v2\/types\/page"}],"author":[{"embeddable":true,"href":"https:\/\/seedsmakeathons.com\/es\/wp-json\/wp\/v2\/users\/1"}],"replies":[{"embeddable":true,"href":"https:\/\/seedsmakeathons.com\/es\/wp-json\/wp\/v2\/comments?post=70"}],"version-history":[{"count":0,"href":"https:\/\/seedsmakeathons.com\/es\/wp-json\/wp\/v2\/pages\/70\/revisions"}],"wp:attachment":[{"href":"https:\/\/seedsmakeathons.com\/es\/wp-json\/wp\/v2\/media?parent=70"}],"curies":[{"name":"wp","href":"https:\/\/api.w.org\/{rel}","templated":true}]}}