{"id":69,"date":"2021-06-30T11:33:47","date_gmt":"2021-06-30T11:33:47","guid":{"rendered":"https:\/\/seedsmakeathons.com\/?page_id=69"},"modified":"2021-11-11T13:25:12","modified_gmt":"2021-11-11T13:25:12","slug":"cookies-policy","status":"publish","type":"page","link":"https:\/\/seedsmakeathons.com\/es\/cookies-policy\/","title":{"rendered":"Pol\u00edtica de cookies"},"content":{"rendered":"<h3>INFORMACI\u00d3N DE COOKIES<\/h3>\n<p>Debido a la entrada en vigor de la citada modificaci\u00f3n de la \u201cLey de Servicios de la Sociedad de la Informaci\u00f3n (LSSICE)\u201d establecida por el Real Decreto 13\/2012, es de obligado cumplimiento obtener el consentimiento expreso del usuario de todas las p\u00e1ginas web que utilice cookies prescindibles, antes de que el usuario las navegue.<\/p>\n<h3>\u00bfQU\u00c9 SON LAS COOKIES?<\/h3>\n<p>Las cookies y otras tecnolog\u00edas similares, como los objetos compartidos locales, las cookies flash o los p\u00edxeles, son herramientas que utilizan los servidores web para almacenar y recuperar informaci\u00f3n sobre sus visitantes, as\u00ed como para ofrecer un funcionamiento adecuado del sitio.<\/p>\n<p>Mediante el uso de estos dispositivos se permite que el servidor Web recuerde algunos datos concernientes al usuario, como sus preferencias para mostrar las p\u00e1ginas de ese servidor, nombre y contrase\u00f1a, productos que m\u00e1s le interesan, etc.<\/p>\n<h3>COOKIES AFECTADAS POR EL REGLAMENTO Y COOKIES ESPERADAS<\/h3>\n<p>Seg\u00fan la directiva de la UE, las cookies que requieren el consentimiento informado del usuario son las cookies anal\u00edticas y las cookies publicitarias y de afiliaci\u00f3n, a excepci\u00f3n de las de car\u00e1cter t\u00e9cnico y las necesarias para el funcionamiento del sitio web o la prestaci\u00f3n de servicios. solicitado expresamente por el usuario.<\/p>\n<h4>\u00bfQU\u00c9 TIPOS DE COOKIES EXISTEN?<\/h4>\n<p>En cuanto a los tipos de cookies, existen cinco grandes grupos:<\/p>\n<ul>\n<li>Cookies anal\u00edticas: recogen informaci\u00f3n sobre el uso que se hace del sitio web.<\/li>\n<li>Cookies sociales: son aquellas necesarias para redes sociales externas.<\/li>\n<li>Cookies de afiliados: permiten realizar un seguimiento de las visitas de otros sitios web, con los que el sitio web establece un contrato de afiliaci\u00f3n (empresas afiliadas).<\/li>\n<li>Cookies publicitarias y de comportamiento: recogen informaci\u00f3n sobre las preferencias y elecciones personales del usuario (retargeting).<\/li>\n<li>Cookies t\u00e9cnicas y funcionales: son las estrictamente necesarias para el uso del sitio web y para la prestaci\u00f3n del servicio contratado.<\/li>\n<\/ul>\n<h3>COOKIES QUE SE UTILIZAN EN ESTE SITIO WEB<\/h3>\n<p>PHPSESSID: cookie t\u00e9cnica y estrictamente necesaria que contiene el identificador de sesi\u00f3n. Se elimina al cerrar el navegador.<\/p>\n<ul>\n<li>_lang: cookie t\u00e9cnica y estrictamente necesaria que contiene el idioma de la sesi\u00f3n. Se quita cerrando el<br \/>\nnavegador.<\/li>\n<li>ac_cookies: Cookie t\u00e9cnica y estrictamente necesaria que contiene el valor de si se ha aceptado la instalaci\u00f3n de cookies. Caduca en un a\u00f1o desde la \u00faltima actualizaci\u00f3n.<\/li>\n<li>_utma: Cookie de Google Analytics que registra la fecha de la primera y \u00faltima vez que el usuario visit\u00f3 el sitio web. Caduca a los 2 a\u00f1os desde la \u00faltima actualizaci\u00f3n.<\/li>\n<li>_utmb: Cookie de Google Analytics que registra la hora de llegada al sitio web. Caduca 30 minutos despu\u00e9s de la \u00faltima actualizaci\u00f3n.<\/li>\n<li>_utmc: Cookie de Google Analytics utilizada para la interoperabilidad con el c\u00f3digo de seguimiento urchin.js. Se elimina al cerrar el navegador.<\/li>\n<li>_utmt: Cookie de Google Analytics. Esta cookie se utiliza para procesar el tipo de solicitud solicitada por el usuario. Caduca al final de la sesi\u00f3n.<\/li>\n<li>_utmv: Cookie de Google Analytics. Esta cookie se utiliza para segmentar datos demogr\u00e1ficos. Caduca al final de la sesi\u00f3n.<\/li>\n<li>_utmz: Cookie de Google Analytics que almacena la fuente de tr\u00e1fico o una campa\u00f1a para explicar c\u00f3mo lleg\u00f3 el usuario al sitio web. Caduca 6 meses despu\u00e9s de la \u00faltima actualizaci\u00f3n.<\/li>\n<\/ul>\n<h3>REVOCACI\u00d3N DEL CONSENTIMIENTO PARA INSTALAR COOKIES<\/h3>\n<h4>C\u00d3MO ELIMINAR LAS COOKIES DEL NAVEGADOR<\/h4>\n<p>Chrome<\/p>\n<ol>\n<li>Seleccione el icono de herramientas<\/li>\n<li>Haga clic en Configuraci\u00f3n.<\/li>\n<li>Haga clic en Mostrar opciones avanzadas.<\/li>\n<li>En la secci\u00f3n \u00abPrivacidad\u00bb, haga clic en Configuraci\u00f3n de contenido.<br \/>\n\u2022 Eliminar cookies: haga clic en Todas las cookies y los datos del sitio.<br \/>\n\u2022 No permita que se almacenen cookies.<\/li>\n<li>Haga clic en Eliminar datos de navegaci\u00f3n (vaciar la cach\u00e9).<\/li>\n<li>Cierre y reinicie el navegador.<\/li>\n<\/ol>\n<p>Para obtener m\u00e1s informaci\u00f3n sobre Chrome, haga clic aqu\u00ed: <a href=\"http:\/\/support.google.com\/chrome\/answer\/95647?hl=es\">http:\/\/support.google.com\/chrome\/answer\/95647?hl=es<\/a><\/p>\n<p>Explorador de Internet. Versi\u00f3n 11<\/p>\n<ol>\n<li>Seleccione Herramientas | Opciones de Internet.<\/li>\n<li>Haga clic en la pesta\u00f1a General.<\/li>\n<li>En la secci\u00f3n \u00abHistorial de exploraci\u00f3n\u00bb, haga clic en Eliminar el historial de exploraci\u00f3n al salir.<\/li>\n<li>Seleccione Eliminar archivos.<\/li>\n<li>Seleccione Eliminar cookies.<\/li>\n<li>Haga clic en Eliminar.<\/li>\n<li>Haga clic en Aceptar.<\/li>\n<li>Cierre y reinicie el navegador.<\/li>\n<\/ol>\n<p>Para obtener m\u00e1s informaci\u00f3n sobre Internet Explorer, haga clic aqu\u00ed: <a href=\"https:\/\/support.microsoft.com\/es-es\/kb\/278835\">https:\/\/support.microsoft.com\/es-es\/kb\/278835<\/a><\/p>\n<p>Firefox. Versi\u00f3n 18<\/p>\n<ol>\n<li>Seleccione Firefox | Historia | Limpiar el historial reciente.<\/li>\n<li>Junto a \u00abDetalles\u00bb, haz clic en la flecha hacia abajo.<\/li>\n<li>Seleccione las siguientes casillas de verificaci\u00f3n: Cookies, Cach\u00e9, Inicios de sesi\u00f3n activos.<\/li>\n<li>Utilizando el \u00abIntervalo de tiempo para borrar\u00bb del men\u00fa desplegable, seleccione Todo.<\/li>\n<li>Haga clic en Eliminar ahora.<\/li>\n<li>Cierre y reinicie el navegador.<\/li>\n<\/ol>\n<p>Puede aceptar o rechazar cookies individuales.<\/p>\n<p>&nbsp;<\/p>\n","protected":false},"excerpt":{"rendered":"<p>INFORMACI\u00d3N DE COOKIES Debido a la entrada en vigor de la citada modificaci\u00f3n de la \u201cLey de Servicios de la Sociedad de la Informaci\u00f3n (LSSICE)\u201d establecida por el Real Decreto 13\/2012, es de obligado cumplimiento obtener el consentimiento expreso del usuario de todas las p\u00e1ginas web que utilice cookies prescindibles, antes de que el usuario [&hellip;]<\/p>\n","protected":false},"author":1,"featured_media":0,"parent":0,"menu_order":5,"comment_status":"closed","ping_status":"closed","template":"","meta":[],"yoast_head":"<!-- This site is optimized with the Yoast SEO plugin v16.7 - https:\/\/yoast.com\/wordpress\/plugins\/seo\/ -->\n<title>Pol\u00edtica de cookies - SEEDS<\/title>\n<meta name=\"robots\" content=\"index, follow, max-snippet:-1, max-image-preview:large, max-video-preview:-1\" \/>\n<link rel=\"canonical\" href=\"https:\/\/seedsmakeathons.com\/es\/cookies-policy\/\" \/>\n<meta property=\"og:locale\" content=\"es_ES\" \/>\n<meta property=\"og:type\" content=\"article\" \/>\n<meta property=\"og:title\" content=\"Pol\u00edtica de cookies - SEEDS\" \/>\n<meta property=\"og:description\" content=\"INFORMACI\u00d3N DE COOKIES Debido a la entrada en vigor de la citada modificaci\u00f3n de la \u201cLey de Servicios de la Sociedad de la Informaci\u00f3n (LSSICE)\u201d establecida por el Real Decreto 13\/2012, es de obligado cumplimiento obtener el consentimiento expreso del usuario de todas las p\u00e1ginas web que utilice cookies prescindibles, antes de que el usuario [&hellip;]\" \/>\n<meta property=\"og:url\" content=\"https:\/\/seedsmakeathons.com\/es\/cookies-policy\/\" \/>\n<meta property=\"og:site_name\" content=\"SEEDS\" \/>\n<meta property=\"article:modified_time\" content=\"2021-11-11T13:25:12+00:00\" \/>\n<meta name=\"twitter:card\" content=\"summary_large_image\" \/>\n<script type=\"application\/ld+json\" class=\"yoast-schema-graph\">{\"@context\":\"https:\/\/schema.org\",\"@graph\":[{\"@type\":\"WebSite\",\"@id\":\"https:\/\/seedsmakeathons.com\/es\/#website\",\"url\":\"https:\/\/seedsmakeathons.com\/es\/\",\"name\":\"SEEDS\",\"description\":\"\",\"potentialAction\":[{\"@type\":\"SearchAction\",\"target\":{\"@type\":\"EntryPoint\",\"urlTemplate\":\"https:\/\/seedsmakeathons.com\/es\/?s={search_term_string}\"},\"query-input\":\"required name=search_term_string\"}],\"inLanguage\":\"es\"},{\"@type\":\"WebPage\",\"@id\":\"https:\/\/seedsmakeathons.com\/es\/cookies-policy\/#webpage\",\"url\":\"https:\/\/seedsmakeathons.com\/es\/cookies-policy\/\",\"name\":\"Pol\\u00edtica de cookies - SEEDS\",\"isPartOf\":{\"@id\":\"https:\/\/seedsmakeathons.com\/es\/#website\"},\"datePublished\":\"2021-06-30T11:33:47+00:00\",\"dateModified\":\"2021-11-11T13:25:12+00:00\",\"breadcrumb\":{\"@id\":\"https:\/\/seedsmakeathons.com\/es\/cookies-policy\/#breadcrumb\"},\"inLanguage\":\"es\",\"potentialAction\":[{\"@type\":\"ReadAction\",\"target\":[\"https:\/\/seedsmakeathons.com\/es\/cookies-policy\/\"]}]},{\"@type\":\"BreadcrumbList\",\"@id\":\"https:\/\/seedsmakeathons.com\/es\/cookies-policy\/#breadcrumb\",\"itemListElement\":[{\"@type\":\"ListItem\",\"position\":1,\"name\":\"Home\",\"item\":\"https:\/\/seedsmakeathons.com\/es\/\"},{\"@type\":\"ListItem\",\"position\":2,\"name\":\"Pol\\u00edtica de cookies\"}]}]}<\/script>\n<!-- \/ Yoast SEO plugin. -->","yoast_head_json":{"title":"Pol\u00edtica de cookies - SEEDS","robots":{"index":"index","follow":"follow","max-snippet":"max-snippet:-1","max-image-preview":"max-image-preview:large","max-video-preview":"max-video-preview:-1"},"canonical":"https:\/\/seedsmakeathons.com\/es\/cookies-policy\/","og_locale":"es_ES","og_type":"article","og_title":"Pol\u00edtica de cookies - SEEDS","og_description":"INFORMACI\u00d3N DE COOKIES Debido a la entrada en vigor de la citada modificaci\u00f3n de la \u201cLey de Servicios de la Sociedad de la Informaci\u00f3n (LSSICE)\u201d establecida por el Real Decreto 13\/2012, es de obligado cumplimiento obtener el consentimiento expreso del usuario de todas las p\u00e1ginas web que utilice cookies prescindibles, antes de que el usuario [&hellip;]","og_url":"https:\/\/seedsmakeathons.com\/es\/cookies-policy\/","og_site_name":"SEEDS","article_modified_time":"2021-11-11T13:25:12+00:00","twitter_card":"summary_large_image","schema":{"@context":"https:\/\/schema.org","@graph":[{"@type":"WebSite","@id":"https:\/\/seedsmakeathons.com\/es\/#website","url":"https:\/\/seedsmakeathons.com\/es\/","name":"SEEDS","description":"","potentialAction":[{"@type":"SearchAction","target":{"@type":"EntryPoint","urlTemplate":"https:\/\/seedsmakeathons.com\/es\/?s={search_term_string}"},"query-input":"required name=search_term_string"}],"inLanguage":"es"},{"@type":"WebPage","@id":"https:\/\/seedsmakeathons.com\/es\/cookies-policy\/#webpage","url":"https:\/\/seedsmakeathons.com\/es\/cookies-policy\/","name":"Pol\u00edtica de cookies - SEEDS","isPartOf":{"@id":"https:\/\/seedsmakeathons.com\/es\/#website"},"datePublished":"2021-06-30T11:33:47+00:00","dateModified":"2021-11-11T13:25:12+00:00","breadcrumb":{"@id":"https:\/\/seedsmakeathons.com\/es\/cookies-policy\/#breadcrumb"},"inLanguage":"es","potentialAction":[{"@type":"ReadAction","target":["https:\/\/seedsmakeathons.com\/es\/cookies-policy\/"]}]},{"@type":"BreadcrumbList","@id":"https:\/\/seedsmakeathons.com\/es\/cookies-policy\/#breadcrumb","itemListElement":[{"@type":"ListItem","position":1,"name":"Home","item":"https:\/\/seedsmakeathons.com\/es\/"},{"@type":"ListItem","position":2,"name":"Pol\u00edtica de cookies"}]}]}},"_links":{"self":[{"href":"https:\/\/seedsmakeathons.com\/es\/wp-json\/wp\/v2\/pages\/69"}],"collection":[{"href":"https:\/\/seedsmakeathons.com\/es\/wp-json\/wp\/v2\/pages"}],"about":[{"href":"https:\/\/seedsmakeathons.com\/es\/wp-json\/wp\/v2\/types\/page"}],"author":[{"embeddable":true,"href":"https:\/\/seedsmakeathons.com\/es\/wp-json\/wp\/v2\/users\/1"}],"replies":[{"embeddable":true,"href":"https:\/\/seedsmakeathons.com\/es\/wp-json\/wp\/v2\/comments?post=69"}],"version-history":[{"count":0,"href":"https:\/\/seedsmakeathons.com\/es\/wp-json\/wp\/v2\/pages\/69\/revisions"}],"wp:attachment":[{"href":"https:\/\/seedsmakeathons.com\/es\/wp-json\/wp\/v2\/media?parent=69"}],"curies":[{"name":"wp","href":"https:\/\/api.w.org\/{rel}","templated":true}]}}