{"id":55,"date":"2021-06-21T22:22:48","date_gmt":"2021-06-21T22:22:48","guid":{"rendered":"https:\/\/seedsmakeathons.com\/?page_id=55"},"modified":"2022-05-16T07:17:12","modified_gmt":"2022-05-16T06:17:12","slug":"legal-advice","status":"publish","type":"page","link":"https:\/\/seedsmakeathons.com\/es\/legal-advice\/","title":{"rendered":"Aviso Legal"},"content":{"rendered":"<p>Para dar cumplimiento al art\u00edculo 10 de la Ley 34\/2002 de Servicios de la Sociedad de la Informaci\u00f3n y Comercio Electr\u00f3nico, informamos al usuario de nuestros datos:<\/p>\n<ul>\n<li>Denominaci\u00f3n Social: FUNDACI\u00d3 INSTITUT D\u2019INVESTIGACI\u00d3 SANIT\u00c0RIA PERE VIRGILI, [en adelante IISPV]<\/li>\n<li>Nombre comercial: IISPV<\/li>\n<li>Domicilio social: c \/ Excorxador s \/ n, 43003, Tarragona (Espa\u00f1a)<\/li>\n<li>NIF: G43814045<\/li>\n<li>N\u00ba registro: 2206<\/li>\n<li>Tel\u00e9fono: +34977297997<\/li>\n<li>correo electr\u00f3nico: <a href=\"mailto:dpd@iispv.cat\">dpd@iispv.cat<\/a><\/li>\n<li>P\u00e1gina web: <a href=\"https:\/\/seedsmakeathons.com\">https:\/\/seedsmakeathons.com<\/a><\/li>\n<\/ul>\n<p><strong>Objeto<\/strong><\/p>\n<p>El prestador, responsable del sitio web, pone a disposici\u00f3n de los usuarios este documento con el que pretende dar cumplimiento a las obligaciones previstas en la Ley 34\/2002, de Servicios de la Sociedad de la Informaci\u00f3n y Comercio Electr\u00f3nico (LSSI-CE), as\u00ed como informar todos los usuarios del sitio web sobre las condiciones de uso del sitio web.<\/p>\n<p>Toda persona que acceda a este sitio web asume el rol de usuario, comprometi\u00e9ndose a la observancia y estricto cumplimiento de las disposiciones aqu\u00ed dispuestas, as\u00ed como a cualquier otra disposici\u00f3n legal que sea de aplicaci\u00f3n.<\/p>\n<p>El prestador se reserva el derecho a modificar cualquier tipo de informaci\u00f3n que pudiera aparecer en el sitio web, sin que exista obligaci\u00f3n de preavisar o poner en conocimiento de los usuarios dichas obligaciones, entendi\u00e9ndose como suficiente con la publicaci\u00f3n en el sitio web del prestador.<\/p>\n<p><strong>Responsabilidad<\/strong><\/p>\n<p>El prestador se exime de cualquier responsabilidad derivada de la informaci\u00f3n publicada en su sitio web, siempre que esta informaci\u00f3n haya sido manipulada o introducida por un tercero.<\/p>\n<p>El sitio web del prestador puede utilizar cookies (peque\u00f1os archivos de informaci\u00f3n que el servidor env\u00eda al ordenador de quien accede a la p\u00e1gina) para llevar a cabo determinadas funciones que son consideradas imprescindibles para el correcto funcionamiento y visualizaci\u00f3n del sitio. Las cookies utilizadas en el sitio web tienen, en todo caso, car\u00e1cter temporal con la \u00fanica finalidad de hacer m\u00e1s eficaz su transmisi\u00f3n ulterior y desaparecen cuando finaliza la sesi\u00f3n del usuario. En ning\u00fan caso se utilizar\u00e1n cookies para recopilar informaci\u00f3n personal.<\/p>\n<p>Desde el sitio web del cliente se puede redirigir a sitios web de terceros. Dado que el prestador no puede controlar siempre los contenidos introducidos por los terceros en sus sitios web, no asume responsabilidad alguna por dichos contenidos. En todo caso, el prestador manifiesta que proceder\u00e1 a la retirada inmediata de cualquier contenido que pueda contravenir la legislaci\u00f3n nacional o internacional, la moral o el orden p\u00fablico, procediendo a la retirada inmediata de la redirecci\u00f3n a dicho sitio web, informando a las autoridades competentes sobre el contenido. en cuesti\u00f3n.<\/p>\n<p>El prestador no se hace responsable de la informaci\u00f3n y contenidos almacenados, a t\u00edtulo enunciativo pero no limitativo, en foros, chats, generadores de blogs, comentarios, redes sociales o cualquier otro medio que permita a terceros publicar contenidos de forma independiente en el sitio web del prestador. . No obstante, y en cumplimiento de lo dispuesto en el art. 11 y 16 de la LSSI-CE, el prestador se pone a disposici\u00f3n de todos los usuarios, autoridades y fuerzas de seguridad, y colaborando activamente en la retirada o bloqueo de cualquier contenido que pudiera afectar o contravenir la legislaci\u00f3n nacional, o internacional, derechos de terceros o moralidad y orden p\u00fablico. En el caso de que el usuario considere que existe alg\u00fan contenido en el sitio web que pudiera ser susceptible de esta clasificaci\u00f3n, por favor, notifique al administrador del sitio web de inmediato.<\/p>\n<p>Este sitio web ha sido revisado y probado para que funcione correctamente. En principio, se puede garantizar el correcto funcionamiento los 365 d\u00edas del a\u00f1o, las 24 horas del d\u00eda. No obstante, el prestador no descarta la posibilidad de que se produzcan determinados errores de programaci\u00f3n, o causas de fuerza mayor, cat\u00e1strofes naturales, huelgas o circunstancias similares que hagan imposible el acceso al sitio web.<\/p>\n<p><strong>Propiedad intelectual e industrial<\/strong><\/p>\n<p>El sitio web, incluyendo a t\u00edtulo enunciativo pero no limitativo su programaci\u00f3n, edici\u00f3n, compilaci\u00f3n y dem\u00e1s elementos necesarios para su funcionamiento, los dise\u00f1os, logotipos, texto y\/o gr\u00e1ficos son propiedad del prestador o, en su caso, dispone de licencia o autorizaci\u00f3n expresa por parte de los autores. Todos los contenidos del sitio web se encuentran debidamente protegidos por la normativa de propiedad intelectual e industrial, as\u00ed como inscritos en los registros p\u00fablicos correspondientes.<\/p>\n<p>Independientemente de la finalidad para la que fueron destinados, la reproducci\u00f3n, uso, explotaci\u00f3n, distribuci\u00f3n y comercializaci\u00f3n total o parcial, requiere en todo caso de la autorizaci\u00f3n previa y por escrito del prestador. Cualquier uso no autorizado previamente por el prestador ser\u00e1 considerado un incumplimiento grave de los derechos de propiedad intelectual o industrial del autor.<\/p>\n<p>Los dise\u00f1os, logotipos, texto y\/o gr\u00e1ficos ajenos al prestador y que pudieran aparecer en el sitio web pertenecen a sus respectivos propietarios, siendo ellos mismos responsables de cualquier posible controversia que pudiera suscitarse respecto a los mismos. En todo caso, el prestador dispone de su autorizaci\u00f3n expresa y previa.<\/p>\n<p>El prestador NO AUTORIZA expresamente a que terceros puedan redirigir directamente a los contenidos concretos del sitio web, en todo caso redirigiendo al sitio web principal del prestador.<\/p>\n<p>El prestador reconoce los derechos de propiedad industrial e intelectual a favor de sus titulares, no implicando su sola menci\u00f3n o aparici\u00f3n en el sitio web la existencia de derechos o responsabilidad alguna del prestador sobre los mismos, ni respaldo, patrocinio o recomendaci\u00f3n por parte de los mismos.<\/p>\n<p>Para realizar cualquier tipo de observaci\u00f3n respecto a posibles incumplimientos de los derechos de propiedad intelectual o industrial, as\u00ed como sobre cualquiera de los contenidos del sitio web, puede hacerlo a trav\u00e9s del siguiente correo electr\u00f3nico: <a href=\"mailto:dpd@iispv.cat\">dpd@iispv.cat<\/a>.<\/p>\n<p><strong>Veracidad de la informaci\u00f3n<\/strong><\/p>\n<p>Toda la informaci\u00f3n facilitada por el Usuario debe ser veraz. A estos efectos, el Usuario garantiza la autenticidad de los datos que comunique a trav\u00e9s de los formularios de suscripci\u00f3n de los Servicios. Ser\u00e1 responsabilidad del Usuario mantener permanentemente actualizada toda la informaci\u00f3n facilitada al IISPV para que responda, en cada momento, a su situaci\u00f3n real. En todo caso, el Usuario ser\u00e1 el \u00fanico responsable de las manifestaciones falsas o inexactas que realice y de los perjuicios que cause al prestador oa terceros.<\/p>\n<p><strong>Menores<\/strong><\/p>\n<p>Para el uso de los servicios, los menores siempre deben contar con el consentimiento de sus padres, tutores o representantes legales, quienes son los responsables \u00faltimos de todos los actos realizados por los menores a su cargo. La responsabilidad en la determinaci\u00f3n de los contenidos espec\u00edficos a los que acceden los menores corresponde a aqu\u00e9llos, es por ello que si acceden a contenidos inapropiados a trav\u00e9s de Internet, deber\u00e1n establecer mecanismos en sus equipos, en particular programas inform\u00e1ticos, filtros y bloqueos, que permitan limitan los contenidos disponibles y, aunque no son infalibles, son especialmente \u00fatiles para controlar y restringir los materiales a los que pueden acceder los menores.<\/p>\n<p><strong>Obligaci\u00f3n de hacer un uso correcto de la Web<\/strong><\/p>\n<p>El Usuario se compromete a utilizar la Web de conformidad con la Ley y este Aviso Legal, as\u00ed como con la moral y las buenas costumbres. A tal efecto, el Usuario deber\u00e1 abstenerse de utilizar la p\u00e1gina con fines il\u00edcitos o prohibidos, lesivos de los derechos e intereses de terceros, o que de cualquier forma puedan da\u00f1ar, inutilizar, sobrecargar, deteriorar o impedir el normal uso del ordenador. equipos o documentos, archivos y todo tipo de contenidos almacenados en cualquier equipo inform\u00e1tico del proveedor.<\/p>\n<p>En particular, y a t\u00edtulo indicativo pero no exhaustivo, el Usuario se compromete a no transmitir, difundir o poner a disposici\u00f3n de terceros informaci\u00f3n, datos, contenidos, mensajes, gr\u00e1ficos, dibujos, archivos de sonido o imagen, fotograf\u00edas, grabaciones, software y, en general, cualquier tipo de material que:<\/p>\n<p>(a) sea contrario, desprecie o atente contra los derechos fundamentales y las libertades p\u00fablicas reconocidas constitucionalmente, en los tratados internacionales y otras normas vigentes;<\/p>\n<p>(b) induzca, incite o promueva actos delictivos, denigrantes, difamatorios, violentos o, en general, contrarios a la ley, la moral y el orden p\u00fablico;<\/p>\n<p>(c) induzca, incite o promueva actuaciones, actitudes o pensamientos discriminatorios por raz\u00f3n de sexo, raza, religi\u00f3n, creencias, edad o condici\u00f3n;<\/p>\n<p>(d) sea contraria al derecho al honor, a la intimidad personal o familiar oa la propia imagen de la persona;<\/p>\n<p>(e) de cualquier forma da\u00f1e la credibilidad del proveedor o de terceros; y<\/p>\n<p>(f) constituya publicidad il\u00edcita, enga\u00f1osa o desleal.<\/p>\n<p><strong>Ley aplicable y jurisdicci\u00f3n<\/strong><\/p>\n<p>Para la resoluci\u00f3n de todas las controversias o cuestiones relacionadas con el presente sitio web o de las actividades en \u00e9l desarrolladas, ser\u00e1 de aplicaci\u00f3n la legislaci\u00f3n espa\u00f1ola, a la que se someten expresamente las partes, siendo competentes para la resoluci\u00f3n de todos los conflictos derivados o relacionados con su uso los Juzgados y Tribunales de TARRAGONA.<\/p>\n","protected":false},"excerpt":{"rendered":"<p>Para dar cumplimiento al art\u00edculo 10 de la Ley 34\/2002 de Servicios de la Sociedad de la Informaci\u00f3n y Comercio Electr\u00f3nico, informamos al usuario de nuestros datos: Denominaci\u00f3n Social: FUNDACI\u00d3 INSTITUT D\u2019INVESTIGACI\u00d3 SANIT\u00c0RIA PERE VIRGILI, [en adelante IISPV] Nombre comercial: IISPV Domicilio social: c \/ Excorxador s \/ n, 43003, Tarragona (Espa\u00f1a) NIF: G43814045 N\u00ba [&hellip;]<\/p>\n","protected":false},"author":1,"featured_media":0,"parent":0,"menu_order":4,"comment_status":"closed","ping_status":"closed","template":"","meta":[],"yoast_head":"<!-- This site is optimized with the Yoast SEO plugin v16.7 - https:\/\/yoast.com\/wordpress\/plugins\/seo\/ -->\n<title>Aviso Legal - SEEDS<\/title>\n<meta name=\"robots\" content=\"index, follow, max-snippet:-1, max-image-preview:large, max-video-preview:-1\" \/>\n<link rel=\"canonical\" href=\"https:\/\/seedsmakeathons.com\/es\/legal-advice\/\" \/>\n<meta property=\"og:locale\" content=\"es_ES\" \/>\n<meta property=\"og:type\" content=\"article\" \/>\n<meta property=\"og:title\" content=\"Aviso Legal - SEEDS\" \/>\n<meta property=\"og:description\" content=\"Para dar cumplimiento al art\u00edculo 10 de la Ley 34\/2002 de Servicios de la Sociedad de la Informaci\u00f3n y Comercio Electr\u00f3nico, informamos al usuario de nuestros datos: Denominaci\u00f3n Social: FUNDACI\u00d3 INSTITUT D\u2019INVESTIGACI\u00d3 SANIT\u00c0RIA PERE VIRGILI, [en adelante IISPV] Nombre comercial: IISPV Domicilio social: c \/ Excorxador s \/ n, 43003, Tarragona (Espa\u00f1a) NIF: G43814045 N\u00ba [&hellip;]\" \/>\n<meta property=\"og:url\" content=\"https:\/\/seedsmakeathons.com\/es\/legal-advice\/\" \/>\n<meta property=\"og:site_name\" content=\"SEEDS\" \/>\n<meta property=\"article:modified_time\" content=\"2022-05-16T06:17:12+00:00\" \/>\n<meta name=\"twitter:card\" content=\"summary_large_image\" \/>\n<script type=\"application\/ld+json\" class=\"yoast-schema-graph\">{\"@context\":\"https:\/\/schema.org\",\"@graph\":[{\"@type\":\"WebSite\",\"@id\":\"https:\/\/seedsmakeathons.com\/es\/#website\",\"url\":\"https:\/\/seedsmakeathons.com\/es\/\",\"name\":\"SEEDS\",\"description\":\"\",\"potentialAction\":[{\"@type\":\"SearchAction\",\"target\":{\"@type\":\"EntryPoint\",\"urlTemplate\":\"https:\/\/seedsmakeathons.com\/es\/?s={search_term_string}\"},\"query-input\":\"required name=search_term_string\"}],\"inLanguage\":\"es\"},{\"@type\":\"WebPage\",\"@id\":\"https:\/\/seedsmakeathons.com\/es\/legal-advice\/#webpage\",\"url\":\"https:\/\/seedsmakeathons.com\/es\/legal-advice\/\",\"name\":\"Aviso Legal - SEEDS\",\"isPartOf\":{\"@id\":\"https:\/\/seedsmakeathons.com\/es\/#website\"},\"datePublished\":\"2021-06-21T22:22:48+00:00\",\"dateModified\":\"2022-05-16T06:17:12+00:00\",\"breadcrumb\":{\"@id\":\"https:\/\/seedsmakeathons.com\/es\/legal-advice\/#breadcrumb\"},\"inLanguage\":\"es\",\"potentialAction\":[{\"@type\":\"ReadAction\",\"target\":[\"https:\/\/seedsmakeathons.com\/es\/legal-advice\/\"]}]},{\"@type\":\"BreadcrumbList\",\"@id\":\"https:\/\/seedsmakeathons.com\/es\/legal-advice\/#breadcrumb\",\"itemListElement\":[{\"@type\":\"ListItem\",\"position\":1,\"name\":\"Home\",\"item\":\"https:\/\/seedsmakeathons.com\/es\/\"},{\"@type\":\"ListItem\",\"position\":2,\"name\":\"Aviso Legal\"}]}]}<\/script>\n<!-- \/ Yoast SEO plugin. -->","yoast_head_json":{"title":"Aviso Legal - SEEDS","robots":{"index":"index","follow":"follow","max-snippet":"max-snippet:-1","max-image-preview":"max-image-preview:large","max-video-preview":"max-video-preview:-1"},"canonical":"https:\/\/seedsmakeathons.com\/es\/legal-advice\/","og_locale":"es_ES","og_type":"article","og_title":"Aviso Legal - SEEDS","og_description":"Para dar cumplimiento al art\u00edculo 10 de la Ley 34\/2002 de Servicios de la Sociedad de la Informaci\u00f3n y Comercio Electr\u00f3nico, informamos al usuario de nuestros datos: Denominaci\u00f3n Social: FUNDACI\u00d3 INSTITUT D\u2019INVESTIGACI\u00d3 SANIT\u00c0RIA PERE VIRGILI, [en adelante IISPV] Nombre comercial: IISPV Domicilio social: c \/ Excorxador s \/ n, 43003, Tarragona (Espa\u00f1a) NIF: G43814045 N\u00ba [&hellip;]","og_url":"https:\/\/seedsmakeathons.com\/es\/legal-advice\/","og_site_name":"SEEDS","article_modified_time":"2022-05-16T06:17:12+00:00","twitter_card":"summary_large_image","schema":{"@context":"https:\/\/schema.org","@graph":[{"@type":"WebSite","@id":"https:\/\/seedsmakeathons.com\/es\/#website","url":"https:\/\/seedsmakeathons.com\/es\/","name":"SEEDS","description":"","potentialAction":[{"@type":"SearchAction","target":{"@type":"EntryPoint","urlTemplate":"https:\/\/seedsmakeathons.com\/es\/?s={search_term_string}"},"query-input":"required name=search_term_string"}],"inLanguage":"es"},{"@type":"WebPage","@id":"https:\/\/seedsmakeathons.com\/es\/legal-advice\/#webpage","url":"https:\/\/seedsmakeathons.com\/es\/legal-advice\/","name":"Aviso Legal - SEEDS","isPartOf":{"@id":"https:\/\/seedsmakeathons.com\/es\/#website"},"datePublished":"2021-06-21T22:22:48+00:00","dateModified":"2022-05-16T06:17:12+00:00","breadcrumb":{"@id":"https:\/\/seedsmakeathons.com\/es\/legal-advice\/#breadcrumb"},"inLanguage":"es","potentialAction":[{"@type":"ReadAction","target":["https:\/\/seedsmakeathons.com\/es\/legal-advice\/"]}]},{"@type":"BreadcrumbList","@id":"https:\/\/seedsmakeathons.com\/es\/legal-advice\/#breadcrumb","itemListElement":[{"@type":"ListItem","position":1,"name":"Home","item":"https:\/\/seedsmakeathons.com\/es\/"},{"@type":"ListItem","position":2,"name":"Aviso Legal"}]}]}},"_links":{"self":[{"href":"https:\/\/seedsmakeathons.com\/es\/wp-json\/wp\/v2\/pages\/55"}],"collection":[{"href":"https:\/\/seedsmakeathons.com\/es\/wp-json\/wp\/v2\/pages"}],"about":[{"href":"https:\/\/seedsmakeathons.com\/es\/wp-json\/wp\/v2\/types\/page"}],"author":[{"embeddable":true,"href":"https:\/\/seedsmakeathons.com\/es\/wp-json\/wp\/v2\/users\/1"}],"replies":[{"embeddable":true,"href":"https:\/\/seedsmakeathons.com\/es\/wp-json\/wp\/v2\/comments?post=55"}],"version-history":[{"count":0,"href":"https:\/\/seedsmakeathons.com\/es\/wp-json\/wp\/v2\/pages\/55\/revisions"}],"wp:attachment":[{"href":"https:\/\/seedsmakeathons.com\/es\/wp-json\/wp\/v2\/media?parent=55"}],"curies":[{"name":"wp","href":"https:\/\/api.w.org\/{rel}","templated":true}]}}