{"id":38,"date":"2021-06-21T09:55:07","date_gmt":"2021-06-21T09:55:07","guid":{"rendered":"https:\/\/seedsmakeathons.com\/?page_id=38"},"modified":"2022-01-05T10:42:53","modified_gmt":"2022-01-05T10:42:53","slug":"parts-of-the-project","status":"publish","type":"page","link":"https:\/\/seedsmakeathons.com\/es\/whats-seeds\/parts-of-the-project\/","title":{"rendered":"Partes del proyecto"},"content":{"rendered":"<p>\u00a1El proyecto SEEDS se ejecuta entre 2021 y 2022 y ha necesitado mucha planificaci\u00f3n! Hay tres secciones principales del proyecto:<\/p>\n<ul>\n<li>1. <a href=\"https:\/\/seedsmakeathons.com\/what-is-seeds\/parts-of-the-project\/focus-groups\/\">Focus Groups <\/a>&#8211; donde los adolescentes nos ayudan a dar forma a las preguntas cient\u00edficas que haremos.<\/li>\n<li>2.<a href=\"https:\/\/seedsmakeathons.com\/what-is-seeds\/parts-of-the-project\/makeathons\/\"> Makeathons <\/a>&#8211; donde los adolescentes crear\u00e1n experimentos para ayudar a mejorar su propia salud.<\/li>\n<li>3.<a href=\"https:\/\/seedsmakeathons.com\/what-is-seeds\/parts-of-the-project\/interventions\/\"> Interventions <\/a>&#8211; donde los adolescentes combinar\u00e1n sus experimentos en una sola intervenci\u00f3n y la llevar\u00e1n a cabo durante seis meses.<\/li>\n<\/ul>\n<p>Los cient\u00edficos adolescentes juegan un papel crucial en cada parte de nuestro proyecto. Esto se llama \u00abCiencia ciudadana extrema\u00bb y es un proyecto apasionante para nosotros. Significa que nosotros y las partes interesadas relevantes en sus vidas no tenemos idea de lo que crear\u00e1n los adolescentes y tambi\u00e9n podemos colaborar muy de cerca para aprender de ellos.<\/p>\n","protected":false},"excerpt":{"rendered":"<p>\u00a1El proyecto SEEDS se ejecuta entre 2021 y 2022 y ha necesitado mucha planificaci\u00f3n! Hay tres secciones principales del proyecto: 1. Focus Groups &#8211; donde los adolescentes nos ayudan a dar forma a las preguntas cient\u00edficas que haremos. 2. Makeathons &#8211; donde los adolescentes crear\u00e1n experimentos para ayudar a mejorar su propia salud. 3. Interventions [&hellip;]<\/p>\n","protected":false},"author":1,"featured_media":0,"parent":33,"menu_order":2,"comment_status":"closed","ping_status":"closed","template":"","meta":[],"yoast_head":"<!-- This site is optimized with the Yoast SEO plugin v16.7 - https:\/\/yoast.com\/wordpress\/plugins\/seo\/ -->\n<title>Partes del proyecto - SEEDS<\/title>\n<meta name=\"robots\" content=\"index, follow, max-snippet:-1, max-image-preview:large, max-video-preview:-1\" \/>\n<link rel=\"canonical\" href=\"https:\/\/seedsmakeathons.com\/es\/whats-seeds\/parts-of-the-project\/\" \/>\n<meta property=\"og:locale\" content=\"es_ES\" \/>\n<meta property=\"og:type\" content=\"article\" \/>\n<meta property=\"og:title\" content=\"Partes del proyecto - SEEDS\" \/>\n<meta property=\"og:description\" content=\"\u00a1El proyecto SEEDS se ejecuta entre 2021 y 2022 y ha necesitado mucha planificaci\u00f3n! Hay tres secciones principales del proyecto: 1. Focus Groups &#8211; donde los adolescentes nos ayudan a dar forma a las preguntas cient\u00edficas que haremos. 2. Makeathons &#8211; donde los adolescentes crear\u00e1n experimentos para ayudar a mejorar su propia salud. 3. Interventions [&hellip;]\" \/>\n<meta property=\"og:url\" content=\"https:\/\/seedsmakeathons.com\/es\/whats-seeds\/parts-of-the-project\/\" \/>\n<meta property=\"og:site_name\" content=\"SEEDS\" \/>\n<meta property=\"article:modified_time\" content=\"2022-01-05T10:42:53+00:00\" \/>\n<meta name=\"twitter:card\" content=\"summary_large_image\" \/>\n<script type=\"application\/ld+json\" class=\"yoast-schema-graph\">{\"@context\":\"https:\/\/schema.org\",\"@graph\":[{\"@type\":\"WebSite\",\"@id\":\"https:\/\/seedsmakeathons.com\/es\/#website\",\"url\":\"https:\/\/seedsmakeathons.com\/es\/\",\"name\":\"SEEDS\",\"description\":\"\",\"potentialAction\":[{\"@type\":\"SearchAction\",\"target\":{\"@type\":\"EntryPoint\",\"urlTemplate\":\"https:\/\/seedsmakeathons.com\/es\/?s={search_term_string}\"},\"query-input\":\"required name=search_term_string\"}],\"inLanguage\":\"es\"},{\"@type\":\"WebPage\",\"@id\":\"https:\/\/seedsmakeathons.com\/es\/whats-seeds\/parts-of-the-project\/#webpage\",\"url\":\"https:\/\/seedsmakeathons.com\/es\/whats-seeds\/parts-of-the-project\/\",\"name\":\"Partes del proyecto - SEEDS\",\"isPartOf\":{\"@id\":\"https:\/\/seedsmakeathons.com\/es\/#website\"},\"datePublished\":\"2021-06-21T09:55:07+00:00\",\"dateModified\":\"2022-01-05T10:42:53+00:00\",\"breadcrumb\":{\"@id\":\"https:\/\/seedsmakeathons.com\/es\/whats-seeds\/parts-of-the-project\/#breadcrumb\"},\"inLanguage\":\"es\",\"potentialAction\":[{\"@type\":\"ReadAction\",\"target\":[\"https:\/\/seedsmakeathons.com\/es\/whats-seeds\/parts-of-the-project\/\"]}]},{\"@type\":\"BreadcrumbList\",\"@id\":\"https:\/\/seedsmakeathons.com\/es\/whats-seeds\/parts-of-the-project\/#breadcrumb\",\"itemListElement\":[{\"@type\":\"ListItem\",\"position\":1,\"name\":\"Home\",\"item\":\"https:\/\/seedsmakeathons.com\/es\/\"},{\"@type\":\"ListItem\",\"position\":2,\"name\":\"Qu\\u00e9 es SEEDS\",\"item\":\"https:\/\/seedsmakeathons.com\/es\/whats-seeds\/\"},{\"@type\":\"ListItem\",\"position\":3,\"name\":\"Partes del proyecto\"}]}]}<\/script>\n<!-- \/ Yoast SEO plugin. -->","yoast_head_json":{"title":"Partes del proyecto - SEEDS","robots":{"index":"index","follow":"follow","max-snippet":"max-snippet:-1","max-image-preview":"max-image-preview:large","max-video-preview":"max-video-preview:-1"},"canonical":"https:\/\/seedsmakeathons.com\/es\/whats-seeds\/parts-of-the-project\/","og_locale":"es_ES","og_type":"article","og_title":"Partes del proyecto - SEEDS","og_description":"\u00a1El proyecto SEEDS se ejecuta entre 2021 y 2022 y ha necesitado mucha planificaci\u00f3n! Hay tres secciones principales del proyecto: 1. Focus Groups &#8211; donde los adolescentes nos ayudan a dar forma a las preguntas cient\u00edficas que haremos. 2. Makeathons &#8211; donde los adolescentes crear\u00e1n experimentos para ayudar a mejorar su propia salud. 3. Interventions [&hellip;]","og_url":"https:\/\/seedsmakeathons.com\/es\/whats-seeds\/parts-of-the-project\/","og_site_name":"SEEDS","article_modified_time":"2022-01-05T10:42:53+00:00","twitter_card":"summary_large_image","schema":{"@context":"https:\/\/schema.org","@graph":[{"@type":"WebSite","@id":"https:\/\/seedsmakeathons.com\/es\/#website","url":"https:\/\/seedsmakeathons.com\/es\/","name":"SEEDS","description":"","potentialAction":[{"@type":"SearchAction","target":{"@type":"EntryPoint","urlTemplate":"https:\/\/seedsmakeathons.com\/es\/?s={search_term_string}"},"query-input":"required name=search_term_string"}],"inLanguage":"es"},{"@type":"WebPage","@id":"https:\/\/seedsmakeathons.com\/es\/whats-seeds\/parts-of-the-project\/#webpage","url":"https:\/\/seedsmakeathons.com\/es\/whats-seeds\/parts-of-the-project\/","name":"Partes del proyecto - SEEDS","isPartOf":{"@id":"https:\/\/seedsmakeathons.com\/es\/#website"},"datePublished":"2021-06-21T09:55:07+00:00","dateModified":"2022-01-05T10:42:53+00:00","breadcrumb":{"@id":"https:\/\/seedsmakeathons.com\/es\/whats-seeds\/parts-of-the-project\/#breadcrumb"},"inLanguage":"es","potentialAction":[{"@type":"ReadAction","target":["https:\/\/seedsmakeathons.com\/es\/whats-seeds\/parts-of-the-project\/"]}]},{"@type":"BreadcrumbList","@id":"https:\/\/seedsmakeathons.com\/es\/whats-seeds\/parts-of-the-project\/#breadcrumb","itemListElement":[{"@type":"ListItem","position":1,"name":"Home","item":"https:\/\/seedsmakeathons.com\/es\/"},{"@type":"ListItem","position":2,"name":"Qu\u00e9 es SEEDS","item":"https:\/\/seedsmakeathons.com\/es\/whats-seeds\/"},{"@type":"ListItem","position":3,"name":"Partes del proyecto"}]}]}},"_links":{"self":[{"href":"https:\/\/seedsmakeathons.com\/es\/wp-json\/wp\/v2\/pages\/38"}],"collection":[{"href":"https:\/\/seedsmakeathons.com\/es\/wp-json\/wp\/v2\/pages"}],"about":[{"href":"https:\/\/seedsmakeathons.com\/es\/wp-json\/wp\/v2\/types\/page"}],"author":[{"embeddable":true,"href":"https:\/\/seedsmakeathons.com\/es\/wp-json\/wp\/v2\/users\/1"}],"replies":[{"embeddable":true,"href":"https:\/\/seedsmakeathons.com\/es\/wp-json\/wp\/v2\/comments?post=38"}],"version-history":[{"count":0,"href":"https:\/\/seedsmakeathons.com\/es\/wp-json\/wp\/v2\/pages\/38\/revisions"}],"up":[{"embeddable":true,"href":"https:\/\/seedsmakeathons.com\/es\/wp-json\/wp\/v2\/pages\/33"}],"wp:attachment":[{"href":"https:\/\/seedsmakeathons.com\/es\/wp-json\/wp\/v2\/media?parent=38"}],"curies":[{"name":"wp","href":"https:\/\/api.w.org\/{rel}","templated":true}]}}