{"id":35,"date":"2021-06-21T09:09:40","date_gmt":"2021-06-21T09:09:40","guid":{"rendered":"https:\/\/seedsmakeathons.com\/?page_id=35"},"modified":"2022-01-05T10:42:53","modified_gmt":"2022-01-05T10:42:53","slug":"the-problem","status":"publish","type":"page","link":"https:\/\/seedsmakeathons.com\/es\/whats-seeds\/the-problem\/","title":{"rendered":"El problema"},"content":{"rendered":"<p>Las carreras de ciencia, tecnolog\u00eda, ingenier\u00eda y matem\u00e1ticas (\u00abSTEM\u00bb) est\u00e1n relacionadas con los sectores m\u00e1s avanzados y productivos del mercado laboral de la Uni\u00f3n Europea. Sin embargo, un peque\u00f1o n\u00famero de adolescentes las elige. Tambi\u00e9n hay un claro sesgo de g\u00e9nero: solo 10 de cada 100 mujeres europeas encuentran interesantes las carreras CTIM. Por otro lado, el n\u00famero de hombres casi se ha triplicado.<\/p>\n<p>En SEEDS alentamos a los adolescentes a explorar los problemas de salud que son importantes para ellos a trav\u00e9s de la ciencia ciudadana. De esta forma, generan nuevos conocimientos al tiempo que producen resultados cient\u00edficamente fiables. Esto es muy importante ya que las publicaciones cient\u00edficas que brindan informaci\u00f3n para las decisiones pol\u00edticas generalmente no toman en cuenta a los adolescentes. Esto se debe a que los cient\u00edficos tienden a centrarse m\u00e1s en otros grupos de edad (como ni\u00f1os y adultos). Adem\u00e1s, los comportamientos poco saludables que se llevan a cabo en la adolescencia pueden tener efectos a largo plazo en su salud y bienestar.<\/p>\n<p>Los enfoques utilizados en las actividades STEM aumentan la motivaci\u00f3n y la confianza en uno mismo. Asimismo, disminuyen el riesgo de baja moral (incluso de deserci\u00f3n) en la educaci\u00f3n secundaria.<\/p>\n","protected":false},"excerpt":{"rendered":"<p>Las carreras de ciencia, tecnolog\u00eda, ingenier\u00eda y matem\u00e1ticas (\u00abSTEM\u00bb) est\u00e1n relacionadas con los sectores m\u00e1s avanzados y productivos del mercado laboral de la Uni\u00f3n Europea. Sin embargo, un peque\u00f1o n\u00famero de adolescentes las elige. Tambi\u00e9n hay un claro sesgo de g\u00e9nero: solo 10 de cada 100 mujeres europeas encuentran interesantes las carreras CTIM. Por otro [&hellip;]<\/p>\n","protected":false},"author":1,"featured_media":0,"parent":33,"menu_order":1,"comment_status":"closed","ping_status":"closed","template":"","meta":[],"yoast_head":"<!-- This site is optimized with the Yoast SEO plugin v16.7 - https:\/\/yoast.com\/wordpress\/plugins\/seo\/ -->\n<title>El problema - SEEDS<\/title>\n<meta name=\"robots\" content=\"index, follow, max-snippet:-1, max-image-preview:large, max-video-preview:-1\" \/>\n<link rel=\"canonical\" href=\"https:\/\/seedsmakeathons.com\/es\/whats-seeds\/the-problem\/\" \/>\n<meta property=\"og:locale\" content=\"es_ES\" \/>\n<meta property=\"og:type\" content=\"article\" \/>\n<meta property=\"og:title\" content=\"El problema - SEEDS\" \/>\n<meta property=\"og:description\" content=\"Las carreras de ciencia, tecnolog\u00eda, ingenier\u00eda y matem\u00e1ticas (\u00abSTEM\u00bb) est\u00e1n relacionadas con los sectores m\u00e1s avanzados y productivos del mercado laboral de la Uni\u00f3n Europea. Sin embargo, un peque\u00f1o n\u00famero de adolescentes las elige. Tambi\u00e9n hay un claro sesgo de g\u00e9nero: solo 10 de cada 100 mujeres europeas encuentran interesantes las carreras CTIM. Por otro [&hellip;]\" \/>\n<meta property=\"og:url\" content=\"https:\/\/seedsmakeathons.com\/es\/whats-seeds\/the-problem\/\" \/>\n<meta property=\"og:site_name\" content=\"SEEDS\" \/>\n<meta property=\"article:modified_time\" content=\"2022-01-05T10:42:53+00:00\" \/>\n<meta name=\"twitter:card\" content=\"summary_large_image\" \/>\n<script type=\"application\/ld+json\" class=\"yoast-schema-graph\">{\"@context\":\"https:\/\/schema.org\",\"@graph\":[{\"@type\":\"WebSite\",\"@id\":\"https:\/\/seedsmakeathons.com\/es\/#website\",\"url\":\"https:\/\/seedsmakeathons.com\/es\/\",\"name\":\"SEEDS\",\"description\":\"\",\"potentialAction\":[{\"@type\":\"SearchAction\",\"target\":{\"@type\":\"EntryPoint\",\"urlTemplate\":\"https:\/\/seedsmakeathons.com\/es\/?s={search_term_string}\"},\"query-input\":\"required name=search_term_string\"}],\"inLanguage\":\"es\"},{\"@type\":\"WebPage\",\"@id\":\"https:\/\/seedsmakeathons.com\/es\/whats-seeds\/the-problem\/#webpage\",\"url\":\"https:\/\/seedsmakeathons.com\/es\/whats-seeds\/the-problem\/\",\"name\":\"El problema - SEEDS\",\"isPartOf\":{\"@id\":\"https:\/\/seedsmakeathons.com\/es\/#website\"},\"datePublished\":\"2021-06-21T09:09:40+00:00\",\"dateModified\":\"2022-01-05T10:42:53+00:00\",\"breadcrumb\":{\"@id\":\"https:\/\/seedsmakeathons.com\/es\/whats-seeds\/the-problem\/#breadcrumb\"},\"inLanguage\":\"es\",\"potentialAction\":[{\"@type\":\"ReadAction\",\"target\":[\"https:\/\/seedsmakeathons.com\/es\/whats-seeds\/the-problem\/\"]}]},{\"@type\":\"BreadcrumbList\",\"@id\":\"https:\/\/seedsmakeathons.com\/es\/whats-seeds\/the-problem\/#breadcrumb\",\"itemListElement\":[{\"@type\":\"ListItem\",\"position\":1,\"name\":\"Home\",\"item\":\"https:\/\/seedsmakeathons.com\/es\/\"},{\"@type\":\"ListItem\",\"position\":2,\"name\":\"Qu\\u00e9 es SEEDS\",\"item\":\"https:\/\/seedsmakeathons.com\/es\/whats-seeds\/\"},{\"@type\":\"ListItem\",\"position\":3,\"name\":\"El problema\"}]}]}<\/script>\n<!-- \/ Yoast SEO plugin. -->","yoast_head_json":{"title":"El problema - SEEDS","robots":{"index":"index","follow":"follow","max-snippet":"max-snippet:-1","max-image-preview":"max-image-preview:large","max-video-preview":"max-video-preview:-1"},"canonical":"https:\/\/seedsmakeathons.com\/es\/whats-seeds\/the-problem\/","og_locale":"es_ES","og_type":"article","og_title":"El problema - SEEDS","og_description":"Las carreras de ciencia, tecnolog\u00eda, ingenier\u00eda y matem\u00e1ticas (\u00abSTEM\u00bb) est\u00e1n relacionadas con los sectores m\u00e1s avanzados y productivos del mercado laboral de la Uni\u00f3n Europea. Sin embargo, un peque\u00f1o n\u00famero de adolescentes las elige. Tambi\u00e9n hay un claro sesgo de g\u00e9nero: solo 10 de cada 100 mujeres europeas encuentran interesantes las carreras CTIM. Por otro [&hellip;]","og_url":"https:\/\/seedsmakeathons.com\/es\/whats-seeds\/the-problem\/","og_site_name":"SEEDS","article_modified_time":"2022-01-05T10:42:53+00:00","twitter_card":"summary_large_image","schema":{"@context":"https:\/\/schema.org","@graph":[{"@type":"WebSite","@id":"https:\/\/seedsmakeathons.com\/es\/#website","url":"https:\/\/seedsmakeathons.com\/es\/","name":"SEEDS","description":"","potentialAction":[{"@type":"SearchAction","target":{"@type":"EntryPoint","urlTemplate":"https:\/\/seedsmakeathons.com\/es\/?s={search_term_string}"},"query-input":"required name=search_term_string"}],"inLanguage":"es"},{"@type":"WebPage","@id":"https:\/\/seedsmakeathons.com\/es\/whats-seeds\/the-problem\/#webpage","url":"https:\/\/seedsmakeathons.com\/es\/whats-seeds\/the-problem\/","name":"El problema - SEEDS","isPartOf":{"@id":"https:\/\/seedsmakeathons.com\/es\/#website"},"datePublished":"2021-06-21T09:09:40+00:00","dateModified":"2022-01-05T10:42:53+00:00","breadcrumb":{"@id":"https:\/\/seedsmakeathons.com\/es\/whats-seeds\/the-problem\/#breadcrumb"},"inLanguage":"es","potentialAction":[{"@type":"ReadAction","target":["https:\/\/seedsmakeathons.com\/es\/whats-seeds\/the-problem\/"]}]},{"@type":"BreadcrumbList","@id":"https:\/\/seedsmakeathons.com\/es\/whats-seeds\/the-problem\/#breadcrumb","itemListElement":[{"@type":"ListItem","position":1,"name":"Home","item":"https:\/\/seedsmakeathons.com\/es\/"},{"@type":"ListItem","position":2,"name":"Qu\u00e9 es SEEDS","item":"https:\/\/seedsmakeathons.com\/es\/whats-seeds\/"},{"@type":"ListItem","position":3,"name":"El problema"}]}]}},"_links":{"self":[{"href":"https:\/\/seedsmakeathons.com\/es\/wp-json\/wp\/v2\/pages\/35"}],"collection":[{"href":"https:\/\/seedsmakeathons.com\/es\/wp-json\/wp\/v2\/pages"}],"about":[{"href":"https:\/\/seedsmakeathons.com\/es\/wp-json\/wp\/v2\/types\/page"}],"author":[{"embeddable":true,"href":"https:\/\/seedsmakeathons.com\/es\/wp-json\/wp\/v2\/users\/1"}],"replies":[{"embeddable":true,"href":"https:\/\/seedsmakeathons.com\/es\/wp-json\/wp\/v2\/comments?post=35"}],"version-history":[{"count":0,"href":"https:\/\/seedsmakeathons.com\/es\/wp-json\/wp\/v2\/pages\/35\/revisions"}],"up":[{"embeddable":true,"href":"https:\/\/seedsmakeathons.com\/es\/wp-json\/wp\/v2\/pages\/33"}],"wp:attachment":[{"href":"https:\/\/seedsmakeathons.com\/es\/wp-json\/wp\/v2\/media?parent=35"}],"curies":[{"name":"wp","href":"https:\/\/api.w.org\/{rel}","templated":true}]}}