{"id":33,"date":"2021-06-21T07:53:44","date_gmt":"2021-06-21T07:53:44","guid":{"rendered":"https:\/\/seedsmakeathons.com\/?page_id=33"},"modified":"2021-11-10T15:37:52","modified_gmt":"2021-11-10T15:37:52","slug":"whats-seeds","status":"publish","type":"page","link":"https:\/\/seedsmakeathons.com\/es\/whats-seeds\/","title":{"rendered":"Qu\u00e9 es SEEDS"},"content":{"rendered":"<p><strong>SEEDS es un tipo diferente de experimento cient\u00edfico. Donde la ciencia es de adolescentes para adolescentes. Est\u00e1n involucrados en cada etapa para crear un cambio para ellos mismos.<\/strong><\/p>\n<p>SEEDS es un proyecto de ciencia ciudadana que quiere capacitar a los adolescentes para que vivan estilos de vida saludables. Tambi\u00e9n queremos ayudarlos a explorar lo emocionante e importante que es la ciencia, la tecnolog\u00eda, la ingenier\u00eda y las matem\u00e1ticas (&#8216;STEM&#8217;) en sus vidas. Por lo tanto, la parte de la ciencia ciudadana es bastante importante: \u00a1significa que los adolescentes son los que hacen la ciencia! Utilizar\u00e1n la ciencia ciudadana para crear nuevos experimentos para estilos de vida saludables, con aportes de las partes interesadas relevantes en sus vidas. Estos experimentos se desarrollar\u00e1n durante seis meses en institutos de Espa\u00f1a, Pa\u00edses Bajos, Grecia y Reino Unido.<\/p>\n<p>&nbsp;<\/p>\n<p><strong>\u00bfQui\u00e9n est\u00e1 detr\u00e1s de SEEDS?<\/strong><\/p>\n<p>Somos un equipo de expertos en nutrici\u00f3n, salud p\u00fablica, actividad f\u00edsica y ciencia ciudadana que se preocupan por las oportunidades que tienen los adolescentes para estar saludables. Hemos trabajado por separado en varios proyectos para mejorar la salud y el inter\u00e9s cient\u00edfico de los adolescentes a trav\u00e9s de las <a href=\"http:\/\/www.eyto.org.uk\/about\/home\">redes sociales<\/a>, <a href=\"https:\/\/sshs.exeter.ac.uk\/research\/childrenshealth\/pro-bone\/\">el deporte<\/a>, <a href=\"https:\/\/www.diamond.ac.uk\/Public\/DiamondTheGame\">los juegos de mesa<\/a>, <a href=\"https:\/\/pubmed.ncbi.nlm.nih.gov\/26217497\/\">la participaci\u00f3n comunitaria<\/a>, <a href=\"http:\/\/www.helenastudy.com\/\">la nutrici\u00f3n<\/a> y m\u00e1s. Sin embargo, esta es la primera vez que trabajamos juntos y estamos muy emocionados de compartir ideas.<\/p>\n","protected":false},"excerpt":{"rendered":"<p>SEEDS es un tipo diferente de experimento cient\u00edfico. Donde la ciencia es de adolescentes para adolescentes. Est\u00e1n involucrados en cada etapa para crear un cambio para ellos mismos. SEEDS es un proyecto de ciencia ciudadana que quiere capacitar a los adolescentes para que vivan estilos de vida saludables. Tambi\u00e9n queremos ayudarlos a explorar lo emocionante [&hellip;]<\/p>\n","protected":false},"author":1,"featured_media":0,"parent":0,"menu_order":2,"comment_status":"closed","ping_status":"closed","template":"","meta":[],"yoast_head":"<!-- This site is optimized with the Yoast SEO plugin v16.7 - https:\/\/yoast.com\/wordpress\/plugins\/seo\/ -->\n<title>Qu\u00e9 es SEEDS - SEEDS<\/title>\n<meta name=\"robots\" content=\"index, follow, max-snippet:-1, max-image-preview:large, max-video-preview:-1\" \/>\n<link rel=\"canonical\" href=\"https:\/\/seedsmakeathons.com\/es\/whats-seeds\/\" \/>\n<meta property=\"og:locale\" content=\"es_ES\" \/>\n<meta property=\"og:type\" content=\"article\" \/>\n<meta property=\"og:title\" content=\"Qu\u00e9 es SEEDS - SEEDS\" \/>\n<meta property=\"og:description\" content=\"SEEDS es un tipo diferente de experimento cient\u00edfico. Donde la ciencia es de adolescentes para adolescentes. Est\u00e1n involucrados en cada etapa para crear un cambio para ellos mismos. SEEDS es un proyecto de ciencia ciudadana que quiere capacitar a los adolescentes para que vivan estilos de vida saludables. Tambi\u00e9n queremos ayudarlos a explorar lo emocionante [&hellip;]\" \/>\n<meta property=\"og:url\" content=\"https:\/\/seedsmakeathons.com\/es\/whats-seeds\/\" \/>\n<meta property=\"og:site_name\" content=\"SEEDS\" \/>\n<meta property=\"article:modified_time\" content=\"2021-11-10T15:37:52+00:00\" \/>\n<meta name=\"twitter:card\" content=\"summary_large_image\" \/>\n<script type=\"application\/ld+json\" class=\"yoast-schema-graph\">{\"@context\":\"https:\/\/schema.org\",\"@graph\":[{\"@type\":\"WebSite\",\"@id\":\"https:\/\/seedsmakeathons.com\/es\/#website\",\"url\":\"https:\/\/seedsmakeathons.com\/es\/\",\"name\":\"SEEDS\",\"description\":\"\",\"potentialAction\":[{\"@type\":\"SearchAction\",\"target\":{\"@type\":\"EntryPoint\",\"urlTemplate\":\"https:\/\/seedsmakeathons.com\/es\/?s={search_term_string}\"},\"query-input\":\"required name=search_term_string\"}],\"inLanguage\":\"es\"},{\"@type\":\"WebPage\",\"@id\":\"https:\/\/seedsmakeathons.com\/es\/whats-seeds\/#webpage\",\"url\":\"https:\/\/seedsmakeathons.com\/es\/whats-seeds\/\",\"name\":\"Qu\\u00e9 es SEEDS - SEEDS\",\"isPartOf\":{\"@id\":\"https:\/\/seedsmakeathons.com\/es\/#website\"},\"datePublished\":\"2021-06-21T07:53:44+00:00\",\"dateModified\":\"2021-11-10T15:37:52+00:00\",\"breadcrumb\":{\"@id\":\"https:\/\/seedsmakeathons.com\/es\/whats-seeds\/#breadcrumb\"},\"inLanguage\":\"es\",\"potentialAction\":[{\"@type\":\"ReadAction\",\"target\":[\"https:\/\/seedsmakeathons.com\/es\/whats-seeds\/\"]}]},{\"@type\":\"BreadcrumbList\",\"@id\":\"https:\/\/seedsmakeathons.com\/es\/whats-seeds\/#breadcrumb\",\"itemListElement\":[{\"@type\":\"ListItem\",\"position\":1,\"name\":\"Home\",\"item\":\"https:\/\/seedsmakeathons.com\/es\/\"},{\"@type\":\"ListItem\",\"position\":2,\"name\":\"Qu\\u00e9 es SEEDS\"}]}]}<\/script>\n<!-- \/ Yoast SEO plugin. -->","yoast_head_json":{"title":"Qu\u00e9 es SEEDS - SEEDS","robots":{"index":"index","follow":"follow","max-snippet":"max-snippet:-1","max-image-preview":"max-image-preview:large","max-video-preview":"max-video-preview:-1"},"canonical":"https:\/\/seedsmakeathons.com\/es\/whats-seeds\/","og_locale":"es_ES","og_type":"article","og_title":"Qu\u00e9 es SEEDS - SEEDS","og_description":"SEEDS es un tipo diferente de experimento cient\u00edfico. Donde la ciencia es de adolescentes para adolescentes. Est\u00e1n involucrados en cada etapa para crear un cambio para ellos mismos. SEEDS es un proyecto de ciencia ciudadana que quiere capacitar a los adolescentes para que vivan estilos de vida saludables. Tambi\u00e9n queremos ayudarlos a explorar lo emocionante [&hellip;]","og_url":"https:\/\/seedsmakeathons.com\/es\/whats-seeds\/","og_site_name":"SEEDS","article_modified_time":"2021-11-10T15:37:52+00:00","twitter_card":"summary_large_image","schema":{"@context":"https:\/\/schema.org","@graph":[{"@type":"WebSite","@id":"https:\/\/seedsmakeathons.com\/es\/#website","url":"https:\/\/seedsmakeathons.com\/es\/","name":"SEEDS","description":"","potentialAction":[{"@type":"SearchAction","target":{"@type":"EntryPoint","urlTemplate":"https:\/\/seedsmakeathons.com\/es\/?s={search_term_string}"},"query-input":"required name=search_term_string"}],"inLanguage":"es"},{"@type":"WebPage","@id":"https:\/\/seedsmakeathons.com\/es\/whats-seeds\/#webpage","url":"https:\/\/seedsmakeathons.com\/es\/whats-seeds\/","name":"Qu\u00e9 es SEEDS - SEEDS","isPartOf":{"@id":"https:\/\/seedsmakeathons.com\/es\/#website"},"datePublished":"2021-06-21T07:53:44+00:00","dateModified":"2021-11-10T15:37:52+00:00","breadcrumb":{"@id":"https:\/\/seedsmakeathons.com\/es\/whats-seeds\/#breadcrumb"},"inLanguage":"es","potentialAction":[{"@type":"ReadAction","target":["https:\/\/seedsmakeathons.com\/es\/whats-seeds\/"]}]},{"@type":"BreadcrumbList","@id":"https:\/\/seedsmakeathons.com\/es\/whats-seeds\/#breadcrumb","itemListElement":[{"@type":"ListItem","position":1,"name":"Home","item":"https:\/\/seedsmakeathons.com\/es\/"},{"@type":"ListItem","position":2,"name":"Qu\u00e9 es SEEDS"}]}]}},"_links":{"self":[{"href":"https:\/\/seedsmakeathons.com\/es\/wp-json\/wp\/v2\/pages\/33"}],"collection":[{"href":"https:\/\/seedsmakeathons.com\/es\/wp-json\/wp\/v2\/pages"}],"about":[{"href":"https:\/\/seedsmakeathons.com\/es\/wp-json\/wp\/v2\/types\/page"}],"author":[{"embeddable":true,"href":"https:\/\/seedsmakeathons.com\/es\/wp-json\/wp\/v2\/users\/1"}],"replies":[{"embeddable":true,"href":"https:\/\/seedsmakeathons.com\/es\/wp-json\/wp\/v2\/comments?post=33"}],"version-history":[{"count":0,"href":"https:\/\/seedsmakeathons.com\/es\/wp-json\/wp\/v2\/pages\/33\/revisions"}],"wp:attachment":[{"href":"https:\/\/seedsmakeathons.com\/es\/wp-json\/wp\/v2\/media?parent=33"}],"curies":[{"name":"wp","href":"https:\/\/api.w.org\/{rel}","templated":true}]}}