{"id":190,"date":"2021-11-09T10:29:38","date_gmt":"2021-11-09T10:29:38","guid":{"rendered":"https:\/\/seedsmakeathons.com\/es\/?page_id=190"},"modified":"2021-12-15T11:50:48","modified_gmt":"2021-12-15T11:50:48","slug":"intervenciones","status":"publish","type":"page","link":"https:\/\/seedsmakeathons.com\/es\/whats-seeds\/parts-of-the-project\/intervenciones\/","title":{"rendered":"3. Intervenciones"},"content":{"rendered":"<p>Los experimentos desarrollados por los adolescentes en los Makeathons se combinar\u00e1n en una sola intervenci\u00f3n para su pa\u00eds. Lo emocionante para el equipo de SEEDS es que no tenemos idea de lo que crear\u00e1n. Sin embargo, estamos ansiosos por escuchar y conocer la experiencia de los adolescentes. Tambi\u00e9n estamos muy interesados en conocer las experiencias de los adolescentes en las escuelas de control. Desempe\u00f1an un papel muy importante para ayudarnos a determinar si el enfoque de SEEDS tiene \u00e9xito.<\/p>\n<p><img loading=\"lazy\" class=\"alignnone wp-image-191\" src=\"https:\/\/seedsmakeathons.com\/es\/wp-content\/uploads\/2021\/11\/captura-300x262.png\" alt=\"\" width=\"511\" height=\"446\" srcset=\"https:\/\/seedsmakeathons.com\/es\/wp-content\/uploads\/2021\/11\/captura-300x262.png 300w, https:\/\/seedsmakeathons.com\/es\/wp-content\/uploads\/2021\/11\/captura-768x672.png 768w, https:\/\/seedsmakeathons.com\/es\/wp-content\/uploads\/2021\/11\/captura.png 877w\" sizes=\"(max-width: 511px) 100vw, 511px\" \/><\/p>\n","protected":false},"excerpt":{"rendered":"<p>Los experimentos desarrollados por los adolescentes en los Makeathons se combinar\u00e1n en una sola intervenci\u00f3n para su pa\u00eds. Lo emocionante para el equipo de SEEDS es que no tenemos idea de lo que crear\u00e1n. Sin embargo, estamos ansiosos por escuchar y conocer la experiencia de los adolescentes. Tambi\u00e9n estamos muy interesados en conocer las experiencias [&hellip;]<\/p>\n","protected":false},"author":12,"featured_media":0,"parent":38,"menu_order":3,"comment_status":"closed","ping_status":"closed","template":"","meta":[],"yoast_head":"<!-- This site is optimized with the Yoast SEO plugin v16.7 - https:\/\/yoast.com\/wordpress\/plugins\/seo\/ -->\n<title>3. Intervenciones - SEEDS<\/title>\n<meta name=\"description\" content=\"Los experimentos desarrollados por los adolescentes en Makeathons se combinar\u00e1n en una sola intervenci\u00f3n para su pa\u00eds.\" \/>\n<meta name=\"robots\" content=\"index, follow, max-snippet:-1, max-image-preview:large, max-video-preview:-1\" \/>\n<link rel=\"canonical\" href=\"https:\/\/seedsmakeathons.com\/es\/whats-seeds\/parts-of-the-project\/intervenciones\/\" \/>\n<meta property=\"og:locale\" content=\"es_ES\" \/>\n<meta property=\"og:type\" content=\"article\" \/>\n<meta property=\"og:title\" content=\"3. Intervenciones - SEEDS\" \/>\n<meta property=\"og:description\" content=\"Los experimentos desarrollados por los adolescentes en Makeathons se combinar\u00e1n en una sola intervenci\u00f3n para su pa\u00eds.\" \/>\n<meta property=\"og:url\" content=\"https:\/\/seedsmakeathons.com\/es\/whats-seeds\/parts-of-the-project\/intervenciones\/\" \/>\n<meta property=\"og:site_name\" content=\"SEEDS\" \/>\n<meta property=\"article:modified_time\" content=\"2021-12-15T11:50:48+00:00\" \/>\n<meta property=\"og:image\" content=\"https:\/\/seedsmakeathons.com\/es\/wp-content\/uploads\/2021\/11\/captura-300x262.png\" \/>\n<meta name=\"twitter:card\" content=\"summary_large_image\" \/>\n<script type=\"application\/ld+json\" class=\"yoast-schema-graph\">{\"@context\":\"https:\/\/schema.org\",\"@graph\":[{\"@type\":\"WebSite\",\"@id\":\"https:\/\/seedsmakeathons.com\/es\/#website\",\"url\":\"https:\/\/seedsmakeathons.com\/es\/\",\"name\":\"SEEDS\",\"description\":\"\",\"potentialAction\":[{\"@type\":\"SearchAction\",\"target\":{\"@type\":\"EntryPoint\",\"urlTemplate\":\"https:\/\/seedsmakeathons.com\/es\/?s={search_term_string}\"},\"query-input\":\"required name=search_term_string\"}],\"inLanguage\":\"es\"},{\"@type\":\"ImageObject\",\"@id\":\"https:\/\/seedsmakeathons.com\/es\/whats-seeds\/parts-of-the-project\/intervenciones\/#primaryimage\",\"inLanguage\":\"es\",\"url\":\"https:\/\/seedsmakeathons.com\/es\/wp-content\/uploads\/2021\/11\/captura.png\",\"contentUrl\":\"https:\/\/seedsmakeathons.com\/es\/wp-content\/uploads\/2021\/11\/captura.png\",\"width\":877,\"height\":767},{\"@type\":\"WebPage\",\"@id\":\"https:\/\/seedsmakeathons.com\/es\/whats-seeds\/parts-of-the-project\/intervenciones\/#webpage\",\"url\":\"https:\/\/seedsmakeathons.com\/es\/whats-seeds\/parts-of-the-project\/intervenciones\/\",\"name\":\"3. Intervenciones - SEEDS\",\"isPartOf\":{\"@id\":\"https:\/\/seedsmakeathons.com\/es\/#website\"},\"primaryImageOfPage\":{\"@id\":\"https:\/\/seedsmakeathons.com\/es\/whats-seeds\/parts-of-the-project\/intervenciones\/#primaryimage\"},\"datePublished\":\"2021-11-09T10:29:38+00:00\",\"dateModified\":\"2021-12-15T11:50:48+00:00\",\"description\":\"Los experimentos desarrollados por los adolescentes en Makeathons se combinar\\u00e1n en una sola intervenci\\u00f3n para su pa\\u00eds.\",\"breadcrumb\":{\"@id\":\"https:\/\/seedsmakeathons.com\/es\/whats-seeds\/parts-of-the-project\/intervenciones\/#breadcrumb\"},\"inLanguage\":\"es\",\"potentialAction\":[{\"@type\":\"ReadAction\",\"target\":[\"https:\/\/seedsmakeathons.com\/es\/whats-seeds\/parts-of-the-project\/intervenciones\/\"]}]},{\"@type\":\"BreadcrumbList\",\"@id\":\"https:\/\/seedsmakeathons.com\/es\/whats-seeds\/parts-of-the-project\/intervenciones\/#breadcrumb\",\"itemListElement\":[{\"@type\":\"ListItem\",\"position\":1,\"name\":\"Home\",\"item\":\"https:\/\/seedsmakeathons.com\/es\/\"},{\"@type\":\"ListItem\",\"position\":2,\"name\":\"Qu\\u00e9 es SEEDS\",\"item\":\"https:\/\/seedsmakeathons.com\/es\/whats-seeds\/\"},{\"@type\":\"ListItem\",\"position\":3,\"name\":\"Partes del proyecto\",\"item\":\"https:\/\/seedsmakeathons.com\/es\/whats-seeds\/parts-of-the-project\/\"},{\"@type\":\"ListItem\",\"position\":4,\"name\":\"3. Intervenciones\"}]}]}<\/script>\n<!-- \/ Yoast SEO plugin. -->","yoast_head_json":{"title":"3. Intervenciones - SEEDS","description":"Los experimentos desarrollados por los adolescentes en Makeathons se combinar\u00e1n en una sola intervenci\u00f3n para su pa\u00eds.","robots":{"index":"index","follow":"follow","max-snippet":"max-snippet:-1","max-image-preview":"max-image-preview:large","max-video-preview":"max-video-preview:-1"},"canonical":"https:\/\/seedsmakeathons.com\/es\/whats-seeds\/parts-of-the-project\/intervenciones\/","og_locale":"es_ES","og_type":"article","og_title":"3. Intervenciones - SEEDS","og_description":"Los experimentos desarrollados por los adolescentes en Makeathons se combinar\u00e1n en una sola intervenci\u00f3n para su pa\u00eds.","og_url":"https:\/\/seedsmakeathons.com\/es\/whats-seeds\/parts-of-the-project\/intervenciones\/","og_site_name":"SEEDS","article_modified_time":"2021-12-15T11:50:48+00:00","og_image":[{"url":"https:\/\/seedsmakeathons.com\/es\/wp-content\/uploads\/2021\/11\/captura-300x262.png"}],"twitter_card":"summary_large_image","schema":{"@context":"https:\/\/schema.org","@graph":[{"@type":"WebSite","@id":"https:\/\/seedsmakeathons.com\/es\/#website","url":"https:\/\/seedsmakeathons.com\/es\/","name":"SEEDS","description":"","potentialAction":[{"@type":"SearchAction","target":{"@type":"EntryPoint","urlTemplate":"https:\/\/seedsmakeathons.com\/es\/?s={search_term_string}"},"query-input":"required name=search_term_string"}],"inLanguage":"es"},{"@type":"ImageObject","@id":"https:\/\/seedsmakeathons.com\/es\/whats-seeds\/parts-of-the-project\/intervenciones\/#primaryimage","inLanguage":"es","url":"https:\/\/seedsmakeathons.com\/es\/wp-content\/uploads\/2021\/11\/captura.png","contentUrl":"https:\/\/seedsmakeathons.com\/es\/wp-content\/uploads\/2021\/11\/captura.png","width":877,"height":767},{"@type":"WebPage","@id":"https:\/\/seedsmakeathons.com\/es\/whats-seeds\/parts-of-the-project\/intervenciones\/#webpage","url":"https:\/\/seedsmakeathons.com\/es\/whats-seeds\/parts-of-the-project\/intervenciones\/","name":"3. Intervenciones - SEEDS","isPartOf":{"@id":"https:\/\/seedsmakeathons.com\/es\/#website"},"primaryImageOfPage":{"@id":"https:\/\/seedsmakeathons.com\/es\/whats-seeds\/parts-of-the-project\/intervenciones\/#primaryimage"},"datePublished":"2021-11-09T10:29:38+00:00","dateModified":"2021-12-15T11:50:48+00:00","description":"Los experimentos desarrollados por los adolescentes en Makeathons se combinar\u00e1n en una sola intervenci\u00f3n para su pa\u00eds.","breadcrumb":{"@id":"https:\/\/seedsmakeathons.com\/es\/whats-seeds\/parts-of-the-project\/intervenciones\/#breadcrumb"},"inLanguage":"es","potentialAction":[{"@type":"ReadAction","target":["https:\/\/seedsmakeathons.com\/es\/whats-seeds\/parts-of-the-project\/intervenciones\/"]}]},{"@type":"BreadcrumbList","@id":"https:\/\/seedsmakeathons.com\/es\/whats-seeds\/parts-of-the-project\/intervenciones\/#breadcrumb","itemListElement":[{"@type":"ListItem","position":1,"name":"Home","item":"https:\/\/seedsmakeathons.com\/es\/"},{"@type":"ListItem","position":2,"name":"Qu\u00e9 es SEEDS","item":"https:\/\/seedsmakeathons.com\/es\/whats-seeds\/"},{"@type":"ListItem","position":3,"name":"Partes del proyecto","item":"https:\/\/seedsmakeathons.com\/es\/whats-seeds\/parts-of-the-project\/"},{"@type":"ListItem","position":4,"name":"3. Intervenciones"}]}]}},"_links":{"self":[{"href":"https:\/\/seedsmakeathons.com\/es\/wp-json\/wp\/v2\/pages\/190"}],"collection":[{"href":"https:\/\/seedsmakeathons.com\/es\/wp-json\/wp\/v2\/pages"}],"about":[{"href":"https:\/\/seedsmakeathons.com\/es\/wp-json\/wp\/v2\/types\/page"}],"author":[{"embeddable":true,"href":"https:\/\/seedsmakeathons.com\/es\/wp-json\/wp\/v2\/users\/12"}],"replies":[{"embeddable":true,"href":"https:\/\/seedsmakeathons.com\/es\/wp-json\/wp\/v2\/comments?post=190"}],"version-history":[{"count":0,"href":"https:\/\/seedsmakeathons.com\/es\/wp-json\/wp\/v2\/pages\/190\/revisions"}],"up":[{"embeddable":true,"href":"https:\/\/seedsmakeathons.com\/es\/wp-json\/wp\/v2\/pages\/38"}],"wp:attachment":[{"href":"https:\/\/seedsmakeathons.com\/es\/wp-json\/wp\/v2\/media?parent=190"}],"curies":[{"name":"wp","href":"https:\/\/api.w.org\/{rel}","templated":true}]}}