{"id":176,"date":"2021-11-09T10:06:29","date_gmt":"2021-11-09T10:06:29","guid":{"rendered":"https:\/\/seedsmakeathons.com\/es\/?page_id=176"},"modified":"2021-12-15T11:50:41","modified_gmt":"2021-12-15T11:50:41","slug":"makeathons","status":"publish","type":"page","link":"https:\/\/seedsmakeathons.com\/es\/whats-seeds\/parts-of-the-project\/makeathons\/","title":{"rendered":"2. Makeathons"},"content":{"rendered":"<p>Makeathons son desaf\u00edos creativos y colaborativos en un corto per\u00edodo de tiempo. Re\u00fanen a personas (tambi\u00e9n conocidas como \u00abCreadores\u00bb) de diferentes or\u00edgenes para reflexionar y abordar una sola causa juntos. Los creadores trabajan en equipos para crear libremente lo que quieran sobre un tema o tema determinado. Este tema les ser\u00e1 revelado en el \u00faltimo momento. <a href=\"https:\/\/seedsmakeathons.com\/es\/whats-seeds\/parts-of-the-project\/makeathons\/\">[1]<\/a><\/p>\n<p>El papel de Makeathons en SEEDS es empoderar a los adolescentes como Creadores para crear un cambio por s\u00ed mismos. Trabajando junto con las partes interesadas relevantes, los adolescentes crear\u00e1n experimentos para explorar c\u00f3mo pueden vivir estilos de vida m\u00e1s saludables. Estos Makeathons expondr\u00e1n a los adolescentes a muchos aspectos interesantes de la ciencia. tecnolog\u00eda, ingenier\u00eda y matem\u00e1ticas (\u00abSTEM\u00bb). El equipo de SEEDS ha creado directrices para estandarizar estos Makeathons que se ejecutan en institutos de Espa\u00f1a, Grecia, Reino Unido y Pa\u00edses Bajos.<\/p>\n<p>&nbsp;<\/p>\n<p><a href=\"#_ftn1\">[1]<\/a> Adaptado de \u201c<a href=\"https:\/\/www.welcometothejungle.com\/en\/articles\/en-going-the-distance-with-makeathons-makers-marathons-explained\">Going the Distance with Makeathons\u2014\u2018Makers\u2019 Marathons\u2019 Explained<\/a>\u201d.<\/p>\n<p>&nbsp;<\/p>\n<p><img loading=\"lazy\" class=\"alignnone size-medium wp-image-194\" src=\"https:\/\/seedsmakeathons.com\/es\/wp-content\/uploads\/2021\/11\/captura-2-300x237.png\" alt=\"\" width=\"300\" height=\"237\" srcset=\"https:\/\/seedsmakeathons.com\/es\/wp-content\/uploads\/2021\/11\/captura-2-300x237.png 300w, https:\/\/seedsmakeathons.com\/es\/wp-content\/uploads\/2021\/11\/captura-2.png 511w\" sizes=\"(max-width: 300px) 100vw, 300px\" \/><\/p>\n","protected":false},"excerpt":{"rendered":"<p>Makeathons son desaf\u00edos creativos y colaborativos en un corto per\u00edodo de tiempo. Re\u00fanen a personas (tambi\u00e9n conocidas como \u00abCreadores\u00bb) de diferentes or\u00edgenes para reflexionar y abordar una sola causa juntos. Los creadores trabajan en equipos para crear libremente lo que quieran sobre un tema o tema determinado. Este tema les ser\u00e1 revelado en el \u00faltimo [&hellip;]<\/p>\n","protected":false},"author":12,"featured_media":0,"parent":38,"menu_order":2,"comment_status":"closed","ping_status":"closed","template":"","meta":[],"yoast_head":"<!-- This site is optimized with the Yoast SEO plugin v16.7 - https:\/\/yoast.com\/wordpress\/plugins\/seo\/ -->\n<title>2. Makeathons - SEEDS<\/title>\n<meta name=\"description\" content=\"Los Makeathons son desaf\u00edos creativos y de colaboraci\u00f3n en un per\u00edodo de tiempo corto y predeterminado que re\u00fane a creadores de diferentes or\u00edgenes para reflexionar y abordar una sola causa juntos.\" \/>\n<meta name=\"robots\" content=\"index, follow, max-snippet:-1, max-image-preview:large, max-video-preview:-1\" \/>\n<link rel=\"canonical\" href=\"https:\/\/seedsmakeathons.com\/es\/whats-seeds\/parts-of-the-project\/makeathons\/\" \/>\n<meta property=\"og:locale\" content=\"es_ES\" \/>\n<meta property=\"og:type\" content=\"article\" \/>\n<meta property=\"og:title\" content=\"2. Makeathons - SEEDS\" \/>\n<meta property=\"og:description\" content=\"Los Makeathons son desaf\u00edos creativos y de colaboraci\u00f3n en un per\u00edodo de tiempo corto y predeterminado que re\u00fane a creadores de diferentes or\u00edgenes para reflexionar y abordar una sola causa juntos.\" \/>\n<meta property=\"og:url\" content=\"https:\/\/seedsmakeathons.com\/es\/whats-seeds\/parts-of-the-project\/makeathons\/\" \/>\n<meta property=\"og:site_name\" content=\"SEEDS\" \/>\n<meta property=\"article:modified_time\" content=\"2021-12-15T11:50:41+00:00\" \/>\n<meta property=\"og:image\" content=\"https:\/\/seedsmakeathons.com\/es\/wp-content\/uploads\/2021\/11\/captura-2-300x237.png\" \/>\n<meta name=\"twitter:card\" content=\"summary_large_image\" \/>\n<script type=\"application\/ld+json\" class=\"yoast-schema-graph\">{\"@context\":\"https:\/\/schema.org\",\"@graph\":[{\"@type\":\"WebSite\",\"@id\":\"https:\/\/seedsmakeathons.com\/es\/#website\",\"url\":\"https:\/\/seedsmakeathons.com\/es\/\",\"name\":\"SEEDS\",\"description\":\"\",\"potentialAction\":[{\"@type\":\"SearchAction\",\"target\":{\"@type\":\"EntryPoint\",\"urlTemplate\":\"https:\/\/seedsmakeathons.com\/es\/?s={search_term_string}\"},\"query-input\":\"required name=search_term_string\"}],\"inLanguage\":\"es\"},{\"@type\":\"ImageObject\",\"@id\":\"https:\/\/seedsmakeathons.com\/es\/whats-seeds\/parts-of-the-project\/makeathons\/#primaryimage\",\"inLanguage\":\"es\",\"url\":\"https:\/\/seedsmakeathons.com\/es\/wp-content\/uploads\/2021\/11\/captura-2.png\",\"contentUrl\":\"https:\/\/seedsmakeathons.com\/es\/wp-content\/uploads\/2021\/11\/captura-2.png\",\"width\":511,\"height\":404},{\"@type\":\"WebPage\",\"@id\":\"https:\/\/seedsmakeathons.com\/es\/whats-seeds\/parts-of-the-project\/makeathons\/#webpage\",\"url\":\"https:\/\/seedsmakeathons.com\/es\/whats-seeds\/parts-of-the-project\/makeathons\/\",\"name\":\"2. Makeathons - SEEDS\",\"isPartOf\":{\"@id\":\"https:\/\/seedsmakeathons.com\/es\/#website\"},\"primaryImageOfPage\":{\"@id\":\"https:\/\/seedsmakeathons.com\/es\/whats-seeds\/parts-of-the-project\/makeathons\/#primaryimage\"},\"datePublished\":\"2021-11-09T10:06:29+00:00\",\"dateModified\":\"2021-12-15T11:50:41+00:00\",\"description\":\"Los Makeathons son desaf\\u00edos creativos y de colaboraci\\u00f3n en un per\\u00edodo de tiempo corto y predeterminado que re\\u00fane a creadores de diferentes or\\u00edgenes para reflexionar y abordar una sola causa juntos.\",\"breadcrumb\":{\"@id\":\"https:\/\/seedsmakeathons.com\/es\/whats-seeds\/parts-of-the-project\/makeathons\/#breadcrumb\"},\"inLanguage\":\"es\",\"potentialAction\":[{\"@type\":\"ReadAction\",\"target\":[\"https:\/\/seedsmakeathons.com\/es\/whats-seeds\/parts-of-the-project\/makeathons\/\"]}]},{\"@type\":\"BreadcrumbList\",\"@id\":\"https:\/\/seedsmakeathons.com\/es\/whats-seeds\/parts-of-the-project\/makeathons\/#breadcrumb\",\"itemListElement\":[{\"@type\":\"ListItem\",\"position\":1,\"name\":\"Home\",\"item\":\"https:\/\/seedsmakeathons.com\/es\/\"},{\"@type\":\"ListItem\",\"position\":2,\"name\":\"Qu\\u00e9 es SEEDS\",\"item\":\"https:\/\/seedsmakeathons.com\/es\/whats-seeds\/\"},{\"@type\":\"ListItem\",\"position\":3,\"name\":\"Partes del proyecto\",\"item\":\"https:\/\/seedsmakeathons.com\/es\/whats-seeds\/parts-of-the-project\/\"},{\"@type\":\"ListItem\",\"position\":4,\"name\":\"2. Makeathons\"}]}]}<\/script>\n<!-- \/ Yoast SEO plugin. -->","yoast_head_json":{"title":"2. Makeathons - SEEDS","description":"Los Makeathons son desaf\u00edos creativos y de colaboraci\u00f3n en un per\u00edodo de tiempo corto y predeterminado que re\u00fane a creadores de diferentes or\u00edgenes para reflexionar y abordar una sola causa juntos.","robots":{"index":"index","follow":"follow","max-snippet":"max-snippet:-1","max-image-preview":"max-image-preview:large","max-video-preview":"max-video-preview:-1"},"canonical":"https:\/\/seedsmakeathons.com\/es\/whats-seeds\/parts-of-the-project\/makeathons\/","og_locale":"es_ES","og_type":"article","og_title":"2. Makeathons - SEEDS","og_description":"Los Makeathons son desaf\u00edos creativos y de colaboraci\u00f3n en un per\u00edodo de tiempo corto y predeterminado que re\u00fane a creadores de diferentes or\u00edgenes para reflexionar y abordar una sola causa juntos.","og_url":"https:\/\/seedsmakeathons.com\/es\/whats-seeds\/parts-of-the-project\/makeathons\/","og_site_name":"SEEDS","article_modified_time":"2021-12-15T11:50:41+00:00","og_image":[{"url":"https:\/\/seedsmakeathons.com\/es\/wp-content\/uploads\/2021\/11\/captura-2-300x237.png"}],"twitter_card":"summary_large_image","schema":{"@context":"https:\/\/schema.org","@graph":[{"@type":"WebSite","@id":"https:\/\/seedsmakeathons.com\/es\/#website","url":"https:\/\/seedsmakeathons.com\/es\/","name":"SEEDS","description":"","potentialAction":[{"@type":"SearchAction","target":{"@type":"EntryPoint","urlTemplate":"https:\/\/seedsmakeathons.com\/es\/?s={search_term_string}"},"query-input":"required name=search_term_string"}],"inLanguage":"es"},{"@type":"ImageObject","@id":"https:\/\/seedsmakeathons.com\/es\/whats-seeds\/parts-of-the-project\/makeathons\/#primaryimage","inLanguage":"es","url":"https:\/\/seedsmakeathons.com\/es\/wp-content\/uploads\/2021\/11\/captura-2.png","contentUrl":"https:\/\/seedsmakeathons.com\/es\/wp-content\/uploads\/2021\/11\/captura-2.png","width":511,"height":404},{"@type":"WebPage","@id":"https:\/\/seedsmakeathons.com\/es\/whats-seeds\/parts-of-the-project\/makeathons\/#webpage","url":"https:\/\/seedsmakeathons.com\/es\/whats-seeds\/parts-of-the-project\/makeathons\/","name":"2. Makeathons - SEEDS","isPartOf":{"@id":"https:\/\/seedsmakeathons.com\/es\/#website"},"primaryImageOfPage":{"@id":"https:\/\/seedsmakeathons.com\/es\/whats-seeds\/parts-of-the-project\/makeathons\/#primaryimage"},"datePublished":"2021-11-09T10:06:29+00:00","dateModified":"2021-12-15T11:50:41+00:00","description":"Los Makeathons son desaf\u00edos creativos y de colaboraci\u00f3n en un per\u00edodo de tiempo corto y predeterminado que re\u00fane a creadores de diferentes or\u00edgenes para reflexionar y abordar una sola causa juntos.","breadcrumb":{"@id":"https:\/\/seedsmakeathons.com\/es\/whats-seeds\/parts-of-the-project\/makeathons\/#breadcrumb"},"inLanguage":"es","potentialAction":[{"@type":"ReadAction","target":["https:\/\/seedsmakeathons.com\/es\/whats-seeds\/parts-of-the-project\/makeathons\/"]}]},{"@type":"BreadcrumbList","@id":"https:\/\/seedsmakeathons.com\/es\/whats-seeds\/parts-of-the-project\/makeathons\/#breadcrumb","itemListElement":[{"@type":"ListItem","position":1,"name":"Home","item":"https:\/\/seedsmakeathons.com\/es\/"},{"@type":"ListItem","position":2,"name":"Qu\u00e9 es SEEDS","item":"https:\/\/seedsmakeathons.com\/es\/whats-seeds\/"},{"@type":"ListItem","position":3,"name":"Partes del proyecto","item":"https:\/\/seedsmakeathons.com\/es\/whats-seeds\/parts-of-the-project\/"},{"@type":"ListItem","position":4,"name":"2. Makeathons"}]}]}},"_links":{"self":[{"href":"https:\/\/seedsmakeathons.com\/es\/wp-json\/wp\/v2\/pages\/176"}],"collection":[{"href":"https:\/\/seedsmakeathons.com\/es\/wp-json\/wp\/v2\/pages"}],"about":[{"href":"https:\/\/seedsmakeathons.com\/es\/wp-json\/wp\/v2\/types\/page"}],"author":[{"embeddable":true,"href":"https:\/\/seedsmakeathons.com\/es\/wp-json\/wp\/v2\/users\/12"}],"replies":[{"embeddable":true,"href":"https:\/\/seedsmakeathons.com\/es\/wp-json\/wp\/v2\/comments?post=176"}],"version-history":[{"count":0,"href":"https:\/\/seedsmakeathons.com\/es\/wp-json\/wp\/v2\/pages\/176\/revisions"}],"up":[{"embeddable":true,"href":"https:\/\/seedsmakeathons.com\/es\/wp-json\/wp\/v2\/pages\/38"}],"wp:attachment":[{"href":"https:\/\/seedsmakeathons.com\/es\/wp-json\/wp\/v2\/media?parent=176"}],"curies":[{"name":"wp","href":"https:\/\/api.w.org\/{rel}","templated":true}]}}