{"id":90,"date":"2021-06-10T06:45:47","date_gmt":"2021-06-10T06:45:47","guid":{"rendered":"https:\/\/seedsmakeathons.com\/?page_id=5"},"modified":"2023-03-15T13:08:35","modified_gmt":"2023-03-15T13:08:35","slug":"home","status":"publish","type":"page","link":"https:\/\/seedsmakeathons.com\/ca\/","title":{"rendered":"Inici"},"content":{"rendered":"<h1 style=\"text-align: center\">Qu\u00e8 \u00e9s SEEDS?<\/h1>\n<p style=\"text-align: center\">SEEDS \u00e9s un projecte cient\u00edfic d&#8217;adolescents per a adolescents. El seu objectiu \u00e9s capacitar-los perqu\u00e8 visquin estils de vida saludables i ajudar-los a explorar l&#8217;important i emocionant que \u00e9s la ci\u00e8ncia. Utilitzaran la ci\u00e8ncia ciutadana per a crear nous experiments per a estils de vida saludables. Aquests es desenvoluparan durant sis mesos en instituts d&#8217;Espanya, els Pa\u00efsos Baixos, Gr\u00e8cia i el Regne Unit.<\/p>\n<p>&nbsp;<\/p>\n<p style=\"text-align: center\"><a class=\"button\" href=\"https:\/\/seedsmakeathons.com\/whats-seeds\/\">Qu\u00e8 \u00e9s SEEDS?<\/a><\/p>\n","protected":false},"excerpt":{"rendered":"<p>Qu\u00e8 \u00e9s SEEDS? SEEDS \u00e9s un projecte cient\u00edfic d&#8217;adolescents per a adolescents. El seu objectiu \u00e9s capacitar-los perqu\u00e8 visquin estils de vida saludables i ajudar-los a explorar l&#8217;important i emocionant que \u00e9s la ci\u00e8ncia. Utilitzaran la ci\u00e8ncia ciutadana per a crear nous experiments per a estils de vida saludables. Aquests es desenvoluparan durant sis mesos [&hellip;]<\/p>\n","protected":false},"author":5,"featured_media":0,"parent":0,"menu_order":1,"comment_status":"closed","ping_status":"closed","template":"","meta":[],"yoast_head":"<!-- This site is optimized with the Yoast SEO plugin v16.7 - https:\/\/yoast.com\/wordpress\/plugins\/seo\/ -->\n<title>Inici - SEEDS<\/title>\n<meta name=\"robots\" content=\"index, follow, max-snippet:-1, max-image-preview:large, max-video-preview:-1\" \/>\n<link rel=\"canonical\" href=\"https:\/\/seedsmakeathons.com\/ca\/\" \/>\n<meta property=\"og:locale\" content=\"ca_ES\" \/>\n<meta property=\"og:type\" content=\"article\" \/>\n<meta property=\"og:title\" content=\"Inici - SEEDS\" \/>\n<meta property=\"og:description\" content=\"Qu\u00e8 \u00e9s SEEDS? SEEDS \u00e9s un projecte cient\u00edfic d&#8217;adolescents per a adolescents. El seu objectiu \u00e9s capacitar-los perqu\u00e8 visquin estils de vida saludables i ajudar-los a explorar l&#8217;important i emocionant que \u00e9s la ci\u00e8ncia. Utilitzaran la ci\u00e8ncia ciutadana per a crear nous experiments per a estils de vida saludables. Aquests es desenvoluparan durant sis mesos [&hellip;]\" \/>\n<meta property=\"og:url\" content=\"https:\/\/seedsmakeathons.com\/ca\/\" \/>\n<meta property=\"og:site_name\" content=\"SEEDS\" \/>\n<meta property=\"article:modified_time\" content=\"2023-03-15T13:08:35+00:00\" \/>\n<meta name=\"twitter:card\" content=\"summary_large_image\" \/>\n<script type=\"application\/ld+json\" class=\"yoast-schema-graph\">{\"@context\":\"https:\/\/schema.org\",\"@graph\":[{\"@type\":\"WebSite\",\"@id\":\"https:\/\/seedsmakeathons.com\/ca\/#website\",\"url\":\"https:\/\/seedsmakeathons.com\/ca\/\",\"name\":\"SEEDS\",\"description\":\"\",\"potentialAction\":[{\"@type\":\"SearchAction\",\"target\":{\"@type\":\"EntryPoint\",\"urlTemplate\":\"https:\/\/seedsmakeathons.com\/ca\/?s={search_term_string}\"},\"query-input\":\"required name=search_term_string\"}],\"inLanguage\":\"ca\"},{\"@type\":\"WebPage\",\"@id\":\"https:\/\/seedsmakeathons.com\/ca\/#webpage\",\"url\":\"https:\/\/seedsmakeathons.com\/ca\/\",\"name\":\"Inici - SEEDS\",\"isPartOf\":{\"@id\":\"https:\/\/seedsmakeathons.com\/ca\/#website\"},\"datePublished\":\"2021-06-10T06:45:47+00:00\",\"dateModified\":\"2023-03-15T13:08:35+00:00\",\"breadcrumb\":{\"@id\":\"https:\/\/seedsmakeathons.com\/ca\/#breadcrumb\"},\"inLanguage\":\"ca\",\"potentialAction\":[{\"@type\":\"ReadAction\",\"target\":[\"https:\/\/seedsmakeathons.com\/ca\/\"]}]},{\"@type\":\"BreadcrumbList\",\"@id\":\"https:\/\/seedsmakeathons.com\/ca\/#breadcrumb\",\"itemListElement\":[{\"@type\":\"ListItem\",\"position\":1,\"name\":\"Home\",\"item\":\"https:\/\/seedsmakeathons.com\/ca\/\"},{\"@type\":\"ListItem\",\"position\":2,\"name\":\"Inici\"}]}]}<\/script>\n<!-- \/ Yoast SEO plugin. -->","yoast_head_json":{"title":"Inici - SEEDS","robots":{"index":"index","follow":"follow","max-snippet":"max-snippet:-1","max-image-preview":"max-image-preview:large","max-video-preview":"max-video-preview:-1"},"canonical":"https:\/\/seedsmakeathons.com\/ca\/","og_locale":"ca_ES","og_type":"article","og_title":"Inici - SEEDS","og_description":"Qu\u00e8 \u00e9s SEEDS? SEEDS \u00e9s un projecte cient\u00edfic d&#8217;adolescents per a adolescents. El seu objectiu \u00e9s capacitar-los perqu\u00e8 visquin estils de vida saludables i ajudar-los a explorar l&#8217;important i emocionant que \u00e9s la ci\u00e8ncia. Utilitzaran la ci\u00e8ncia ciutadana per a crear nous experiments per a estils de vida saludables. Aquests es desenvoluparan durant sis mesos [&hellip;]","og_url":"https:\/\/seedsmakeathons.com\/ca\/","og_site_name":"SEEDS","article_modified_time":"2023-03-15T13:08:35+00:00","twitter_card":"summary_large_image","schema":{"@context":"https:\/\/schema.org","@graph":[{"@type":"WebSite","@id":"https:\/\/seedsmakeathons.com\/ca\/#website","url":"https:\/\/seedsmakeathons.com\/ca\/","name":"SEEDS","description":"","potentialAction":[{"@type":"SearchAction","target":{"@type":"EntryPoint","urlTemplate":"https:\/\/seedsmakeathons.com\/ca\/?s={search_term_string}"},"query-input":"required name=search_term_string"}],"inLanguage":"ca"},{"@type":"WebPage","@id":"https:\/\/seedsmakeathons.com\/ca\/#webpage","url":"https:\/\/seedsmakeathons.com\/ca\/","name":"Inici - SEEDS","isPartOf":{"@id":"https:\/\/seedsmakeathons.com\/ca\/#website"},"datePublished":"2021-06-10T06:45:47+00:00","dateModified":"2023-03-15T13:08:35+00:00","breadcrumb":{"@id":"https:\/\/seedsmakeathons.com\/ca\/#breadcrumb"},"inLanguage":"ca","potentialAction":[{"@type":"ReadAction","target":["https:\/\/seedsmakeathons.com\/ca\/"]}]},{"@type":"BreadcrumbList","@id":"https:\/\/seedsmakeathons.com\/ca\/#breadcrumb","itemListElement":[{"@type":"ListItem","position":1,"name":"Home","item":"https:\/\/seedsmakeathons.com\/ca\/"},{"@type":"ListItem","position":2,"name":"Inici"}]}]}},"_links":{"self":[{"href":"https:\/\/seedsmakeathons.com\/ca\/wp-json\/wp\/v2\/pages\/90"}],"collection":[{"href":"https:\/\/seedsmakeathons.com\/ca\/wp-json\/wp\/v2\/pages"}],"about":[{"href":"https:\/\/seedsmakeathons.com\/ca\/wp-json\/wp\/v2\/types\/page"}],"author":[{"embeddable":true,"href":"https:\/\/seedsmakeathons.com\/ca\/wp-json\/wp\/v2\/users\/5"}],"replies":[{"embeddable":true,"href":"https:\/\/seedsmakeathons.com\/ca\/wp-json\/wp\/v2\/comments?post=90"}],"version-history":[{"count":0,"href":"https:\/\/seedsmakeathons.com\/ca\/wp-json\/wp\/v2\/pages\/90\/revisions"}],"wp:attachment":[{"href":"https:\/\/seedsmakeathons.com\/ca\/wp-json\/wp\/v2\/media?parent=90"}],"curies":[{"name":"wp","href":"https:\/\/api.w.org\/{rel}","templated":true}]}}