{"id":80,"date":"2021-07-20T09:28:35","date_gmt":"2021-07-20T09:28:35","guid":{"rendered":"https:\/\/seedsmakeathons.com\/?page_id=80"},"modified":"2021-11-10T10:43:41","modified_gmt":"2021-11-10T10:43:41","slug":"focus-groups","status":"publish","type":"page","link":"https:\/\/seedsmakeathons.com\/ca\/whats-seeds\/parts-of-the-project\/focus-groups\/","title":{"rendered":"1. Focus grups"},"content":{"rendered":"<p>Els grups focals s\u00f3n el comen\u00e7ament del projecte SEEDS. L&#8217;equip de SEEDS ha estat escoltant adolescents a Gr\u00e8cia, el Regne Unit, Espanya i els Pa\u00efsos Baixos, que estan compartint les seves experi\u00e8ncies. Els problemes dels entrepans i la falta d&#8217;activitat f\u00edsica, aix\u00ed com el fet que han d&#8217;asseure&#8217;s durant la major part del dia, han estat temes importants. Per tant, aquests temes s&#8217;han incorporat a les preguntes que s&#8217;abordaran en els <a href=\"https:\/\/seedsmakeathons.com\/ca\/whats-seeds\/parts-of-the-project\/2-makeathons\/\">Makeathons<\/a>.<\/p>\n<p><img loading=\"lazy\" class=\"alignnone size-medium wp-image-211\" src=\"https:\/\/seedsmakeathons.com\/ca\/wp-content\/uploads\/2021\/11\/captura-3-300x261.png\" alt=\"\" width=\"300\" height=\"261\" srcset=\"https:\/\/seedsmakeathons.com\/ca\/wp-content\/uploads\/2021\/11\/captura-3-300x261.png 300w, https:\/\/seedsmakeathons.com\/ca\/wp-content\/uploads\/2021\/11\/captura-3.png 329w\" sizes=\"(max-width: 300px) 100vw, 300px\" \/><\/p>\n","protected":false},"excerpt":{"rendered":"<p>Els grups focals s\u00f3n el comen\u00e7ament del projecte SEEDS. L&#8217;equip de SEEDS ha estat escoltant adolescents a Gr\u00e8cia, el Regne Unit, Espanya i els Pa\u00efsos Baixos, que estan compartint les seves experi\u00e8ncies. Els problemes dels entrepans i la falta d&#8217;activitat f\u00edsica, aix\u00ed com el fet que han d&#8217;asseure&#8217;s durant la major part del dia, han [&hellip;]<\/p>\n","protected":false},"author":5,"featured_media":0,"parent":38,"menu_order":1,"comment_status":"closed","ping_status":"closed","template":"","meta":[],"yoast_head":"<!-- This site is optimized with the Yoast SEO plugin v16.7 - https:\/\/yoast.com\/wordpress\/plugins\/seo\/ -->\n<title>1. Focus grups - SEEDS<\/title>\n<meta name=\"robots\" content=\"index, follow, max-snippet:-1, max-image-preview:large, max-video-preview:-1\" \/>\n<link rel=\"canonical\" href=\"https:\/\/seedsmakeathons.com\/ca\/whats-seeds\/parts-of-the-project\/focus-groups\/\" \/>\n<meta property=\"og:locale\" content=\"ca_ES\" \/>\n<meta property=\"og:type\" content=\"article\" \/>\n<meta property=\"og:title\" content=\"1. Focus grups - SEEDS\" \/>\n<meta property=\"og:description\" content=\"Els grups focals s\u00f3n el comen\u00e7ament del projecte SEEDS. L&#8217;equip de SEEDS ha estat escoltant adolescents a Gr\u00e8cia, el Regne Unit, Espanya i els Pa\u00efsos Baixos, que estan compartint les seves experi\u00e8ncies. Els problemes dels entrepans i la falta d&#8217;activitat f\u00edsica, aix\u00ed com el fet que han d&#8217;asseure&#8217;s durant la major part del dia, han [&hellip;]\" \/>\n<meta property=\"og:url\" content=\"https:\/\/seedsmakeathons.com\/ca\/whats-seeds\/parts-of-the-project\/focus-groups\/\" \/>\n<meta property=\"og:site_name\" content=\"SEEDS\" \/>\n<meta property=\"article:modified_time\" content=\"2021-11-10T10:43:41+00:00\" \/>\n<meta property=\"og:image\" content=\"https:\/\/seedsmakeathons.com\/ca\/wp-content\/uploads\/2021\/11\/captura-3-300x261.png\" \/>\n<meta name=\"twitter:card\" content=\"summary_large_image\" \/>\n<script type=\"application\/ld+json\" class=\"yoast-schema-graph\">{\"@context\":\"https:\/\/schema.org\",\"@graph\":[{\"@type\":\"WebSite\",\"@id\":\"https:\/\/seedsmakeathons.com\/ca\/#website\",\"url\":\"https:\/\/seedsmakeathons.com\/ca\/\",\"name\":\"SEEDS\",\"description\":\"\",\"potentialAction\":[{\"@type\":\"SearchAction\",\"target\":{\"@type\":\"EntryPoint\",\"urlTemplate\":\"https:\/\/seedsmakeathons.com\/ca\/?s={search_term_string}\"},\"query-input\":\"required name=search_term_string\"}],\"inLanguage\":\"ca\"},{\"@type\":\"ImageObject\",\"@id\":\"https:\/\/seedsmakeathons.com\/ca\/whats-seeds\/parts-of-the-project\/focus-groups\/#primaryimage\",\"inLanguage\":\"ca\",\"url\":\"https:\/\/seedsmakeathons.com\/ca\/wp-content\/uploads\/2021\/11\/captura-3.png\",\"contentUrl\":\"https:\/\/seedsmakeathons.com\/ca\/wp-content\/uploads\/2021\/11\/captura-3.png\",\"width\":329,\"height\":286},{\"@type\":\"WebPage\",\"@id\":\"https:\/\/seedsmakeathons.com\/ca\/whats-seeds\/parts-of-the-project\/focus-groups\/#webpage\",\"url\":\"https:\/\/seedsmakeathons.com\/ca\/whats-seeds\/parts-of-the-project\/focus-groups\/\",\"name\":\"1. Focus grups - SEEDS\",\"isPartOf\":{\"@id\":\"https:\/\/seedsmakeathons.com\/ca\/#website\"},\"primaryImageOfPage\":{\"@id\":\"https:\/\/seedsmakeathons.com\/ca\/whats-seeds\/parts-of-the-project\/focus-groups\/#primaryimage\"},\"datePublished\":\"2021-07-20T09:28:35+00:00\",\"dateModified\":\"2021-11-10T10:43:41+00:00\",\"breadcrumb\":{\"@id\":\"https:\/\/seedsmakeathons.com\/ca\/whats-seeds\/parts-of-the-project\/focus-groups\/#breadcrumb\"},\"inLanguage\":\"ca\",\"potentialAction\":[{\"@type\":\"ReadAction\",\"target\":[\"https:\/\/seedsmakeathons.com\/ca\/whats-seeds\/parts-of-the-project\/focus-groups\/\"]}]},{\"@type\":\"BreadcrumbList\",\"@id\":\"https:\/\/seedsmakeathons.com\/ca\/whats-seeds\/parts-of-the-project\/focus-groups\/#breadcrumb\",\"itemListElement\":[{\"@type\":\"ListItem\",\"position\":1,\"name\":\"Home\",\"item\":\"https:\/\/seedsmakeathons.com\/ca\/\"},{\"@type\":\"ListItem\",\"position\":2,\"name\":\"Qu\\u00e8 \\u00e9s SEEDS\",\"item\":\"https:\/\/seedsmakeathons.com\/ca\/whats-seeds\/\"},{\"@type\":\"ListItem\",\"position\":3,\"name\":\"Parts del projecte\",\"item\":\"https:\/\/seedsmakeathons.com\/ca\/whats-seeds\/parts-of-the-project\/\"},{\"@type\":\"ListItem\",\"position\":4,\"name\":\"1. Focus grups\"}]}]}<\/script>\n<!-- \/ Yoast SEO plugin. -->","yoast_head_json":{"title":"1. Focus grups - SEEDS","robots":{"index":"index","follow":"follow","max-snippet":"max-snippet:-1","max-image-preview":"max-image-preview:large","max-video-preview":"max-video-preview:-1"},"canonical":"https:\/\/seedsmakeathons.com\/ca\/whats-seeds\/parts-of-the-project\/focus-groups\/","og_locale":"ca_ES","og_type":"article","og_title":"1. Focus grups - SEEDS","og_description":"Els grups focals s\u00f3n el comen\u00e7ament del projecte SEEDS. L&#8217;equip de SEEDS ha estat escoltant adolescents a Gr\u00e8cia, el Regne Unit, Espanya i els Pa\u00efsos Baixos, que estan compartint les seves experi\u00e8ncies. Els problemes dels entrepans i la falta d&#8217;activitat f\u00edsica, aix\u00ed com el fet que han d&#8217;asseure&#8217;s durant la major part del dia, han [&hellip;]","og_url":"https:\/\/seedsmakeathons.com\/ca\/whats-seeds\/parts-of-the-project\/focus-groups\/","og_site_name":"SEEDS","article_modified_time":"2021-11-10T10:43:41+00:00","og_image":[{"url":"https:\/\/seedsmakeathons.com\/ca\/wp-content\/uploads\/2021\/11\/captura-3-300x261.png"}],"twitter_card":"summary_large_image","schema":{"@context":"https:\/\/schema.org","@graph":[{"@type":"WebSite","@id":"https:\/\/seedsmakeathons.com\/ca\/#website","url":"https:\/\/seedsmakeathons.com\/ca\/","name":"SEEDS","description":"","potentialAction":[{"@type":"SearchAction","target":{"@type":"EntryPoint","urlTemplate":"https:\/\/seedsmakeathons.com\/ca\/?s={search_term_string}"},"query-input":"required name=search_term_string"}],"inLanguage":"ca"},{"@type":"ImageObject","@id":"https:\/\/seedsmakeathons.com\/ca\/whats-seeds\/parts-of-the-project\/focus-groups\/#primaryimage","inLanguage":"ca","url":"https:\/\/seedsmakeathons.com\/ca\/wp-content\/uploads\/2021\/11\/captura-3.png","contentUrl":"https:\/\/seedsmakeathons.com\/ca\/wp-content\/uploads\/2021\/11\/captura-3.png","width":329,"height":286},{"@type":"WebPage","@id":"https:\/\/seedsmakeathons.com\/ca\/whats-seeds\/parts-of-the-project\/focus-groups\/#webpage","url":"https:\/\/seedsmakeathons.com\/ca\/whats-seeds\/parts-of-the-project\/focus-groups\/","name":"1. Focus grups - SEEDS","isPartOf":{"@id":"https:\/\/seedsmakeathons.com\/ca\/#website"},"primaryImageOfPage":{"@id":"https:\/\/seedsmakeathons.com\/ca\/whats-seeds\/parts-of-the-project\/focus-groups\/#primaryimage"},"datePublished":"2021-07-20T09:28:35+00:00","dateModified":"2021-11-10T10:43:41+00:00","breadcrumb":{"@id":"https:\/\/seedsmakeathons.com\/ca\/whats-seeds\/parts-of-the-project\/focus-groups\/#breadcrumb"},"inLanguage":"ca","potentialAction":[{"@type":"ReadAction","target":["https:\/\/seedsmakeathons.com\/ca\/whats-seeds\/parts-of-the-project\/focus-groups\/"]}]},{"@type":"BreadcrumbList","@id":"https:\/\/seedsmakeathons.com\/ca\/whats-seeds\/parts-of-the-project\/focus-groups\/#breadcrumb","itemListElement":[{"@type":"ListItem","position":1,"name":"Home","item":"https:\/\/seedsmakeathons.com\/ca\/"},{"@type":"ListItem","position":2,"name":"Qu\u00e8 \u00e9s SEEDS","item":"https:\/\/seedsmakeathons.com\/ca\/whats-seeds\/"},{"@type":"ListItem","position":3,"name":"Parts del projecte","item":"https:\/\/seedsmakeathons.com\/ca\/whats-seeds\/parts-of-the-project\/"},{"@type":"ListItem","position":4,"name":"1. Focus grups"}]}]}},"_links":{"self":[{"href":"https:\/\/seedsmakeathons.com\/ca\/wp-json\/wp\/v2\/pages\/80"}],"collection":[{"href":"https:\/\/seedsmakeathons.com\/ca\/wp-json\/wp\/v2\/pages"}],"about":[{"href":"https:\/\/seedsmakeathons.com\/ca\/wp-json\/wp\/v2\/types\/page"}],"author":[{"embeddable":true,"href":"https:\/\/seedsmakeathons.com\/ca\/wp-json\/wp\/v2\/users\/5"}],"replies":[{"embeddable":true,"href":"https:\/\/seedsmakeathons.com\/ca\/wp-json\/wp\/v2\/comments?post=80"}],"version-history":[{"count":0,"href":"https:\/\/seedsmakeathons.com\/ca\/wp-json\/wp\/v2\/pages\/80\/revisions"}],"up":[{"embeddable":true,"href":"https:\/\/seedsmakeathons.com\/ca\/wp-json\/wp\/v2\/pages\/38"}],"wp:attachment":[{"href":"https:\/\/seedsmakeathons.com\/ca\/wp-json\/wp\/v2\/media?parent=80"}],"curies":[{"name":"wp","href":"https:\/\/api.w.org\/{rel}","templated":true}]}}