{"id":70,"date":"2021-06-30T11:34:50","date_gmt":"2021-06-30T11:34:50","guid":{"rendered":"https:\/\/seedsmakeathons.com\/?page_id=70"},"modified":"2022-05-16T07:13:05","modified_gmt":"2022-05-16T06:13:05","slug":"privacy-policy","status":"publish","type":"page","link":"https:\/\/seedsmakeathons.com\/ca\/privacy-policy\/","title":{"rendered":"Pol\u00edtica de privacitat"},"content":{"rendered":"<p><strong>1. RESPONSABLE<\/strong><\/p>\n<ul>\n<li>Denominaci\u00f3 Social: FUNDACI\u00d3 INSTITUT D&#8217;INVESTIGACI\u00d3 SANIT\u00c0RIA PERE VIRGILI, [d&#8217;ara endavant <span class=\"hiddenSpellError\">IISPV<\/span>]<\/li>\n<li>Nom comercial: <span class=\"hiddenSpellError\">IISPV<\/span><\/li>\n<li>Domicili social: c\/ <span class=\"hiddenSpellError\">Excorxador<\/span>, s\/<span class=\"hiddenSpellError\">n<\/span>, 43003, Tarragona (Espanya)<\/li>\n<li>NIF: G43814045<\/li>\n<li>N\u00ba registre: 2206<\/li>\n<li>Tel\u00e8fon: +34977297997<\/li>\n<li>Correu electr\u00f2nic: <a href=\"mailto:dpd@iispv.cat\">dpd@iispv.cat<\/a><\/li>\n<li>P\u00e0gina web: <a href=\"https:\/\/seedsmakeathons.com\">https:\/\/seedsmakeathons.com<\/a><\/li>\n<\/ul>\n<p>&nbsp;<\/p>\n<p><strong>1.1. Regulacions aplicables<\/strong><\/p>\n<p>La nostra Pol\u00edtica de Privadesa ha estat dissenyada d&#8217;acord amb el Reglament General de Protecci\u00f3 de Dades de la UE 2016\/679 del Parlament Europeu i del Consell, de 27 d&#8217;abril de 2016, relatiu a la protecci\u00f3 de les persones f\u00edsiques pel que fa al tractament de dades personals i la lliure circulaci\u00f3. D&#8217;aquestes dades i derogant la Directiva 95\/46\/CE (Reglament General de Protecci\u00f3 de Dades), i en all\u00f2 que no contradigui el Reglament esmentat, segons disposa el marc legislatiu espanyol en mat\u00e8ria de Protecci\u00f3 de Dades de Car\u00e0cter Personal.<\/p>\n<p>En facilitar-nos les teves dades, declares haver llegit i compr\u00e8s aquesta Pol\u00edtica de Privadesa, donant el teu consentiment inequ\u00edvoc i expr\u00e9s al tractament de les teves dades personals d&#8217;acord amb les finalitats i termes aqu\u00ed expressats.<\/p>\n<p>L&#8217;Entitat podr\u00e0 modificar aquesta Pol\u00edtica de Privadesa per adaptar-la a les novetats legislatives, jurisprudencials o d&#8217;interpretaci\u00f3 de l&#8217;Ag\u00e8ncia Espanyola de Protecci\u00f3 de Dades. Aquestes condicions de privadesa poden ser complementades amb l&#8217;Av\u00eds Legal, la Pol\u00edtica de <span class=\"hiddenGrammarError\">Cookies<\/span>\u00a0i les Condicions Generals que, si escau, es recullen per a determinats productes o serveis, si aquest acc\u00e9s implica alguna especialitat en mat\u00e8ria de protecci\u00f3 de dades personals.<\/p>\n<p><strong>1.2. Delegat de Protecci\u00f3 de Dades<\/strong><\/p>\n<p><a href=\"mailto:dpd@iispv.cat\">dpd@iispv.cat<\/a><\/p>\n<p><strong>2. FINALITAT DEL TRACTAMENT DE DADES PERSONALS<\/strong><\/p>\n<p>El tractament que realitzem de les vostres dades personals respon a les seg\u00fcents finalitats:<\/p>\n<p>Brindar informaci\u00f3 relacionada amb els serveis oferts per la nostra entitat i detallada en aquest lloc web.<br \/>\nEnviar per correu electr\u00f2nic\u00a0<span class=\"hiddenGreenError\" style=\"padding-bottom: 2px;background-image: url('..\/..\/..\/..\/..\/images\/squiggle_green.png');background-position: left bottom;cursor: default;color: #000000;font-family: 'Open Sans', Helvetica, Arial, sans-serif;font-size: 16px;font-style: normal;font-weight: 300;letter-spacing: normal;text-align: start;text-indent: 0px;text-transform: none\">i\/o<\/span>\u00a0publicar not\u00edcies sobre la nostra entitat, aix\u00ed com actualitzacions del nostre cat\u00e0leg de productes i serveis.<\/p>\n<p><strong>2.1. Per\u00edode de conservaci\u00f3 de les vostres dades<\/strong><\/p>\n<p>Conservarem les vostres dades personals des que del vostre consentiment fins que ho revoqui o <span class=\"hiddenGreenError\" style=\"padding-bottom: 2px;background-image: url('..\/..\/..\/..\/..\/images\/squiggle_green.png');background-position: left bottom;cursor: default;color: #000000;font-family: 'Open Sans', Helvetica, Arial, sans-serif;font-size: 16px;font-style: normal;font-weight: 300;letter-spacing: normal;text-align: start;text-indent: 0px;text-transform: none\">sol\u00b7licite<\/span>\u00a0la limitaci\u00f3 del tractament. En aquests casos, mantindrem les vostres dades bloquejades durant els terminis legalment exigits.<\/p>\n<p><strong>3. LEGITIMACI\u00d3 I DADES RECOPILADES<\/strong><\/p>\n<p>La legitimaci\u00f3 per al tractament de les vostres dades \u00e9s el consentiment expr\u00e9s atorgat mitjan\u00e7ant acte positiu i afirmatiu (omple el formulari corresponent i marca la casella d&#8217;acceptaci\u00f3 d&#8217;aquesta pol\u00edtica) quan ens facilites les dades personals.<\/p>\n<p><strong>3.1. Consentiment per processar les vostres dades<\/strong><\/p>\n<p>En emplenar els formularis marqueu la casella &#8220;Accepto la Pol\u00edtica de Privadesa&#8221; i feu clic per remetre les dades, o en enviar correus electr\u00f2nics a l&#8217;Entitat a trav\u00e9s dels comptes habilitats a aquest efecte, l&#8217;Usuari declara haver llegit i acceptat expressament aquesta pol\u00edtica de privadesa, i ens atorga el seu consentiment inequ\u00edvoc i expr\u00e9s per al tractament de les seves dades personals d&#8217;acord amb les finalitats indicades.<\/p>\n<p><strong>3.2. Categories de dades<\/strong><\/p>\n<p>Les dades demanades es refereixen a la categoria de dades identificatives, com ara: Nom i Cognoms, Tel\u00e8fon, Adre\u00e7a Postal, Entitat, Correu electr\u00f2nic, aix\u00ed com l&#8217;adre\u00e7a IP des d&#8217;on accedeix al formulari de recollida de dades.<\/p>\n<p><strong>4. MESURES DE SEGURETAT<\/strong><\/p>\n<p>Com a part del nostre comprom\u00eds de garantir la seguretat i confidencialitat de les vostres dades personals, us informem que s&#8217;han pres les mesures t\u00e8cniques i organitzatives necess\u00e0ries per garantir la seguretat de les dades personals i evitar la seva alteraci\u00f3, p\u00e8rdua, tractament o acc\u00e9s no autoritzat, tenint en compte l&#8217;estat de la tecnologia, la naturalesa de les dades emmagatzemades i els riscos a qu\u00e8 estan exposats, d&#8217;acord amb l&#8217;art. 32 del RGPD EU 679\/2016.<\/p>\n<p><strong>5. ASSIGNACI\u00d3 DE DADES<\/strong><\/p>\n<p>No es fan cessions de dades ni transfer\u00e8ncies internacionals de les seves dades, llevat de les autoritzades per la legislaci\u00f3 fiscal, comercial i de telecomunicacions, aix\u00ed com en aquells casos en qu\u00e8 una autoritat judicial aix\u00ed ho requereixi.<\/p>\n<p><strong>6. DRETS DE L&#8217;USUARI<\/strong><\/p>\n<p>Qualsevol interessat t\u00e9 dret a obtenir confirmaci\u00f3 sobre si estem tractant dades personals que us concerneixen, o no. Les persones interessades tenen dret a accedir a les seves dades personals, aix\u00ed com a sol\u00b7licitar la rectificaci\u00f3 de les dades inexactes o, si escau, sol\u00b7licitar-ne la supressi\u00f3 quan, entre altres motius, les dades ja no siguin necess\u00e0ries per als fins que van ser recollides. En determinades circumst\u00e0ncies, els interessats podran sol\u00b7licitar la limitaci\u00f3 del tractament de les seves dades, cas en qu\u00e8 \u00fanicament les conservarem per a l&#8217;exercici o la defensa de reclamacions. Per motius relacionats amb la seva situaci\u00f3 particular, els interessats podran oposar-se al tractament de les seves dades. El responsable del fitxer deixar\u00e0 de tractar les dades, excepte per motius leg\u00edtims imperiosos, o l&#8217;exercici o la defensa de possibles reclamacions.<\/p>\n<p>D&#8217;acord amb la legislaci\u00f3 vigent, teniu els drets seg\u00fcents: dret a sol\u00b7licitar l&#8217;acc\u00e9s a les vostres dades personals, dret a sol\u00b7licitar-ne la rectificaci\u00f3 o supressi\u00f3, dret a sol\u00b7licitar la limitaci\u00f3 del vostre tractament, dret a oposar-vos al tractament, dret a la portabilitat de les dades i aix\u00ed mateix, per revocar el consentiment atorgat.<\/p>\n<p><strong>6.1. Com exercir els meus drets?<\/strong><\/p>\n<p>Per <span class=\"hiddenGreenError\" style=\"padding-bottom: 2px;background-image: url('..\/..\/..\/..\/..\/images\/squiggle_green.png');background-position: left bottom;cursor: default;color: #000000;font-family: 'Open Sans', Helvetica, Arial, sans-serif;font-size: 16px;font-style: normal;font-weight: 300;letter-spacing: normal;text-align: start;text-indent: 0px;text-transform: none\">exercitar<\/span>\u00a0els vostres drets haureu de posar-vos en contacte amb el responsable, sol\u00b7licitant el formulari corresponent per a l&#8217;exercici del dret escollit. Opcionalment, podeu acudir a l&#8217;Autoritat de Control competent per obtenir informaci\u00f3 addicional sobre els seus drets. Les dades de contacte per a l&#8217;exercici dels vostres drets s\u00f3n el tel\u00e8fon +34 977 297997 i el correu electr\u00f2nic: dpd@iispv.cat. Recordeu acompanyar c\u00f2pia d&#8217;un document que ens permeti identificar-lo.<\/p>\n<p><strong>7. CONSENTIMENT PER ENVIAR COMUNICACIONS ELECTR\u00d2NIQUES<\/strong><\/p>\n<p>Aix\u00ed mateix, i d&#8217;acord amb el que disposa la Llei 34\/2002, d&#8217;11 de juliol, de Serveis de la Societat de la Informaci\u00f3 i Comer\u00e7 Electr\u00f2nic, emplenant el formulari de recollida de dades i marcant la casella corresponent &#8220;Accepto l&#8217;enviament de comunicacions electr\u00f2niques&#8221;, est\u00e0 concedint el consentiment expr\u00e9s per remetre a la vostra adre\u00e7a de correu electr\u00f2nic, tel\u00e8fon, fax o altre mitj\u00e0 electr\u00f2nic informaci\u00f3 sobre l&#8217;Entitat.<\/p>\n","protected":false},"excerpt":{"rendered":"<p>1. RESPONSABLE Denominaci\u00f3 Social: FUNDACI\u00d3 INSTITUT D&#8217;INVESTIGACI\u00d3 SANIT\u00c0RIA PERE VIRGILI, [d&#8217;ara endavant IISPV] Nom comercial: IISPV Domicili social: c\/ Excorxador, s\/n, 43003, Tarragona (Espanya) NIF: G43814045 N\u00ba registre: 2206 Tel\u00e8fon: +34977297997 Correu electr\u00f2nic: dpd@iispv.cat P\u00e0gina web: https:\/\/seedsmakeathons.com &nbsp; 1.1. Regulacions aplicables La nostra Pol\u00edtica de Privadesa ha estat dissenyada d&#8217;acord amb el Reglament General de [&hellip;]<\/p>\n","protected":false},"author":5,"featured_media":0,"parent":0,"menu_order":6,"comment_status":"closed","ping_status":"closed","template":"","meta":[],"yoast_head":"<!-- This site is optimized with the Yoast SEO plugin v16.7 - https:\/\/yoast.com\/wordpress\/plugins\/seo\/ -->\n<title>Pol\u00edtica de privacitat - SEEDS<\/title>\n<meta name=\"robots\" content=\"index, follow, max-snippet:-1, max-image-preview:large, max-video-preview:-1\" \/>\n<link rel=\"canonical\" href=\"https:\/\/seedsmakeathons.com\/ca\/privacy-policy\/\" \/>\n<meta property=\"og:locale\" content=\"ca_ES\" \/>\n<meta property=\"og:type\" content=\"article\" \/>\n<meta property=\"og:title\" content=\"Pol\u00edtica de privacitat - SEEDS\" \/>\n<meta property=\"og:description\" content=\"1. RESPONSABLE Denominaci\u00f3 Social: FUNDACI\u00d3 INSTITUT D&#8217;INVESTIGACI\u00d3 SANIT\u00c0RIA PERE VIRGILI, [d&#8217;ara endavant IISPV] Nom comercial: IISPV Domicili social: c\/ Excorxador, s\/n, 43003, Tarragona (Espanya) NIF: G43814045 N\u00ba registre: 2206 Tel\u00e8fon: +34977297997 Correu electr\u00f2nic: dpd@iispv.cat P\u00e0gina web: https:\/\/seedsmakeathons.com &nbsp; 1.1. Regulacions aplicables La nostra Pol\u00edtica de Privadesa ha estat dissenyada d&#8217;acord amb el Reglament General de [&hellip;]\" \/>\n<meta property=\"og:url\" content=\"https:\/\/seedsmakeathons.com\/ca\/privacy-policy\/\" \/>\n<meta property=\"og:site_name\" content=\"SEEDS\" \/>\n<meta property=\"article:modified_time\" content=\"2022-05-16T06:13:05+00:00\" \/>\n<meta name=\"twitter:card\" content=\"summary_large_image\" \/>\n<script type=\"application\/ld+json\" class=\"yoast-schema-graph\">{\"@context\":\"https:\/\/schema.org\",\"@graph\":[{\"@type\":\"WebSite\",\"@id\":\"https:\/\/seedsmakeathons.com\/ca\/#website\",\"url\":\"https:\/\/seedsmakeathons.com\/ca\/\",\"name\":\"SEEDS\",\"description\":\"\",\"potentialAction\":[{\"@type\":\"SearchAction\",\"target\":{\"@type\":\"EntryPoint\",\"urlTemplate\":\"https:\/\/seedsmakeathons.com\/ca\/?s={search_term_string}\"},\"query-input\":\"required name=search_term_string\"}],\"inLanguage\":\"ca\"},{\"@type\":\"WebPage\",\"@id\":\"https:\/\/seedsmakeathons.com\/ca\/privacy-policy\/#webpage\",\"url\":\"https:\/\/seedsmakeathons.com\/ca\/privacy-policy\/\",\"name\":\"Pol\\u00edtica de privacitat - SEEDS\",\"isPartOf\":{\"@id\":\"https:\/\/seedsmakeathons.com\/ca\/#website\"},\"datePublished\":\"2021-06-30T11:34:50+00:00\",\"dateModified\":\"2022-05-16T06:13:05+00:00\",\"breadcrumb\":{\"@id\":\"https:\/\/seedsmakeathons.com\/ca\/privacy-policy\/#breadcrumb\"},\"inLanguage\":\"ca\",\"potentialAction\":[{\"@type\":\"ReadAction\",\"target\":[\"https:\/\/seedsmakeathons.com\/ca\/privacy-policy\/\"]}]},{\"@type\":\"BreadcrumbList\",\"@id\":\"https:\/\/seedsmakeathons.com\/ca\/privacy-policy\/#breadcrumb\",\"itemListElement\":[{\"@type\":\"ListItem\",\"position\":1,\"name\":\"Home\",\"item\":\"https:\/\/seedsmakeathons.com\/ca\/\"},{\"@type\":\"ListItem\",\"position\":2,\"name\":\"Pol\\u00edtica de privacitat\"}]}]}<\/script>\n<!-- \/ Yoast SEO plugin. -->","yoast_head_json":{"title":"Pol\u00edtica de privacitat - SEEDS","robots":{"index":"index","follow":"follow","max-snippet":"max-snippet:-1","max-image-preview":"max-image-preview:large","max-video-preview":"max-video-preview:-1"},"canonical":"https:\/\/seedsmakeathons.com\/ca\/privacy-policy\/","og_locale":"ca_ES","og_type":"article","og_title":"Pol\u00edtica de privacitat - SEEDS","og_description":"1. RESPONSABLE Denominaci\u00f3 Social: FUNDACI\u00d3 INSTITUT D&#8217;INVESTIGACI\u00d3 SANIT\u00c0RIA PERE VIRGILI, [d&#8217;ara endavant IISPV] Nom comercial: IISPV Domicili social: c\/ Excorxador, s\/n, 43003, Tarragona (Espanya) NIF: G43814045 N\u00ba registre: 2206 Tel\u00e8fon: +34977297997 Correu electr\u00f2nic: dpd@iispv.cat P\u00e0gina web: https:\/\/seedsmakeathons.com &nbsp; 1.1. Regulacions aplicables La nostra Pol\u00edtica de Privadesa ha estat dissenyada d&#8217;acord amb el Reglament General de [&hellip;]","og_url":"https:\/\/seedsmakeathons.com\/ca\/privacy-policy\/","og_site_name":"SEEDS","article_modified_time":"2022-05-16T06:13:05+00:00","twitter_card":"summary_large_image","schema":{"@context":"https:\/\/schema.org","@graph":[{"@type":"WebSite","@id":"https:\/\/seedsmakeathons.com\/ca\/#website","url":"https:\/\/seedsmakeathons.com\/ca\/","name":"SEEDS","description":"","potentialAction":[{"@type":"SearchAction","target":{"@type":"EntryPoint","urlTemplate":"https:\/\/seedsmakeathons.com\/ca\/?s={search_term_string}"},"query-input":"required name=search_term_string"}],"inLanguage":"ca"},{"@type":"WebPage","@id":"https:\/\/seedsmakeathons.com\/ca\/privacy-policy\/#webpage","url":"https:\/\/seedsmakeathons.com\/ca\/privacy-policy\/","name":"Pol\u00edtica de privacitat - SEEDS","isPartOf":{"@id":"https:\/\/seedsmakeathons.com\/ca\/#website"},"datePublished":"2021-06-30T11:34:50+00:00","dateModified":"2022-05-16T06:13:05+00:00","breadcrumb":{"@id":"https:\/\/seedsmakeathons.com\/ca\/privacy-policy\/#breadcrumb"},"inLanguage":"ca","potentialAction":[{"@type":"ReadAction","target":["https:\/\/seedsmakeathons.com\/ca\/privacy-policy\/"]}]},{"@type":"BreadcrumbList","@id":"https:\/\/seedsmakeathons.com\/ca\/privacy-policy\/#breadcrumb","itemListElement":[{"@type":"ListItem","position":1,"name":"Home","item":"https:\/\/seedsmakeathons.com\/ca\/"},{"@type":"ListItem","position":2,"name":"Pol\u00edtica de privacitat"}]}]}},"_links":{"self":[{"href":"https:\/\/seedsmakeathons.com\/ca\/wp-json\/wp\/v2\/pages\/70"}],"collection":[{"href":"https:\/\/seedsmakeathons.com\/ca\/wp-json\/wp\/v2\/pages"}],"about":[{"href":"https:\/\/seedsmakeathons.com\/ca\/wp-json\/wp\/v2\/types\/page"}],"author":[{"embeddable":true,"href":"https:\/\/seedsmakeathons.com\/ca\/wp-json\/wp\/v2\/users\/5"}],"replies":[{"embeddable":true,"href":"https:\/\/seedsmakeathons.com\/ca\/wp-json\/wp\/v2\/comments?post=70"}],"version-history":[{"count":0,"href":"https:\/\/seedsmakeathons.com\/ca\/wp-json\/wp\/v2\/pages\/70\/revisions"}],"wp:attachment":[{"href":"https:\/\/seedsmakeathons.com\/ca\/wp-json\/wp\/v2\/media?parent=70"}],"curies":[{"name":"wp","href":"https:\/\/api.w.org\/{rel}","templated":true}]}}