{"id":69,"date":"2021-06-30T11:33:47","date_gmt":"2021-06-30T11:33:47","guid":{"rendered":"https:\/\/seedsmakeathons.com\/?page_id=69"},"modified":"2021-11-11T13:20:22","modified_gmt":"2021-11-11T13:20:22","slug":"cookies-policy","status":"publish","type":"page","link":"https:\/\/seedsmakeathons.com\/ca\/cookies-policy\/","title":{"rendered":"Pol\u00edtica de cookies"},"content":{"rendered":"<h3>INFORMACI\u00d3N DE COOKIES QU\u00c8 S\u00d3N LES COOKIES?<\/h3>\n<p>A causa de l&#8217;entrada en vigor de l&#8217;esmentada modificaci\u00f3 de la Llei de Serveis de la Societat de la Informaci\u00f3 (<span class=\"hiddenSpellError\">LSSICE<\/span>) establerta pel Real Decret 13\/2012, \u00e9s de compliment obligat obtenir el consentiment expr\u00e9s de l&#8217;usuari de totes les p\u00e0gines web que utilitzi prescindibles.\u00a0<span class=\"hiddenGrammarError\">cookies<\/span>, abans que l&#8217;usuari les navegui.<\/p>\n<h3>QU\u00c8 S\u00d3N LES COOKIES?<\/h3>\n<p>Les cookies i altres tecnologies similars, com els objectes compartits locals, les cookies\u00a0<span class=\"hiddenSpellError\">flash<\/span>\u00a0o els p\u00edxels, s\u00f3n eines que utilitzen els servidors web per emmagatzemar i recuperar informaci\u00f3 sobre els seus visitants, aix\u00ed com per oferir un funcionament adequat del lloc.<\/p>\n<p>Mitjan\u00e7ant l&#8217;\u00fas d&#8217;aquests dispositius es permet que el servidor web recordi algunes dades concernents a\u00a0l&#8217;usuari, com les seves prefer\u00e8ncies per mostrar les p\u00e0gines d&#8217;aquest servidor, nom i contrasenya, productes que m\u00e9s li interessen, etc.<\/p>\n<h3><span class=\"hiddenGrammarError\">COOKIES<\/span>\u00a0AFECTADES PEL REGLAMENT I\u00a0<span class=\"hiddenGrammarError\">COOKIES<\/span> EXCLOSES<\/h3>\n<p>Segons la directiva de la UE, les cookies\u00a0 que requereixen el consentiment informat de l&#8217;usuari s\u00f3n les cookies anal\u00edtiques i les cookies publicit\u00e0ries i d&#8217;afiliaci\u00f3, a excepci\u00f3 de les de car\u00e0cter t\u00e8cnic i les necess\u00e0ries per al funcionament del lloc web o la prestaci\u00f3 de serveis. Sol\u00b7licitat expressament per l&#8217;usuari.<\/p>\n<h4>QUIN TIPUS DE COOKIES EXISTEIXEN?<\/h4>\n<p>Pel que fa als tipus de\u00a0<span class=\"hiddenGrammarError\">cookies<\/span>, hi ha cinc grans grups:<\/p>\n<ul>\n<li>Cookies anal\u00edtiques: recullen informaci\u00f3 sobre l&#8217;\u00fas que es fa del lloc web.<\/li>\n<li><span class=\"hiddenGrammarError\">Cookies<\/span>\u00a0socials: s\u00f3n aquelles necess\u00e0ries per a xarxes socials externes.<\/li>\n<li><span class=\"hiddenGrammarError\">Cookies<\/span> d&#8217;afiliats: permeten fer un seguiment de les visites d&#8217;altres llocs web, amb qu\u00e8 el lloc web estableix un contracte d&#8217;afiliaci\u00f3 (empreses afiliades).<\/li>\n<li>Cookies publicit\u00e0ries i de comportament: recullen informaci\u00f3 sobre les prefer\u00e8ncies i eleccions personals de l&#8217;usuari (<span class=\"hiddenSpellError\">retargeting<\/span>).<\/li>\n<li>Cookies t\u00e8cniques i funcionals: s\u00f3n les estrictament necess\u00e0ries per a l&#8217;\u00fas del lloc web i per a la prestaci\u00f3 del servei contractat.<\/li>\n<\/ul>\n<h3><span class=\"hiddenGrammarError\">COOKIES<\/span>\u00a0QUE S&#8217;UTILITZEN EN AQUEST LLOC WEB<\/h3>\n<p><span class=\"hiddenSpellError\">PHPSESSID<\/span>: Cookie t\u00e8cnica i estrictament necess\u00e0ria que cont\u00e9 l&#8217;identificador de sessi\u00f3. S&#8217;elimina en tancar el navegador.<\/p>\n<ul>\n<li><span class=\"hiddenSpellError\">_lang<\/span>: Cookie t\u00e8cnica i estrictament necess\u00e0ria que cont\u00e9 l&#8217;idioma de la sessi\u00f3. Es treu tancant el<br \/>\nnavegador.<\/li>\n<li><span class=\"hiddenSpellError\">ac_cookies<\/span>: Cookie t\u00e8cnica i estrictament necess\u00e0ria que cont\u00e9 el valor de si s&#8217;ha acceptat la instal\u00b7laci\u00f3 de Cookies. Caduca despr\u00e9s d&#8217;un\u00a0any des de l&#8217;\u00faltima actualitzaci\u00f3.<\/li>\n<li><span class=\"hiddenSpellError\">_utma<\/span>: Cookie de Google Analytics que registra la data de la primera i \u00faltima vegada que l&#8217;usuari va visitar el lloc web. Caduca al cap de <span class=\"hiddenGreenError\">2<\/span> anys des de la darrera actualitzaci\u00f3.<\/li>\n<li><span class=\"hiddenSpellError\">_utmb<\/span>: Cookie de Google Analytics que registra l&#8217;hora d&#8217;arribada al lloc web. Caduca 30 minuts despr\u00e9s de la darrera actualitzaci\u00f3.<\/li>\n<li><span class=\"hiddenSpellError\">_utmc<\/span>: Cookie de Google Analytics utilitzada per a la interoperabilitat amb el codi de seguiment urchin.js. S&#8217;elimina en tancar el navegador.<\/li>\n<li><span class=\"hiddenSpellError\">_utmt<\/span>: Cookie de Google Analytics. Aquesta cookie es fa servir per processar el tipus de sol\u00b7licitud sol\u00b7licitada per l&#8217;usuari. Caduca al final de la sessi\u00f3.<\/li>\n<li><span class=\"hiddenSpellError\">_utmv<\/span>: Cookie de Google Analytics. Aquesta cookie es fa servir per segmentar dades demogr\u00e0fiques. Caduca al final de la sessi\u00f3.<\/li>\n<li><span class=\"hiddenSpellError\">_utmz<\/span>: Cookie de Google Analytics que emmagatzema la font de tr\u00e0nsit o una campanya per explicar com va arribar l&#8217;usuari al lloc web. Caduca\u00a0<span class=\"hiddenGreenError\">6<\/span>\u00a0mesos despr\u00e9s de la darrera actualitzaci\u00f3.<\/li>\n<\/ul>\n<h3>REVOCACI\u00d3 DEL CONSENTIMENT PER INSTAL\u00b7LAR\u00a0<span class=\"hiddenGrammarError\">COOKIES<\/span><\/h3>\n<h4>COM ELIMINAR LES\u00a0<span class=\"hiddenGrammarError\">COOKIES<\/span>\u00a0DEL NAVEGADOR<\/h4>\n<p>Chrome<\/p>\n<ol>\n<li>Seleccioneu la icona d&#8217;eines<\/li>\n<li>Feu clic a Configuraci\u00f3.<\/li>\n<li>Feu clic a Mostra opcions avan\u00e7ades.<\/li>\n<li>A la secci\u00f3 &#8220;Privadesa&#8221;, feu clic a Configuraci\u00f3 de contingut.<br \/>\n\u2022 Eliminar\u00a0<span class=\"hiddenGrammarError\">cookies<\/span>: feu clic a Totes les\u00a0<span class=\"hiddenGrammarError\">cookies<\/span> i les dades del lloc.<br \/>\n\u2022 No permeteu que s&#8217;emmagatzemin\u00a0<span class=\"hiddenGrammarError\">cookies<\/span>.<\/li>\n<li>Feu clic a Suprimeix les dades de navegaci\u00f3 (buidar la mem\u00f2ria cau).<\/li>\n<li>Tanqueu i reinicieu el navegador.<\/li>\n<\/ol>\n<p>&nbsp;<\/p>\n<p>Per obtenir m\u00e9s informaci\u00f3 sobre Chrome, feu clic aqu\u00ed: <a href=\"http:\/\/support.google.com\/chrome\/answer\/95647?hl=ca\">http:\/\/support.google.com\/chrome\/answer\/95647?hl=ca<\/a><\/p>\n<p>Explorador\u00a0d&#8217;Internet. Versi\u00f3 11<\/p>\n<ol>\n<li>Seleccioneu Eines | Opcions d&#8217;Internet.<\/li>\n<li>Feu clic a la pestanya General.<\/li>\n<li>A la secci\u00f3 &#8220;Historial d&#8217;exploraci\u00f3&#8221;, feu clic a Suprimeix l&#8217;historial d&#8217;exploraci\u00f3 en sortir.<\/li>\n<li>Seleccioneu Suprimeix fitxers.<\/li>\n<li>Seleccioneu Suprimeix les <span class=\"hiddenGrammarError\">cookies<\/span>.<\/li>\n<li>Feu clic a Suprimeix.<\/li>\n<li>Feu clic <span class=\"hiddenGrammarError\">a D&#8217;acord<\/span>.<\/li>\n<\/ol>\n<p>Tanqueu i reinicieu el navegador.<\/p>\n<p>Per obtenir m\u00e9s informaci\u00f3 sobre Internet Explorer, feu clic aqu\u00ed: <a href=\"https:\/\/support.microsoft.com\/es-es\/kb\/278835\">https:\/\/support.microsoft.com\/es-es\/kb\/278835<\/a><\/p>\n<p>Firefox. Versi\u00f3 18<\/p>\n<ol>\n<li>Seleccioneu Firefox | Hist\u00f2ria | Netejar l&#8217;historial recent.<\/li>\n<li>Al costat de &#8220;Detalls&#8221;, feu clic a la fletxa cap avall.<\/li>\n<li>Seleccioneu les caselles de verificaci\u00f3 seg\u00fcents: Cookies, Mem\u00f2ria cau, Inicis de sessi\u00f3 actius.<\/li>\n<li>Utilitzant <span class=\"hiddenGrammarError\">el &#8220;Interval<\/span> de temps per esborrar&#8221; del men\u00fa desplegable, seleccioneu Tot.<\/li>\n<li>Feu clic a Suprimeix ara.<\/li>\n<li>Tanqueu i reinicieu el navegador.<\/li>\n<\/ol>\n<p>Podeu acceptar o rebutjar <span class=\"hiddenGrammarError\">cookies<\/span> individuals.<\/p>\n","protected":false},"excerpt":{"rendered":"<p>INFORMACI\u00d3N DE COOKIES QU\u00c8 S\u00d3N LES COOKIES? A causa de l&#8217;entrada en vigor de l&#8217;esmentada modificaci\u00f3 de la Llei de Serveis de la Societat de la Informaci\u00f3 (LSSICE) establerta pel Real Decret 13\/2012, \u00e9s de compliment obligat obtenir el consentiment expr\u00e9s de l&#8217;usuari de totes les p\u00e0gines web que utilitzi prescindibles.\u00a0cookies, abans que l&#8217;usuari les [&hellip;]<\/p>\n","protected":false},"author":5,"featured_media":0,"parent":0,"menu_order":5,"comment_status":"closed","ping_status":"closed","template":"","meta":[],"yoast_head":"<!-- This site is optimized with the Yoast SEO plugin v16.7 - https:\/\/yoast.com\/wordpress\/plugins\/seo\/ -->\n<title>Pol\u00edtica de cookies - SEEDS<\/title>\n<meta name=\"robots\" content=\"index, follow, max-snippet:-1, max-image-preview:large, max-video-preview:-1\" \/>\n<link rel=\"canonical\" href=\"https:\/\/seedsmakeathons.com\/ca\/cookies-policy\/\" \/>\n<meta property=\"og:locale\" content=\"ca_ES\" \/>\n<meta property=\"og:type\" content=\"article\" \/>\n<meta property=\"og:title\" content=\"Pol\u00edtica de cookies - SEEDS\" \/>\n<meta property=\"og:description\" content=\"INFORMACI\u00d3N DE COOKIES QU\u00c8 S\u00d3N LES COOKIES? A causa de l&#8217;entrada en vigor de l&#8217;esmentada modificaci\u00f3 de la Llei de Serveis de la Societat de la Informaci\u00f3 (LSSICE) establerta pel Real Decret 13\/2012, \u00e9s de compliment obligat obtenir el consentiment expr\u00e9s de l&#8217;usuari de totes les p\u00e0gines web que utilitzi prescindibles.\u00a0cookies, abans que l&#8217;usuari les [&hellip;]\" \/>\n<meta property=\"og:url\" content=\"https:\/\/seedsmakeathons.com\/ca\/cookies-policy\/\" \/>\n<meta property=\"og:site_name\" content=\"SEEDS\" \/>\n<meta property=\"article:modified_time\" content=\"2021-11-11T13:20:22+00:00\" \/>\n<meta name=\"twitter:card\" content=\"summary_large_image\" \/>\n<script type=\"application\/ld+json\" class=\"yoast-schema-graph\">{\"@context\":\"https:\/\/schema.org\",\"@graph\":[{\"@type\":\"WebSite\",\"@id\":\"https:\/\/seedsmakeathons.com\/ca\/#website\",\"url\":\"https:\/\/seedsmakeathons.com\/ca\/\",\"name\":\"SEEDS\",\"description\":\"\",\"potentialAction\":[{\"@type\":\"SearchAction\",\"target\":{\"@type\":\"EntryPoint\",\"urlTemplate\":\"https:\/\/seedsmakeathons.com\/ca\/?s={search_term_string}\"},\"query-input\":\"required name=search_term_string\"}],\"inLanguage\":\"ca\"},{\"@type\":\"WebPage\",\"@id\":\"https:\/\/seedsmakeathons.com\/ca\/cookies-policy\/#webpage\",\"url\":\"https:\/\/seedsmakeathons.com\/ca\/cookies-policy\/\",\"name\":\"Pol\\u00edtica de cookies - SEEDS\",\"isPartOf\":{\"@id\":\"https:\/\/seedsmakeathons.com\/ca\/#website\"},\"datePublished\":\"2021-06-30T11:33:47+00:00\",\"dateModified\":\"2021-11-11T13:20:22+00:00\",\"breadcrumb\":{\"@id\":\"https:\/\/seedsmakeathons.com\/ca\/cookies-policy\/#breadcrumb\"},\"inLanguage\":\"ca\",\"potentialAction\":[{\"@type\":\"ReadAction\",\"target\":[\"https:\/\/seedsmakeathons.com\/ca\/cookies-policy\/\"]}]},{\"@type\":\"BreadcrumbList\",\"@id\":\"https:\/\/seedsmakeathons.com\/ca\/cookies-policy\/#breadcrumb\",\"itemListElement\":[{\"@type\":\"ListItem\",\"position\":1,\"name\":\"Home\",\"item\":\"https:\/\/seedsmakeathons.com\/ca\/\"},{\"@type\":\"ListItem\",\"position\":2,\"name\":\"Pol\\u00edtica de cookies\"}]}]}<\/script>\n<!-- \/ Yoast SEO plugin. -->","yoast_head_json":{"title":"Pol\u00edtica de cookies - SEEDS","robots":{"index":"index","follow":"follow","max-snippet":"max-snippet:-1","max-image-preview":"max-image-preview:large","max-video-preview":"max-video-preview:-1"},"canonical":"https:\/\/seedsmakeathons.com\/ca\/cookies-policy\/","og_locale":"ca_ES","og_type":"article","og_title":"Pol\u00edtica de cookies - SEEDS","og_description":"INFORMACI\u00d3N DE COOKIES QU\u00c8 S\u00d3N LES COOKIES? A causa de l&#8217;entrada en vigor de l&#8217;esmentada modificaci\u00f3 de la Llei de Serveis de la Societat de la Informaci\u00f3 (LSSICE) establerta pel Real Decret 13\/2012, \u00e9s de compliment obligat obtenir el consentiment expr\u00e9s de l&#8217;usuari de totes les p\u00e0gines web que utilitzi prescindibles.\u00a0cookies, abans que l&#8217;usuari les [&hellip;]","og_url":"https:\/\/seedsmakeathons.com\/ca\/cookies-policy\/","og_site_name":"SEEDS","article_modified_time":"2021-11-11T13:20:22+00:00","twitter_card":"summary_large_image","schema":{"@context":"https:\/\/schema.org","@graph":[{"@type":"WebSite","@id":"https:\/\/seedsmakeathons.com\/ca\/#website","url":"https:\/\/seedsmakeathons.com\/ca\/","name":"SEEDS","description":"","potentialAction":[{"@type":"SearchAction","target":{"@type":"EntryPoint","urlTemplate":"https:\/\/seedsmakeathons.com\/ca\/?s={search_term_string}"},"query-input":"required name=search_term_string"}],"inLanguage":"ca"},{"@type":"WebPage","@id":"https:\/\/seedsmakeathons.com\/ca\/cookies-policy\/#webpage","url":"https:\/\/seedsmakeathons.com\/ca\/cookies-policy\/","name":"Pol\u00edtica de cookies - SEEDS","isPartOf":{"@id":"https:\/\/seedsmakeathons.com\/ca\/#website"},"datePublished":"2021-06-30T11:33:47+00:00","dateModified":"2021-11-11T13:20:22+00:00","breadcrumb":{"@id":"https:\/\/seedsmakeathons.com\/ca\/cookies-policy\/#breadcrumb"},"inLanguage":"ca","potentialAction":[{"@type":"ReadAction","target":["https:\/\/seedsmakeathons.com\/ca\/cookies-policy\/"]}]},{"@type":"BreadcrumbList","@id":"https:\/\/seedsmakeathons.com\/ca\/cookies-policy\/#breadcrumb","itemListElement":[{"@type":"ListItem","position":1,"name":"Home","item":"https:\/\/seedsmakeathons.com\/ca\/"},{"@type":"ListItem","position":2,"name":"Pol\u00edtica de cookies"}]}]}},"_links":{"self":[{"href":"https:\/\/seedsmakeathons.com\/ca\/wp-json\/wp\/v2\/pages\/69"}],"collection":[{"href":"https:\/\/seedsmakeathons.com\/ca\/wp-json\/wp\/v2\/pages"}],"about":[{"href":"https:\/\/seedsmakeathons.com\/ca\/wp-json\/wp\/v2\/types\/page"}],"author":[{"embeddable":true,"href":"https:\/\/seedsmakeathons.com\/ca\/wp-json\/wp\/v2\/users\/5"}],"replies":[{"embeddable":true,"href":"https:\/\/seedsmakeathons.com\/ca\/wp-json\/wp\/v2\/comments?post=69"}],"version-history":[{"count":0,"href":"https:\/\/seedsmakeathons.com\/ca\/wp-json\/wp\/v2\/pages\/69\/revisions"}],"wp:attachment":[{"href":"https:\/\/seedsmakeathons.com\/ca\/wp-json\/wp\/v2\/media?parent=69"}],"curies":[{"name":"wp","href":"https:\/\/api.w.org\/{rel}","templated":true}]}}