{"id":55,"date":"2021-06-21T22:22:48","date_gmt":"2021-06-21T22:22:48","guid":{"rendered":"https:\/\/seedsmakeathons.com\/?page_id=55"},"modified":"2022-05-16T07:13:52","modified_gmt":"2022-05-16T06:13:52","slug":"legal-advice","status":"publish","type":"page","link":"https:\/\/seedsmakeathons.com\/ca\/legal-advice\/","title":{"rendered":"Av\u00eds legal"},"content":{"rendered":"<p>&nbsp;<\/p>\n<p>Per a donar compliment a l&#8217;article 10 de la Llei 34\/2002 de Serveis de la Societat de la Informaci\u00f3 i Comer\u00e7 Electr\u00f2nic, informem l&#8217;usuari de les nostres dades:<\/p>\n<ul>\n<li>Denominaci\u00f3 Social: FUNDACI\u00d3 INSTITUT D\u2019INVESTIGACI\u00d3 SANIT\u00c0RIA PERE VIRGILI, [d&#8217;ara endavant IISPV]<\/li>\n<li>Nom comercial: IISPV<\/li>\n<li>Domicili social: c \/ Excorxador s \/ n, 43003, Tarragona (Espanya)<\/li>\n<li>NIF: G43814045<\/li>\n<li>N\u00ba registre: 2206<\/li>\n<li>Tel\u00e8fon: +34977297997<\/li>\n<li>correu electr\u00f2nic: <a href=\"mailto:dpd@iispv.cat\">dpd@iispv.cat<\/a><\/li>\n<li>P\u00e0gina web: <a href=\"https:\/\/seedsmakeathons.com\">https:\/\/seedsmakeathons.com<\/a><\/li>\n<\/ul>\n<p><strong>Objecte<\/strong><\/p>\n<p>El prestador, responsable del lloc web, posa a la disposici\u00f3 dels usuaris aquest document amb el qual pret\u00e9n donar compliment a les obligacions previstes en la Llei 34\/2002, de Serveis de la Societat de la Informaci\u00f3 i Comer\u00e7 Electr\u00f2nic (LSSI-CE), aix\u00ed com informar tots els usuaris del lloc web sobre les condicions d&#8217;\u00fas del lloc web.<\/p>\n<p>Tota persona que accedeixi a aquest lloc web assumeix el rol d&#8217;usuari, comprometent-se a l&#8217;observan\u00e7a i estricte compliment de les disposicions aqu\u00ed disposades, aix\u00ed com a qualsevol altra disposici\u00f3 legal que sigui aplicable.<\/p>\n<p>El prestador es reserva el dret a modificar qualsevol tipus d&#8217;informaci\u00f3 que pogu\u00e9s apar\u00e8ixer en el lloc web, sense que existeixi obligaci\u00f3 de preavisar o posar en coneixement dels usuaris aquestes obligacions, entenent-se com a suficient amb la publicaci\u00f3 en el lloc web del prestador.<\/p>\n<p><strong>Responsabilitat <\/strong><\/p>\n<p>El prestador s&#8217;eximeix de qualsevol responsabilitat derivada de la informaci\u00f3 publicada al vostre lloc web, sempre que aquesta informaci\u00f3 hagi estat manipulada o introdu\u00efda per un tercer.<\/p>\n<p>El lloc web del prestador pot utilitzar\u00a0<span class=\"hiddenGrammarError\">cookies<\/span> (petits fitxers d&#8217;informaci\u00f3 que el servidor envia a l&#8217;ordinador de qui accedeix a la p\u00e0gina) per dur a terme determinades funcions que s\u00f3n considerades imprescindibles per al correcte funcionament i visualitzaci\u00f3 del lloc. Les cookies usades al lloc web tenen, en tot cas, car\u00e0cter temporal amb l&#8217;\u00fanica finalitat de fer m\u00e9s efica\u00e7 la seva transmissi\u00f3 ulterior i desapareixen quan finalitza la sessi\u00f3 de l&#8217;usuari. En cap cas no s&#8217;faran servir <span class=\"hiddenGrammarError\">cookies<\/span>\u00a0per recopilar informaci\u00f3 personal.<\/p>\n<p>Des del lloc web del client es pot redirigir a llocs web de tercers. At\u00e8s que el prestador no pot controlar sempre els continguts introdu\u00efts pels tercers als seus llocs web, no assumeix cap responsabilitat per aquests continguts. En tot cas, el prestador manifesta que procedir\u00e0 a la retirada immediata de qualsevol contingut que pugui contravenir la legislaci\u00f3 nacional o internacional, la moral o l&#8217;ordre p\u00fablic, procedint a la retirada immediata de la redirecci\u00f3 a aquest lloc web, informant les autoritats competents sobre el contingut en q\u00fcesti\u00f3.<\/p>\n<p>El prestador no es fa responsable de la informaci\u00f3 i continguts emmagatzemats, a t\u00edtol enunciatiu, per\u00f2 no limitatiu, en f\u00f2rums, xats, generadors de blocs, comentaris, xarxes socials o qualsevol altre mitj\u00e0 que permeti a tercers publicar continguts de forma independent al lloc web del prestador. Aix\u00f2 no obstant, i en compliment del que disposa l&#8217;art. 11 i 16 de la LSSI-CE, el prestador es posa a disposici\u00f3 de tots els usuaris, autoritats i forces de seguretat, i col\u00b7laborant activament en la retirada o bloqueig de qualsevol contingut que pogu\u00e9s afectar o contravenir la legislaci\u00f3 nacional, o internacional, drets de tercers o moralitat i ordre p\u00fablic. En cas que l&#8217;usuari consideri que hi ha algun contingut al lloc web que pogu\u00e9s ser susceptible d&#8217;aquesta classificaci\u00f3, si us plau notifiqueu a l&#8217;administrador del lloc web immediatament.<\/p>\n<p>Aquest lloc web ha estat revisat i provat perqu\u00e8 funcioni correctament. En principi, es pot garantir el funcionament correcte els 365 dies de l&#8217;any, les 24 hores del dia. Aix\u00f2 no obstant, el prestador no descarta la possibilitat que es produeixin determinats errors de programaci\u00f3, o causes de for\u00e7a major, cat\u00e0strofes naturals, vagues o circumst\u00e0ncies similars que facin impossible l&#8217;acc\u00e9s al lloc web.<\/p>\n<p><strong>Propietat intel\u00b7lectual i industrial<\/strong><br \/>\nEl lloc web, incloent-hi a t\u00edtol enunciatiu per\u00f2 no limitatiu la seva programaci\u00f3, edici\u00f3, compilaci\u00f3 i altres elements necessaris per al seu funcionament, els dissenys, logotips, text i\/o gr\u00e0fics s\u00f3n propietat del prestador o, si escau, disposa de llic\u00e8ncia o autoritzaci\u00f3 expressa per part dels autors. Tots els continguts del lloc web es troben degudament protegits per la normativa de propietat intel\u00b7lectual i industrial, aix\u00ed com inscrits als registres p\u00fablics corresponents.<\/p>\n<p>Independentment de la finalitat per a la qual van ser destinats, la reproducci\u00f3, l&#8217;\u00fas, l&#8217;explotaci\u00f3, la distribuci\u00f3 i la comercialitzaci\u00f3 total o parcial requereix en tot cas de l&#8217;autoritzaci\u00f3 pr\u00e8via i per escrit del prestador. Qualsevol \u00fas no autoritzat pr\u00e8viament pel prestador ser\u00e0 considerat un incompliment greu dels drets de propietat intel\u00b7lectual o industrial de <span class=\"hiddenSpellError\">lautor<\/span>.<\/p>\n<p>Els dissenys, logotips, text o gr\u00e0fics aliens al prestador i que poguessin apar\u00e8ixer al lloc web pertanyen als seus respectius propietaris, sent ells mateixos responsables de qualsevol possible controv\u00e8rsia que pogu\u00e9s suscitar-se respecte a aquests. En tot cas, el prestador disposa de la seva autoritzaci\u00f3 expressa i pr\u00e8via.<\/p>\n<p>El prestador NO AUTORITZA expressament al fet que tercers puguin redirigir directament als continguts concrets del lloc web, en tot cas redirigint al lloc web principal del prestador.<\/p>\n<p>El prestador reconeix els drets de propietat industrial i intel\u00b7lectual a favor dels seus titulars, no implicant la seva sola menci\u00f3 o aparici\u00f3 al lloc web l&#8217;exist\u00e8ncia de drets o responsabilitat del prestador sobre aquests, ni suport, patrocini o recomanaci\u00f3 per part d&#8217;aquests.<\/p>\n<p>Per realitzar qualsevol <span class=\"hiddenGreenError\">tipus<\/span>\u00a0d&#8217;observaci\u00f3 respecte a possibles incompliments dels drets de propietat intel\u00b7lectual o industrial, aix\u00ed com sobre qualsevol dels continguts del lloc web, ho podeu fer a trav\u00e9s del seg\u00fcent correu electr\u00f2nic.<\/p>\n<p><strong>Veracitat de la informaci\u00f3<\/strong><\/p>\n<p>Tota la informaci\u00f3 facilitada per l&#8217;usuari ha de ser vera\u00e7. A aquest efecte, l&#8217;usuari garanteix l&#8217;autenticitat de les dades que comuniqui a trav\u00e9s dels formularis de subscripci\u00f3 dels serveis. Ser\u00e0 responsabilitat de l&#8217;Usuari mantenir permanentment actualitzada tota la informaci\u00f3 facilitada a <span class=\"hiddenSpellError\">IISPV<\/span>\u00a0perqu\u00e8 respongui, a cada moment, a la seva situaci\u00f3 real. En tot cas, l&#8217;Usuari ser\u00e0 l&#8217;\u00fanic responsable de les manifestacions falses o inexactes que faci i dels perjudicis que causi el prestador o tercers.<\/p>\n<p><strong>Menors<\/strong><\/p>\n<p>Per a l&#8217;\u00fas dels serveis, els menors sempre han de comptar amb el consentiment dels pares, tutors o representants legals, els qui s\u00f3n els responsables \u00faltims de tots els actes realitzats pels menors a c\u00e0rrec seu. La responsabilitat en la determinaci\u00f3 dels continguts espec\u00edfics a qu\u00e8 accedeixen els menors correspon a aquells, \u00e9s per aix\u00f2 que si accedeixen a continguts inapropiats a trav\u00e9s d&#8217;Internet, hauran d&#8217;establir mecanismes als seus equips, en particular programes inform\u00e0tics, filtres i bloquejos, que permetin limiten els continguts disponibles i, encara que no s\u00f3n infal\u00b7libles, s\u00f3n especialment \u00fatils per controlar i restringir els materials a qu\u00e8 poden accedir els menors.<\/p>\n<p><strong>Obligaci\u00f3 de fer un \u00fas correcte de la web.<\/strong><\/p>\n<p>L&#8217;Usuari es compromet a utilitzar la Web de conformitat amb la Llei i aquest Av\u00eds Legal, aix\u00ed com amb la moral i els bons costums. A aquest efecte, l&#8217;Usuari haur\u00e0 d&#8217;abstenir-se d&#8217;usar la p\u00e0gina amb finalitats il\u00b7l\u00edcites o prohibides, lesives dels drets i interessos de tercers, o que de qualsevol manera puguin danyar, inutilitzar, sobrecarregar, deteriorar o impedir el normal \u00fas de l&#8217;ordinador, equips o documents, arxius i tota classe de continguts emmagatzemats a qualsevol equip inform\u00e0tic del prove\u00efdor.<\/p>\n<p>En particular, de t\u00edtol indicatiu, per\u00f2 no exhaustiu, l&#8217;Usuari es compromet a no transmetre, difondre o posar a disposici\u00f3 de tercera informaci\u00f3, dades, continguts, missatges, gr\u00e0fics, dibuixos, arxius de so o imatge, fotografies, enregistraments, programari i, en general, qualsevol classe de material que:<\/p>\n<p>(a) sigui contrari, menyspreu o atempti contra els drets fonamentals i les llibertats p\u00fabliques reconegudes constitucionalment, en els tractats internacionals i altres normes vigents;<\/p>\n<p>(<span class=\"hiddenSpellError\">b<\/span>) indueixi, inciti o promogui actes delictius, denigrants, difamatoris, violents o, en general, contraris a la llei, la moral i l&#8217;ordre p\u00fablic;<\/p>\n<p>(<span class=\"hiddenSpellError\">c<\/span>) indueixi, inciti o promogui actuacions, actituds o pensaments discriminatoris per ra\u00f3 de sexe, ra\u00e7a, religi\u00f3, creences, edat o condici\u00f3;<\/p>\n<p>(<span class=\"hiddenSpellError\">d<\/span>) sigui contr\u00e0ria al dret a l&#8217;honor, a la intimitat personal o familiar de la mateixa imatge de la persona;<\/p>\n<p>(e) de qualsevol manera danyi la credibilitat del prove\u00efdor o de tercers; i<\/p>\n<p>(<span class=\"hiddenSpellError\">f<\/span>) constitueixi publicitat il\u00b7l\u00edcita, enganyosa o deslleial.<\/p>\n<p><strong>Llei aplicable i jurisdicci\u00f3<br \/>\n<\/strong><\/p>\n<p>Per a la resoluci\u00f3 de totes les controv\u00e8rsies o q\u00fcestions relacionades amb aquest lloc web o de les activitats que s&#8217;hi desenvolupin, ser\u00e0 aplicable la legislaci\u00f3 espanyola, a la qual se sotmeten expressament les parts, sent competents per a la resoluci\u00f3 de tots els conflictes derivats o relacionats amb el seu \u00fas els Jutjats i els Tribunals de TARRAGONA.<\/p>\n","protected":false},"excerpt":{"rendered":"<p>&nbsp; Per a donar compliment a l&#8217;article 10 de la Llei 34\/2002 de Serveis de la Societat de la Informaci\u00f3 i Comer\u00e7 Electr\u00f2nic, informem l&#8217;usuari de les nostres dades: Denominaci\u00f3 Social: FUNDACI\u00d3 INSTITUT D\u2019INVESTIGACI\u00d3 SANIT\u00c0RIA PERE VIRGILI, [d&#8217;ara endavant IISPV] Nom comercial: IISPV Domicili social: c \/ Excorxador s \/ n, 43003, Tarragona (Espanya) NIF: [&hellip;]<\/p>\n","protected":false},"author":5,"featured_media":0,"parent":0,"menu_order":4,"comment_status":"closed","ping_status":"closed","template":"","meta":[],"yoast_head":"<!-- This site is optimized with the Yoast SEO plugin v16.7 - https:\/\/yoast.com\/wordpress\/plugins\/seo\/ -->\n<title>Av\u00eds legal - SEEDS<\/title>\n<meta name=\"robots\" content=\"index, follow, max-snippet:-1, max-image-preview:large, max-video-preview:-1\" \/>\n<link rel=\"canonical\" href=\"https:\/\/seedsmakeathons.com\/ca\/legal-advice\/\" \/>\n<meta property=\"og:locale\" content=\"ca_ES\" \/>\n<meta property=\"og:type\" content=\"article\" \/>\n<meta property=\"og:title\" content=\"Av\u00eds legal - SEEDS\" \/>\n<meta property=\"og:description\" content=\"&nbsp; Per a donar compliment a l&#8217;article 10 de la Llei 34\/2002 de Serveis de la Societat de la Informaci\u00f3 i Comer\u00e7 Electr\u00f2nic, informem l&#8217;usuari de les nostres dades: Denominaci\u00f3 Social: FUNDACI\u00d3 INSTITUT D\u2019INVESTIGACI\u00d3 SANIT\u00c0RIA PERE VIRGILI, [d&#8217;ara endavant IISPV] Nom comercial: IISPV Domicili social: c \/ Excorxador s \/ n, 43003, Tarragona (Espanya) NIF: [&hellip;]\" \/>\n<meta property=\"og:url\" content=\"https:\/\/seedsmakeathons.com\/ca\/legal-advice\/\" \/>\n<meta property=\"og:site_name\" content=\"SEEDS\" \/>\n<meta property=\"article:modified_time\" content=\"2022-05-16T06:13:52+00:00\" \/>\n<meta name=\"twitter:card\" content=\"summary_large_image\" \/>\n<script type=\"application\/ld+json\" class=\"yoast-schema-graph\">{\"@context\":\"https:\/\/schema.org\",\"@graph\":[{\"@type\":\"WebSite\",\"@id\":\"https:\/\/seedsmakeathons.com\/ca\/#website\",\"url\":\"https:\/\/seedsmakeathons.com\/ca\/\",\"name\":\"SEEDS\",\"description\":\"\",\"potentialAction\":[{\"@type\":\"SearchAction\",\"target\":{\"@type\":\"EntryPoint\",\"urlTemplate\":\"https:\/\/seedsmakeathons.com\/ca\/?s={search_term_string}\"},\"query-input\":\"required name=search_term_string\"}],\"inLanguage\":\"ca\"},{\"@type\":\"WebPage\",\"@id\":\"https:\/\/seedsmakeathons.com\/ca\/legal-advice\/#webpage\",\"url\":\"https:\/\/seedsmakeathons.com\/ca\/legal-advice\/\",\"name\":\"Av\\u00eds legal - SEEDS\",\"isPartOf\":{\"@id\":\"https:\/\/seedsmakeathons.com\/ca\/#website\"},\"datePublished\":\"2021-06-21T22:22:48+00:00\",\"dateModified\":\"2022-05-16T06:13:52+00:00\",\"breadcrumb\":{\"@id\":\"https:\/\/seedsmakeathons.com\/ca\/legal-advice\/#breadcrumb\"},\"inLanguage\":\"ca\",\"potentialAction\":[{\"@type\":\"ReadAction\",\"target\":[\"https:\/\/seedsmakeathons.com\/ca\/legal-advice\/\"]}]},{\"@type\":\"BreadcrumbList\",\"@id\":\"https:\/\/seedsmakeathons.com\/ca\/legal-advice\/#breadcrumb\",\"itemListElement\":[{\"@type\":\"ListItem\",\"position\":1,\"name\":\"Home\",\"item\":\"https:\/\/seedsmakeathons.com\/ca\/\"},{\"@type\":\"ListItem\",\"position\":2,\"name\":\"Av\\u00eds legal\"}]}]}<\/script>\n<!-- \/ Yoast SEO plugin. -->","yoast_head_json":{"title":"Av\u00eds legal - SEEDS","robots":{"index":"index","follow":"follow","max-snippet":"max-snippet:-1","max-image-preview":"max-image-preview:large","max-video-preview":"max-video-preview:-1"},"canonical":"https:\/\/seedsmakeathons.com\/ca\/legal-advice\/","og_locale":"ca_ES","og_type":"article","og_title":"Av\u00eds legal - SEEDS","og_description":"&nbsp; Per a donar compliment a l&#8217;article 10 de la Llei 34\/2002 de Serveis de la Societat de la Informaci\u00f3 i Comer\u00e7 Electr\u00f2nic, informem l&#8217;usuari de les nostres dades: Denominaci\u00f3 Social: FUNDACI\u00d3 INSTITUT D\u2019INVESTIGACI\u00d3 SANIT\u00c0RIA PERE VIRGILI, [d&#8217;ara endavant IISPV] Nom comercial: IISPV Domicili social: c \/ Excorxador s \/ n, 43003, Tarragona (Espanya) NIF: [&hellip;]","og_url":"https:\/\/seedsmakeathons.com\/ca\/legal-advice\/","og_site_name":"SEEDS","article_modified_time":"2022-05-16T06:13:52+00:00","twitter_card":"summary_large_image","schema":{"@context":"https:\/\/schema.org","@graph":[{"@type":"WebSite","@id":"https:\/\/seedsmakeathons.com\/ca\/#website","url":"https:\/\/seedsmakeathons.com\/ca\/","name":"SEEDS","description":"","potentialAction":[{"@type":"SearchAction","target":{"@type":"EntryPoint","urlTemplate":"https:\/\/seedsmakeathons.com\/ca\/?s={search_term_string}"},"query-input":"required name=search_term_string"}],"inLanguage":"ca"},{"@type":"WebPage","@id":"https:\/\/seedsmakeathons.com\/ca\/legal-advice\/#webpage","url":"https:\/\/seedsmakeathons.com\/ca\/legal-advice\/","name":"Av\u00eds legal - SEEDS","isPartOf":{"@id":"https:\/\/seedsmakeathons.com\/ca\/#website"},"datePublished":"2021-06-21T22:22:48+00:00","dateModified":"2022-05-16T06:13:52+00:00","breadcrumb":{"@id":"https:\/\/seedsmakeathons.com\/ca\/legal-advice\/#breadcrumb"},"inLanguage":"ca","potentialAction":[{"@type":"ReadAction","target":["https:\/\/seedsmakeathons.com\/ca\/legal-advice\/"]}]},{"@type":"BreadcrumbList","@id":"https:\/\/seedsmakeathons.com\/ca\/legal-advice\/#breadcrumb","itemListElement":[{"@type":"ListItem","position":1,"name":"Home","item":"https:\/\/seedsmakeathons.com\/ca\/"},{"@type":"ListItem","position":2,"name":"Av\u00eds legal"}]}]}},"_links":{"self":[{"href":"https:\/\/seedsmakeathons.com\/ca\/wp-json\/wp\/v2\/pages\/55"}],"collection":[{"href":"https:\/\/seedsmakeathons.com\/ca\/wp-json\/wp\/v2\/pages"}],"about":[{"href":"https:\/\/seedsmakeathons.com\/ca\/wp-json\/wp\/v2\/types\/page"}],"author":[{"embeddable":true,"href":"https:\/\/seedsmakeathons.com\/ca\/wp-json\/wp\/v2\/users\/5"}],"replies":[{"embeddable":true,"href":"https:\/\/seedsmakeathons.com\/ca\/wp-json\/wp\/v2\/comments?post=55"}],"version-history":[{"count":0,"href":"https:\/\/seedsmakeathons.com\/ca\/wp-json\/wp\/v2\/pages\/55\/revisions"}],"wp:attachment":[{"href":"https:\/\/seedsmakeathons.com\/ca\/wp-json\/wp\/v2\/media?parent=55"}],"curies":[{"name":"wp","href":"https:\/\/api.w.org\/{rel}","templated":true}]}}