{"id":38,"date":"2021-06-21T09:55:07","date_gmt":"2021-06-21T09:55:07","guid":{"rendered":"https:\/\/seedsmakeathons.com\/?page_id=38"},"modified":"2021-11-11T07:46:37","modified_gmt":"2021-11-11T07:46:37","slug":"parts-of-the-project","status":"publish","type":"page","link":"https:\/\/seedsmakeathons.com\/ca\/whats-seeds\/parts-of-the-project\/","title":{"rendered":"Parts del projecte"},"content":{"rendered":"<p>El projecte SEEDS s&#8217;executa entre 2021 i 2022 i va involucrar molta planificaci\u00f3! Hi ha tres seccions principals del projecte:<\/p>\n<ul>\n<li>\u00a01. <a href=\"https:\/\/seedsmakeathons.com\/ca\/whats-seeds\/parts-of-the-project\/focus-groups\/\">Focus Grups<\/a> &#8211; on els adolescents ens ajuden a donar forma a les preguntes cient\u00edfiques que farem.<\/li>\n<li>2. <a href=\"https:\/\/seedsmakeathons.com\/ca\/whats-seeds\/parts-of-the-project\/2-makeathons\/\">Makeathons<\/a> &#8211; on els adolescents crearan experiments per a ajudar a millorar la seva pr\u00f2pia salut.<\/li>\n<li>3. <a href=\"https:\/\/seedsmakeathons.com\/ca\/whats-seeds\/parts-of-the-project\/3-intervenciones\/\">Intervencions<\/a> &#8211; els adolescents combinaran els seus experiments en una sola intervenci\u00f3 i la duran a terme durant sis mesos.<\/li>\n<\/ul>\n<p>Els cient\u00edfics adolescents juguen un paper crucial en cada part del nostre projecte. Aix\u00f2 es diu &#8220;Ci\u00e8ncia ciutadana extrema&#8221; i \u00e9s un projecte apassionant per a nosaltres. Significa que nosaltres i les parts interessades rellevants en les seves vides no tenim idea del que crearan els adolescents i tamb\u00e9 podem col\u00b7laborar molt de prop per a aprendre d&#8217;ells.<\/p>\n","protected":false},"excerpt":{"rendered":"<p>El projecte SEEDS s&#8217;executa entre 2021 i 2022 i va involucrar molta planificaci\u00f3! Hi ha tres seccions principals del projecte: \u00a01. Focus Grups &#8211; on els adolescents ens ajuden a donar forma a les preguntes cient\u00edfiques que farem. 2. Makeathons &#8211; on els adolescents crearan experiments per a ajudar a millorar la seva pr\u00f2pia salut. [&hellip;]<\/p>\n","protected":false},"author":5,"featured_media":0,"parent":33,"menu_order":4,"comment_status":"closed","ping_status":"closed","template":"","meta":[],"yoast_head":"<!-- This site is optimized with the Yoast SEO plugin v16.7 - https:\/\/yoast.com\/wordpress\/plugins\/seo\/ -->\n<title>Parts del projecte - SEEDS<\/title>\n<meta name=\"robots\" content=\"index, follow, max-snippet:-1, max-image-preview:large, max-video-preview:-1\" \/>\n<link rel=\"canonical\" href=\"https:\/\/seedsmakeathons.com\/ca\/whats-seeds\/parts-of-the-project\/\" \/>\n<meta property=\"og:locale\" content=\"ca_ES\" \/>\n<meta property=\"og:type\" content=\"article\" \/>\n<meta property=\"og:title\" content=\"Parts del projecte - SEEDS\" \/>\n<meta property=\"og:description\" content=\"El projecte SEEDS s&#8217;executa entre 2021 i 2022 i va involucrar molta planificaci\u00f3! Hi ha tres seccions principals del projecte: \u00a01. Focus Grups &#8211; on els adolescents ens ajuden a donar forma a les preguntes cient\u00edfiques que farem. 2. Makeathons &#8211; on els adolescents crearan experiments per a ajudar a millorar la seva pr\u00f2pia salut. [&hellip;]\" \/>\n<meta property=\"og:url\" content=\"https:\/\/seedsmakeathons.com\/ca\/whats-seeds\/parts-of-the-project\/\" \/>\n<meta property=\"og:site_name\" content=\"SEEDS\" \/>\n<meta property=\"article:modified_time\" content=\"2021-11-11T07:46:37+00:00\" \/>\n<meta name=\"twitter:card\" content=\"summary_large_image\" \/>\n<script type=\"application\/ld+json\" class=\"yoast-schema-graph\">{\"@context\":\"https:\/\/schema.org\",\"@graph\":[{\"@type\":\"WebSite\",\"@id\":\"https:\/\/seedsmakeathons.com\/ca\/#website\",\"url\":\"https:\/\/seedsmakeathons.com\/ca\/\",\"name\":\"SEEDS\",\"description\":\"\",\"potentialAction\":[{\"@type\":\"SearchAction\",\"target\":{\"@type\":\"EntryPoint\",\"urlTemplate\":\"https:\/\/seedsmakeathons.com\/ca\/?s={search_term_string}\"},\"query-input\":\"required name=search_term_string\"}],\"inLanguage\":\"ca\"},{\"@type\":\"WebPage\",\"@id\":\"https:\/\/seedsmakeathons.com\/ca\/whats-seeds\/parts-of-the-project\/#webpage\",\"url\":\"https:\/\/seedsmakeathons.com\/ca\/whats-seeds\/parts-of-the-project\/\",\"name\":\"Parts del projecte - SEEDS\",\"isPartOf\":{\"@id\":\"https:\/\/seedsmakeathons.com\/ca\/#website\"},\"datePublished\":\"2021-06-21T09:55:07+00:00\",\"dateModified\":\"2021-11-11T07:46:37+00:00\",\"breadcrumb\":{\"@id\":\"https:\/\/seedsmakeathons.com\/ca\/whats-seeds\/parts-of-the-project\/#breadcrumb\"},\"inLanguage\":\"ca\",\"potentialAction\":[{\"@type\":\"ReadAction\",\"target\":[\"https:\/\/seedsmakeathons.com\/ca\/whats-seeds\/parts-of-the-project\/\"]}]},{\"@type\":\"BreadcrumbList\",\"@id\":\"https:\/\/seedsmakeathons.com\/ca\/whats-seeds\/parts-of-the-project\/#breadcrumb\",\"itemListElement\":[{\"@type\":\"ListItem\",\"position\":1,\"name\":\"Home\",\"item\":\"https:\/\/seedsmakeathons.com\/ca\/\"},{\"@type\":\"ListItem\",\"position\":2,\"name\":\"Qu\\u00e8 \\u00e9s SEEDS\",\"item\":\"https:\/\/seedsmakeathons.com\/ca\/whats-seeds\/\"},{\"@type\":\"ListItem\",\"position\":3,\"name\":\"Parts del projecte\"}]}]}<\/script>\n<!-- \/ Yoast SEO plugin. -->","yoast_head_json":{"title":"Parts del projecte - SEEDS","robots":{"index":"index","follow":"follow","max-snippet":"max-snippet:-1","max-image-preview":"max-image-preview:large","max-video-preview":"max-video-preview:-1"},"canonical":"https:\/\/seedsmakeathons.com\/ca\/whats-seeds\/parts-of-the-project\/","og_locale":"ca_ES","og_type":"article","og_title":"Parts del projecte - SEEDS","og_description":"El projecte SEEDS s&#8217;executa entre 2021 i 2022 i va involucrar molta planificaci\u00f3! Hi ha tres seccions principals del projecte: \u00a01. Focus Grups &#8211; on els adolescents ens ajuden a donar forma a les preguntes cient\u00edfiques que farem. 2. Makeathons &#8211; on els adolescents crearan experiments per a ajudar a millorar la seva pr\u00f2pia salut. [&hellip;]","og_url":"https:\/\/seedsmakeathons.com\/ca\/whats-seeds\/parts-of-the-project\/","og_site_name":"SEEDS","article_modified_time":"2021-11-11T07:46:37+00:00","twitter_card":"summary_large_image","schema":{"@context":"https:\/\/schema.org","@graph":[{"@type":"WebSite","@id":"https:\/\/seedsmakeathons.com\/ca\/#website","url":"https:\/\/seedsmakeathons.com\/ca\/","name":"SEEDS","description":"","potentialAction":[{"@type":"SearchAction","target":{"@type":"EntryPoint","urlTemplate":"https:\/\/seedsmakeathons.com\/ca\/?s={search_term_string}"},"query-input":"required name=search_term_string"}],"inLanguage":"ca"},{"@type":"WebPage","@id":"https:\/\/seedsmakeathons.com\/ca\/whats-seeds\/parts-of-the-project\/#webpage","url":"https:\/\/seedsmakeathons.com\/ca\/whats-seeds\/parts-of-the-project\/","name":"Parts del projecte - SEEDS","isPartOf":{"@id":"https:\/\/seedsmakeathons.com\/ca\/#website"},"datePublished":"2021-06-21T09:55:07+00:00","dateModified":"2021-11-11T07:46:37+00:00","breadcrumb":{"@id":"https:\/\/seedsmakeathons.com\/ca\/whats-seeds\/parts-of-the-project\/#breadcrumb"},"inLanguage":"ca","potentialAction":[{"@type":"ReadAction","target":["https:\/\/seedsmakeathons.com\/ca\/whats-seeds\/parts-of-the-project\/"]}]},{"@type":"BreadcrumbList","@id":"https:\/\/seedsmakeathons.com\/ca\/whats-seeds\/parts-of-the-project\/#breadcrumb","itemListElement":[{"@type":"ListItem","position":1,"name":"Home","item":"https:\/\/seedsmakeathons.com\/ca\/"},{"@type":"ListItem","position":2,"name":"Qu\u00e8 \u00e9s SEEDS","item":"https:\/\/seedsmakeathons.com\/ca\/whats-seeds\/"},{"@type":"ListItem","position":3,"name":"Parts del projecte"}]}]}},"_links":{"self":[{"href":"https:\/\/seedsmakeathons.com\/ca\/wp-json\/wp\/v2\/pages\/38"}],"collection":[{"href":"https:\/\/seedsmakeathons.com\/ca\/wp-json\/wp\/v2\/pages"}],"about":[{"href":"https:\/\/seedsmakeathons.com\/ca\/wp-json\/wp\/v2\/types\/page"}],"author":[{"embeddable":true,"href":"https:\/\/seedsmakeathons.com\/ca\/wp-json\/wp\/v2\/users\/5"}],"replies":[{"embeddable":true,"href":"https:\/\/seedsmakeathons.com\/ca\/wp-json\/wp\/v2\/comments?post=38"}],"version-history":[{"count":0,"href":"https:\/\/seedsmakeathons.com\/ca\/wp-json\/wp\/v2\/pages\/38\/revisions"}],"up":[{"embeddable":true,"href":"https:\/\/seedsmakeathons.com\/ca\/wp-json\/wp\/v2\/pages\/33"}],"wp:attachment":[{"href":"https:\/\/seedsmakeathons.com\/ca\/wp-json\/wp\/v2\/media?parent=38"}],"curies":[{"name":"wp","href":"https:\/\/api.w.org\/{rel}","templated":true}]}}