{"id":35,"date":"2021-06-21T09:09:40","date_gmt":"2021-06-21T09:09:40","guid":{"rendered":"https:\/\/seedsmakeathons.com\/?page_id=35"},"modified":"2021-11-10T15:47:25","modified_gmt":"2021-11-10T15:47:25","slug":"the-problem","status":"publish","type":"page","link":"https:\/\/seedsmakeathons.com\/ca\/whats-seeds\/the-problem\/","title":{"rendered":"El problema"},"content":{"rendered":"<p>Les carreres de ci\u00e8ncia, tecnologia, enginyeria i matem\u00e0tiques (<span class=\"hiddenSpellError\">&#8220;STEM&#8221;<\/span>) estan relacionades amb els sectors m\u00e9s avan\u00e7ats i productius del mercat laboral de la Uni\u00f3 Europea. Tot i aix\u00f2, un petit nombre d&#8217;adolescents els tria. Tamb\u00e9 hi ha un clar biaix de g\u00e8nere: nom\u00e9s 10 de cada 100 dones europees troben interessants les carreres <span class=\"hiddenSpellError\">STEM<\/span>. D&#8217;altra banda, el nombre de homes gaireb\u00e9 s&#8217;ha triplicat.<\/p>\n<p>A\u00a0<span class=\"hiddenSpellError\">SEEDS<\/span>\u00a0encoratgem els adolescents a explorar els problemes de salut que s\u00f3n importants per a ells a trav\u00e9s de la ci\u00e8ncia ciutadana. D&#8217;aquesta manera, generen nous coneixements alhora que produeixen resultats cient\u00edficament fiables. Aix\u00f2 \u00e9s molt rellevant perqu\u00e8 les publicacions cient\u00edfiques que brinden informaci\u00f3 per a les decisions pol\u00edtiques generalment no tenen en compte els adolescents. Aix\u00f2 \u00e9s perqu\u00e8 els cient\u00edfics tendeixen a centrar-se m\u00e9s en altres grups d&#8217;edat (com nens i adults). A m\u00e9s, els comportaments poc saludables que es duen a terme a l&#8217;adolesc\u00e8ncia poden tenir efectes a llarg termini en la salut i el benestar.<\/p>\n<p>Els enfocaments utilitzats a les activitats S<span class=\"hiddenSpellError\">TEM<\/span>\u00a0augmenten la motivaci\u00f3 i la confian\u00e7a en un mateix. Aix\u00ed mateix, disminueixen el risc de baixa moral (fins i tot de deserci\u00f3) a l&#8217;educaci\u00f3 secund\u00e0ria.<\/p>\n","protected":false},"excerpt":{"rendered":"<p>Les carreres de ci\u00e8ncia, tecnologia, enginyeria i matem\u00e0tiques (&#8220;STEM&#8221;) estan relacionades amb els sectors m\u00e9s avan\u00e7ats i productius del mercat laboral de la Uni\u00f3 Europea. Tot i aix\u00f2, un petit nombre d&#8217;adolescents els tria. Tamb\u00e9 hi ha un clar biaix de g\u00e8nere: nom\u00e9s 10 de cada 100 dones europees troben interessants les carreres STEM. D&#8217;altra [&hellip;]<\/p>\n","protected":false},"author":5,"featured_media":0,"parent":33,"menu_order":1,"comment_status":"closed","ping_status":"closed","template":"","meta":[],"yoast_head":"<!-- This site is optimized with the Yoast SEO plugin v16.7 - https:\/\/yoast.com\/wordpress\/plugins\/seo\/ -->\n<title>El problema - SEEDS<\/title>\n<meta name=\"robots\" content=\"index, follow, max-snippet:-1, max-image-preview:large, max-video-preview:-1\" \/>\n<link rel=\"canonical\" href=\"https:\/\/seedsmakeathons.com\/ca\/whats-seeds\/the-problem\/\" \/>\n<meta property=\"og:locale\" content=\"ca_ES\" \/>\n<meta property=\"og:type\" content=\"article\" \/>\n<meta property=\"og:title\" content=\"El problema - SEEDS\" \/>\n<meta property=\"og:description\" content=\"Les carreres de ci\u00e8ncia, tecnologia, enginyeria i matem\u00e0tiques (&#8220;STEM&#8221;) estan relacionades amb els sectors m\u00e9s avan\u00e7ats i productius del mercat laboral de la Uni\u00f3 Europea. Tot i aix\u00f2, un petit nombre d&#8217;adolescents els tria. Tamb\u00e9 hi ha un clar biaix de g\u00e8nere: nom\u00e9s 10 de cada 100 dones europees troben interessants les carreres STEM. D&#8217;altra [&hellip;]\" \/>\n<meta property=\"og:url\" content=\"https:\/\/seedsmakeathons.com\/ca\/whats-seeds\/the-problem\/\" \/>\n<meta property=\"og:site_name\" content=\"SEEDS\" \/>\n<meta property=\"article:modified_time\" content=\"2021-11-10T15:47:25+00:00\" \/>\n<meta name=\"twitter:card\" content=\"summary_large_image\" \/>\n<script type=\"application\/ld+json\" class=\"yoast-schema-graph\">{\"@context\":\"https:\/\/schema.org\",\"@graph\":[{\"@type\":\"WebSite\",\"@id\":\"https:\/\/seedsmakeathons.com\/ca\/#website\",\"url\":\"https:\/\/seedsmakeathons.com\/ca\/\",\"name\":\"SEEDS\",\"description\":\"\",\"potentialAction\":[{\"@type\":\"SearchAction\",\"target\":{\"@type\":\"EntryPoint\",\"urlTemplate\":\"https:\/\/seedsmakeathons.com\/ca\/?s={search_term_string}\"},\"query-input\":\"required name=search_term_string\"}],\"inLanguage\":\"ca\"},{\"@type\":\"WebPage\",\"@id\":\"https:\/\/seedsmakeathons.com\/ca\/whats-seeds\/the-problem\/#webpage\",\"url\":\"https:\/\/seedsmakeathons.com\/ca\/whats-seeds\/the-problem\/\",\"name\":\"El problema - SEEDS\",\"isPartOf\":{\"@id\":\"https:\/\/seedsmakeathons.com\/ca\/#website\"},\"datePublished\":\"2021-06-21T09:09:40+00:00\",\"dateModified\":\"2021-11-10T15:47:25+00:00\",\"breadcrumb\":{\"@id\":\"https:\/\/seedsmakeathons.com\/ca\/whats-seeds\/the-problem\/#breadcrumb\"},\"inLanguage\":\"ca\",\"potentialAction\":[{\"@type\":\"ReadAction\",\"target\":[\"https:\/\/seedsmakeathons.com\/ca\/whats-seeds\/the-problem\/\"]}]},{\"@type\":\"BreadcrumbList\",\"@id\":\"https:\/\/seedsmakeathons.com\/ca\/whats-seeds\/the-problem\/#breadcrumb\",\"itemListElement\":[{\"@type\":\"ListItem\",\"position\":1,\"name\":\"Home\",\"item\":\"https:\/\/seedsmakeathons.com\/ca\/\"},{\"@type\":\"ListItem\",\"position\":2,\"name\":\"Qu\\u00e8 \\u00e9s SEEDS\",\"item\":\"https:\/\/seedsmakeathons.com\/ca\/whats-seeds\/\"},{\"@type\":\"ListItem\",\"position\":3,\"name\":\"El problema\"}]}]}<\/script>\n<!-- \/ Yoast SEO plugin. -->","yoast_head_json":{"title":"El problema - SEEDS","robots":{"index":"index","follow":"follow","max-snippet":"max-snippet:-1","max-image-preview":"max-image-preview:large","max-video-preview":"max-video-preview:-1"},"canonical":"https:\/\/seedsmakeathons.com\/ca\/whats-seeds\/the-problem\/","og_locale":"ca_ES","og_type":"article","og_title":"El problema - SEEDS","og_description":"Les carreres de ci\u00e8ncia, tecnologia, enginyeria i matem\u00e0tiques (&#8220;STEM&#8221;) estan relacionades amb els sectors m\u00e9s avan\u00e7ats i productius del mercat laboral de la Uni\u00f3 Europea. Tot i aix\u00f2, un petit nombre d&#8217;adolescents els tria. Tamb\u00e9 hi ha un clar biaix de g\u00e8nere: nom\u00e9s 10 de cada 100 dones europees troben interessants les carreres STEM. D&#8217;altra [&hellip;]","og_url":"https:\/\/seedsmakeathons.com\/ca\/whats-seeds\/the-problem\/","og_site_name":"SEEDS","article_modified_time":"2021-11-10T15:47:25+00:00","twitter_card":"summary_large_image","schema":{"@context":"https:\/\/schema.org","@graph":[{"@type":"WebSite","@id":"https:\/\/seedsmakeathons.com\/ca\/#website","url":"https:\/\/seedsmakeathons.com\/ca\/","name":"SEEDS","description":"","potentialAction":[{"@type":"SearchAction","target":{"@type":"EntryPoint","urlTemplate":"https:\/\/seedsmakeathons.com\/ca\/?s={search_term_string}"},"query-input":"required name=search_term_string"}],"inLanguage":"ca"},{"@type":"WebPage","@id":"https:\/\/seedsmakeathons.com\/ca\/whats-seeds\/the-problem\/#webpage","url":"https:\/\/seedsmakeathons.com\/ca\/whats-seeds\/the-problem\/","name":"El problema - SEEDS","isPartOf":{"@id":"https:\/\/seedsmakeathons.com\/ca\/#website"},"datePublished":"2021-06-21T09:09:40+00:00","dateModified":"2021-11-10T15:47:25+00:00","breadcrumb":{"@id":"https:\/\/seedsmakeathons.com\/ca\/whats-seeds\/the-problem\/#breadcrumb"},"inLanguage":"ca","potentialAction":[{"@type":"ReadAction","target":["https:\/\/seedsmakeathons.com\/ca\/whats-seeds\/the-problem\/"]}]},{"@type":"BreadcrumbList","@id":"https:\/\/seedsmakeathons.com\/ca\/whats-seeds\/the-problem\/#breadcrumb","itemListElement":[{"@type":"ListItem","position":1,"name":"Home","item":"https:\/\/seedsmakeathons.com\/ca\/"},{"@type":"ListItem","position":2,"name":"Qu\u00e8 \u00e9s SEEDS","item":"https:\/\/seedsmakeathons.com\/ca\/whats-seeds\/"},{"@type":"ListItem","position":3,"name":"El problema"}]}]}},"_links":{"self":[{"href":"https:\/\/seedsmakeathons.com\/ca\/wp-json\/wp\/v2\/pages\/35"}],"collection":[{"href":"https:\/\/seedsmakeathons.com\/ca\/wp-json\/wp\/v2\/pages"}],"about":[{"href":"https:\/\/seedsmakeathons.com\/ca\/wp-json\/wp\/v2\/types\/page"}],"author":[{"embeddable":true,"href":"https:\/\/seedsmakeathons.com\/ca\/wp-json\/wp\/v2\/users\/5"}],"replies":[{"embeddable":true,"href":"https:\/\/seedsmakeathons.com\/ca\/wp-json\/wp\/v2\/comments?post=35"}],"version-history":[{"count":0,"href":"https:\/\/seedsmakeathons.com\/ca\/wp-json\/wp\/v2\/pages\/35\/revisions"}],"up":[{"embeddable":true,"href":"https:\/\/seedsmakeathons.com\/ca\/wp-json\/wp\/v2\/pages\/33"}],"wp:attachment":[{"href":"https:\/\/seedsmakeathons.com\/ca\/wp-json\/wp\/v2\/media?parent=35"}],"curies":[{"name":"wp","href":"https:\/\/api.w.org\/{rel}","templated":true}]}}