{"id":33,"date":"2021-06-21T07:53:44","date_gmt":"2021-06-21T07:53:44","guid":{"rendered":"https:\/\/seedsmakeathons.com\/?page_id=33"},"modified":"2021-11-10T15:44:29","modified_gmt":"2021-11-10T15:44:29","slug":"whats-seeds","status":"publish","type":"page","link":"https:\/\/seedsmakeathons.com\/ca\/whats-seeds\/","title":{"rendered":"Qu\u00e8 \u00e9s SEEDS"},"content":{"rendered":"<p><strong>SEEDS\u00a0\u00e9s un tipus diferent d&#8217;experiment cient\u00edfic. On la ci\u00e8ncia \u00e9s d&#8217;adolescents per a adolescents. Estan involucrats en cada etapa per a crear un canvi per a ells mateixos.<\/strong><\/p>\n<p>SEEDS\u00a0\u00e9s un projecte de ci\u00e8ncia ciutadana que vol capacitar als adolescents perqu\u00e8 visquin estils de vida saludables. Tamb\u00e9 volem ajudar-los a explorar l&#8217;emocionant i important que \u00e9s la ci\u00e8ncia, la tecnologia, l&#8217;enginyeria i les matem\u00e0tiques (&#8216;STEM&#8217;)\u00a0en les seves vides. Per tant, la part de la ci\u00e8ncia ciutadana \u00e9s bastant important: significa que els adolescents s\u00f3n els que fan la ci\u00e8ncia! Utilitzaran la ci\u00e8ncia ciutadana per a crear nous experiments per a estils de vida saludables, amb aportacions de les parts interessades rellevants en les seves vides. Aquests experiments es desenvoluparan durant sis mesos en escoles d&#8217;Espanya, els Pa\u00efsos Baixos, Gr\u00e8cia i el Regne Unit.<\/p>\n<p>&nbsp;<\/p>\n<p><strong>Qui est\u00e0 darrere de\u00a0SEEDS?<\/strong><\/p>\n<p>Som un equip d&#8217;experts en nutrici\u00f3, salut p\u00fablica, activitat f\u00edsica i ci\u00e8ncia ciutadana que es preocupem per les oportunitats que tenen els adolescents per a estar saludables. Hem treballat per separat en diversos projectes per a millorar la salut i l&#8217;inter\u00e8s cient\u00edfic dels adolescents a trav\u00e9s de les <a href=\"http:\/\/www.eyto.org.uk\/about\/home\">xarxes socials<\/a>, <a href=\"https:\/\/sshs.exeter.ac.uk\/research\/childrenshealth\/pro-bone\/\">l&#8217;esport<\/a>, <a href=\"https:\/\/www.diamond.ac.uk\/Public\/DiamondTheGame\">els jocs de taula<\/a>, <a href=\"https:\/\/pubmed.ncbi.nlm.nih.gov\/26217497\/\">la participaci\u00f3 comunit\u00e0ria<\/a>, <a href=\"http:\/\/www.helenastudy.com\/\">la nutrici\u00f3<\/a> i m\u00e9s. No obstant aix\u00f2, aquesta \u00e9s la primera vegada que treballem junts i estem molt emocionats de compartir idees.<\/p>\n","protected":false},"excerpt":{"rendered":"<p>SEEDS\u00a0\u00e9s un tipus diferent d&#8217;experiment cient\u00edfic. On la ci\u00e8ncia \u00e9s d&#8217;adolescents per a adolescents. Estan involucrats en cada etapa per a crear un canvi per a ells mateixos. SEEDS\u00a0\u00e9s un projecte de ci\u00e8ncia ciutadana que vol capacitar als adolescents perqu\u00e8 visquin estils de vida saludables. Tamb\u00e9 volem ajudar-los a explorar l&#8217;emocionant i important que \u00e9s [&hellip;]<\/p>\n","protected":false},"author":5,"featured_media":0,"parent":0,"menu_order":2,"comment_status":"closed","ping_status":"closed","template":"","meta":[],"yoast_head":"<!-- This site is optimized with the Yoast SEO plugin v16.7 - https:\/\/yoast.com\/wordpress\/plugins\/seo\/ -->\n<title>Qu\u00e8 \u00e9s SEEDS - SEEDS<\/title>\n<meta name=\"robots\" content=\"index, follow, max-snippet:-1, max-image-preview:large, max-video-preview:-1\" \/>\n<link rel=\"canonical\" href=\"https:\/\/seedsmakeathons.com\/ca\/whats-seeds\/\" \/>\n<meta property=\"og:locale\" content=\"ca_ES\" \/>\n<meta property=\"og:type\" content=\"article\" \/>\n<meta property=\"og:title\" content=\"Qu\u00e8 \u00e9s SEEDS - SEEDS\" \/>\n<meta property=\"og:description\" content=\"SEEDS\u00a0\u00e9s un tipus diferent d&#8217;experiment cient\u00edfic. On la ci\u00e8ncia \u00e9s d&#8217;adolescents per a adolescents. Estan involucrats en cada etapa per a crear un canvi per a ells mateixos. SEEDS\u00a0\u00e9s un projecte de ci\u00e8ncia ciutadana que vol capacitar als adolescents perqu\u00e8 visquin estils de vida saludables. Tamb\u00e9 volem ajudar-los a explorar l&#8217;emocionant i important que \u00e9s [&hellip;]\" \/>\n<meta property=\"og:url\" content=\"https:\/\/seedsmakeathons.com\/ca\/whats-seeds\/\" \/>\n<meta property=\"og:site_name\" content=\"SEEDS\" \/>\n<meta property=\"article:modified_time\" content=\"2021-11-10T15:44:29+00:00\" \/>\n<meta name=\"twitter:card\" content=\"summary_large_image\" \/>\n<script type=\"application\/ld+json\" class=\"yoast-schema-graph\">{\"@context\":\"https:\/\/schema.org\",\"@graph\":[{\"@type\":\"WebSite\",\"@id\":\"https:\/\/seedsmakeathons.com\/ca\/#website\",\"url\":\"https:\/\/seedsmakeathons.com\/ca\/\",\"name\":\"SEEDS\",\"description\":\"\",\"potentialAction\":[{\"@type\":\"SearchAction\",\"target\":{\"@type\":\"EntryPoint\",\"urlTemplate\":\"https:\/\/seedsmakeathons.com\/ca\/?s={search_term_string}\"},\"query-input\":\"required name=search_term_string\"}],\"inLanguage\":\"ca\"},{\"@type\":\"WebPage\",\"@id\":\"https:\/\/seedsmakeathons.com\/ca\/whats-seeds\/#webpage\",\"url\":\"https:\/\/seedsmakeathons.com\/ca\/whats-seeds\/\",\"name\":\"Qu\\u00e8 \\u00e9s SEEDS - SEEDS\",\"isPartOf\":{\"@id\":\"https:\/\/seedsmakeathons.com\/ca\/#website\"},\"datePublished\":\"2021-06-21T07:53:44+00:00\",\"dateModified\":\"2021-11-10T15:44:29+00:00\",\"breadcrumb\":{\"@id\":\"https:\/\/seedsmakeathons.com\/ca\/whats-seeds\/#breadcrumb\"},\"inLanguage\":\"ca\",\"potentialAction\":[{\"@type\":\"ReadAction\",\"target\":[\"https:\/\/seedsmakeathons.com\/ca\/whats-seeds\/\"]}]},{\"@type\":\"BreadcrumbList\",\"@id\":\"https:\/\/seedsmakeathons.com\/ca\/whats-seeds\/#breadcrumb\",\"itemListElement\":[{\"@type\":\"ListItem\",\"position\":1,\"name\":\"Home\",\"item\":\"https:\/\/seedsmakeathons.com\/ca\/\"},{\"@type\":\"ListItem\",\"position\":2,\"name\":\"Qu\\u00e8 \\u00e9s SEEDS\"}]}]}<\/script>\n<!-- \/ Yoast SEO plugin. -->","yoast_head_json":{"title":"Qu\u00e8 \u00e9s SEEDS - SEEDS","robots":{"index":"index","follow":"follow","max-snippet":"max-snippet:-1","max-image-preview":"max-image-preview:large","max-video-preview":"max-video-preview:-1"},"canonical":"https:\/\/seedsmakeathons.com\/ca\/whats-seeds\/","og_locale":"ca_ES","og_type":"article","og_title":"Qu\u00e8 \u00e9s SEEDS - SEEDS","og_description":"SEEDS\u00a0\u00e9s un tipus diferent d&#8217;experiment cient\u00edfic. On la ci\u00e8ncia \u00e9s d&#8217;adolescents per a adolescents. Estan involucrats en cada etapa per a crear un canvi per a ells mateixos. SEEDS\u00a0\u00e9s un projecte de ci\u00e8ncia ciutadana que vol capacitar als adolescents perqu\u00e8 visquin estils de vida saludables. Tamb\u00e9 volem ajudar-los a explorar l&#8217;emocionant i important que \u00e9s [&hellip;]","og_url":"https:\/\/seedsmakeathons.com\/ca\/whats-seeds\/","og_site_name":"SEEDS","article_modified_time":"2021-11-10T15:44:29+00:00","twitter_card":"summary_large_image","schema":{"@context":"https:\/\/schema.org","@graph":[{"@type":"WebSite","@id":"https:\/\/seedsmakeathons.com\/ca\/#website","url":"https:\/\/seedsmakeathons.com\/ca\/","name":"SEEDS","description":"","potentialAction":[{"@type":"SearchAction","target":{"@type":"EntryPoint","urlTemplate":"https:\/\/seedsmakeathons.com\/ca\/?s={search_term_string}"},"query-input":"required name=search_term_string"}],"inLanguage":"ca"},{"@type":"WebPage","@id":"https:\/\/seedsmakeathons.com\/ca\/whats-seeds\/#webpage","url":"https:\/\/seedsmakeathons.com\/ca\/whats-seeds\/","name":"Qu\u00e8 \u00e9s SEEDS - SEEDS","isPartOf":{"@id":"https:\/\/seedsmakeathons.com\/ca\/#website"},"datePublished":"2021-06-21T07:53:44+00:00","dateModified":"2021-11-10T15:44:29+00:00","breadcrumb":{"@id":"https:\/\/seedsmakeathons.com\/ca\/whats-seeds\/#breadcrumb"},"inLanguage":"ca","potentialAction":[{"@type":"ReadAction","target":["https:\/\/seedsmakeathons.com\/ca\/whats-seeds\/"]}]},{"@type":"BreadcrumbList","@id":"https:\/\/seedsmakeathons.com\/ca\/whats-seeds\/#breadcrumb","itemListElement":[{"@type":"ListItem","position":1,"name":"Home","item":"https:\/\/seedsmakeathons.com\/ca\/"},{"@type":"ListItem","position":2,"name":"Qu\u00e8 \u00e9s SEEDS"}]}]}},"_links":{"self":[{"href":"https:\/\/seedsmakeathons.com\/ca\/wp-json\/wp\/v2\/pages\/33"}],"collection":[{"href":"https:\/\/seedsmakeathons.com\/ca\/wp-json\/wp\/v2\/pages"}],"about":[{"href":"https:\/\/seedsmakeathons.com\/ca\/wp-json\/wp\/v2\/types\/page"}],"author":[{"embeddable":true,"href":"https:\/\/seedsmakeathons.com\/ca\/wp-json\/wp\/v2\/users\/5"}],"replies":[{"embeddable":true,"href":"https:\/\/seedsmakeathons.com\/ca\/wp-json\/wp\/v2\/comments?post=33"}],"version-history":[{"count":0,"href":"https:\/\/seedsmakeathons.com\/ca\/wp-json\/wp\/v2\/pages\/33\/revisions"}],"wp:attachment":[{"href":"https:\/\/seedsmakeathons.com\/ca\/wp-json\/wp\/v2\/media?parent=33"}],"curies":[{"name":"wp","href":"https:\/\/api.w.org\/{rel}","templated":true}]}}