{"id":217,"date":"2021-11-09T15:05:38","date_gmt":"2021-11-09T15:05:38","guid":{"rendered":"https:\/\/seedsmakeathons.com\/ca\/?page_id=217"},"modified":"2021-11-11T07:45:43","modified_gmt":"2021-11-11T07:45:43","slug":"3-intervenciones","status":"publish","type":"page","link":"https:\/\/seedsmakeathons.com\/ca\/whats-seeds\/parts-of-the-project\/3-intervenciones\/","title":{"rendered":"3. Intervencions"},"content":{"rendered":"<p>Els experiments desenvolupats pels adolescents en los Makeathons es combinaran en una sola intervenci\u00f3 per al seu pa\u00eds. L&#8217;emocionant per a l&#8217;equip de SEEDS \u00e9s que no tenim idea del que crearan. No obstant aix\u00f2, estem ansiosos per escoltar i con\u00e8ixer l&#8217;experi\u00e8ncia dels adolescents. Tamb\u00e9 estem molt interessats a con\u00e8ixer les experi\u00e8ncies dels adolescents als instituts control. Exerceixen un paper molt important per a ajudar-nos a determinar si l&#8217;enfocament de SEEDS t\u00e9 \u00e8xit.<\/p>\n<p><img loading=\"lazy\" class=\"alignnone wp-image-218\" src=\"https:\/\/seedsmakeathons.com\/ca\/wp-content\/uploads\/2021\/11\/captura-5-300x256.png\" alt=\"\" width=\"332\" height=\"283\" srcset=\"https:\/\/seedsmakeathons.com\/ca\/wp-content\/uploads\/2021\/11\/captura-5-300x256.png 300w, https:\/\/seedsmakeathons.com\/ca\/wp-content\/uploads\/2021\/11\/captura-5.png 609w\" sizes=\"(max-width: 332px) 100vw, 332px\" \/><\/p>\n","protected":false},"excerpt":{"rendered":"<p>Els experiments desenvolupats pels adolescents en los Makeathons es combinaran en una sola intervenci\u00f3 per al seu pa\u00eds. L&#8217;emocionant per a l&#8217;equip de SEEDS \u00e9s que no tenim idea del que crearan. No obstant aix\u00f2, estem ansiosos per escoltar i con\u00e8ixer l&#8217;experi\u00e8ncia dels adolescents. Tamb\u00e9 estem molt interessats a con\u00e8ixer les experi\u00e8ncies dels adolescents als [&hellip;]<\/p>\n","protected":false},"author":5,"featured_media":0,"parent":38,"menu_order":3,"comment_status":"closed","ping_status":"closed","template":"","meta":[],"yoast_head":"<!-- This site is optimized with the Yoast SEO plugin v16.7 - https:\/\/yoast.com\/wordpress\/plugins\/seo\/ -->\n<title>3. Intervencions - SEEDS<\/title>\n<meta name=\"description\" content=\"Els experiments desenvolupats pels adolescents a Makeathon es combinen en una sola intervenci\u00f3 per al seu pa\u00eds.\" \/>\n<meta name=\"robots\" content=\"index, follow, max-snippet:-1, max-image-preview:large, max-video-preview:-1\" \/>\n<link rel=\"canonical\" href=\"https:\/\/seedsmakeathons.com\/ca\/whats-seeds\/parts-of-the-project\/3-intervenciones\/\" \/>\n<meta property=\"og:locale\" content=\"ca_ES\" \/>\n<meta property=\"og:type\" content=\"article\" \/>\n<meta property=\"og:title\" content=\"3. Intervencions - SEEDS\" \/>\n<meta property=\"og:description\" content=\"Els experiments desenvolupats pels adolescents a Makeathon es combinen en una sola intervenci\u00f3 per al seu pa\u00eds.\" \/>\n<meta property=\"og:url\" content=\"https:\/\/seedsmakeathons.com\/ca\/whats-seeds\/parts-of-the-project\/3-intervenciones\/\" \/>\n<meta property=\"og:site_name\" content=\"SEEDS\" \/>\n<meta property=\"article:modified_time\" content=\"2021-11-11T07:45:43+00:00\" \/>\n<meta property=\"og:image\" content=\"https:\/\/seedsmakeathons.com\/ca\/wp-content\/uploads\/2021\/11\/captura-5-300x256.png\" \/>\n<meta name=\"twitter:card\" content=\"summary_large_image\" \/>\n<script type=\"application\/ld+json\" class=\"yoast-schema-graph\">{\"@context\":\"https:\/\/schema.org\",\"@graph\":[{\"@type\":\"WebSite\",\"@id\":\"https:\/\/seedsmakeathons.com\/ca\/#website\",\"url\":\"https:\/\/seedsmakeathons.com\/ca\/\",\"name\":\"SEEDS\",\"description\":\"\",\"potentialAction\":[{\"@type\":\"SearchAction\",\"target\":{\"@type\":\"EntryPoint\",\"urlTemplate\":\"https:\/\/seedsmakeathons.com\/ca\/?s={search_term_string}\"},\"query-input\":\"required name=search_term_string\"}],\"inLanguage\":\"ca\"},{\"@type\":\"ImageObject\",\"@id\":\"https:\/\/seedsmakeathons.com\/ca\/whats-seeds\/parts-of-the-project\/3-intervenciones\/#primaryimage\",\"inLanguage\":\"ca\",\"url\":\"https:\/\/seedsmakeathons.com\/ca\/wp-content\/uploads\/2021\/11\/captura-5.png\",\"contentUrl\":\"https:\/\/seedsmakeathons.com\/ca\/wp-content\/uploads\/2021\/11\/captura-5.png\",\"width\":609,\"height\":519},{\"@type\":\"WebPage\",\"@id\":\"https:\/\/seedsmakeathons.com\/ca\/whats-seeds\/parts-of-the-project\/3-intervenciones\/#webpage\",\"url\":\"https:\/\/seedsmakeathons.com\/ca\/whats-seeds\/parts-of-the-project\/3-intervenciones\/\",\"name\":\"3. Intervencions - SEEDS\",\"isPartOf\":{\"@id\":\"https:\/\/seedsmakeathons.com\/ca\/#website\"},\"primaryImageOfPage\":{\"@id\":\"https:\/\/seedsmakeathons.com\/ca\/whats-seeds\/parts-of-the-project\/3-intervenciones\/#primaryimage\"},\"datePublished\":\"2021-11-09T15:05:38+00:00\",\"dateModified\":\"2021-11-11T07:45:43+00:00\",\"description\":\"Els experiments desenvolupats pels adolescents a Makeathon es combinen en una sola intervenci\\u00f3 per al seu pa\\u00eds.\",\"breadcrumb\":{\"@id\":\"https:\/\/seedsmakeathons.com\/ca\/whats-seeds\/parts-of-the-project\/3-intervenciones\/#breadcrumb\"},\"inLanguage\":\"ca\",\"potentialAction\":[{\"@type\":\"ReadAction\",\"target\":[\"https:\/\/seedsmakeathons.com\/ca\/whats-seeds\/parts-of-the-project\/3-intervenciones\/\"]}]},{\"@type\":\"BreadcrumbList\",\"@id\":\"https:\/\/seedsmakeathons.com\/ca\/whats-seeds\/parts-of-the-project\/3-intervenciones\/#breadcrumb\",\"itemListElement\":[{\"@type\":\"ListItem\",\"position\":1,\"name\":\"Home\",\"item\":\"https:\/\/seedsmakeathons.com\/ca\/\"},{\"@type\":\"ListItem\",\"position\":2,\"name\":\"Qu\\u00e8 \\u00e9s SEEDS\",\"item\":\"https:\/\/seedsmakeathons.com\/ca\/whats-seeds\/\"},{\"@type\":\"ListItem\",\"position\":3,\"name\":\"Parts del projecte\",\"item\":\"https:\/\/seedsmakeathons.com\/ca\/whats-seeds\/parts-of-the-project\/\"},{\"@type\":\"ListItem\",\"position\":4,\"name\":\"3. Intervencions\"}]}]}<\/script>\n<!-- \/ Yoast SEO plugin. -->","yoast_head_json":{"title":"3. Intervencions - SEEDS","description":"Els experiments desenvolupats pels adolescents a Makeathon es combinen en una sola intervenci\u00f3 per al seu pa\u00eds.","robots":{"index":"index","follow":"follow","max-snippet":"max-snippet:-1","max-image-preview":"max-image-preview:large","max-video-preview":"max-video-preview:-1"},"canonical":"https:\/\/seedsmakeathons.com\/ca\/whats-seeds\/parts-of-the-project\/3-intervenciones\/","og_locale":"ca_ES","og_type":"article","og_title":"3. Intervencions - SEEDS","og_description":"Els experiments desenvolupats pels adolescents a Makeathon es combinen en una sola intervenci\u00f3 per al seu pa\u00eds.","og_url":"https:\/\/seedsmakeathons.com\/ca\/whats-seeds\/parts-of-the-project\/3-intervenciones\/","og_site_name":"SEEDS","article_modified_time":"2021-11-11T07:45:43+00:00","og_image":[{"url":"https:\/\/seedsmakeathons.com\/ca\/wp-content\/uploads\/2021\/11\/captura-5-300x256.png"}],"twitter_card":"summary_large_image","schema":{"@context":"https:\/\/schema.org","@graph":[{"@type":"WebSite","@id":"https:\/\/seedsmakeathons.com\/ca\/#website","url":"https:\/\/seedsmakeathons.com\/ca\/","name":"SEEDS","description":"","potentialAction":[{"@type":"SearchAction","target":{"@type":"EntryPoint","urlTemplate":"https:\/\/seedsmakeathons.com\/ca\/?s={search_term_string}"},"query-input":"required name=search_term_string"}],"inLanguage":"ca"},{"@type":"ImageObject","@id":"https:\/\/seedsmakeathons.com\/ca\/whats-seeds\/parts-of-the-project\/3-intervenciones\/#primaryimage","inLanguage":"ca","url":"https:\/\/seedsmakeathons.com\/ca\/wp-content\/uploads\/2021\/11\/captura-5.png","contentUrl":"https:\/\/seedsmakeathons.com\/ca\/wp-content\/uploads\/2021\/11\/captura-5.png","width":609,"height":519},{"@type":"WebPage","@id":"https:\/\/seedsmakeathons.com\/ca\/whats-seeds\/parts-of-the-project\/3-intervenciones\/#webpage","url":"https:\/\/seedsmakeathons.com\/ca\/whats-seeds\/parts-of-the-project\/3-intervenciones\/","name":"3. Intervencions - SEEDS","isPartOf":{"@id":"https:\/\/seedsmakeathons.com\/ca\/#website"},"primaryImageOfPage":{"@id":"https:\/\/seedsmakeathons.com\/ca\/whats-seeds\/parts-of-the-project\/3-intervenciones\/#primaryimage"},"datePublished":"2021-11-09T15:05:38+00:00","dateModified":"2021-11-11T07:45:43+00:00","description":"Els experiments desenvolupats pels adolescents a Makeathon es combinen en una sola intervenci\u00f3 per al seu pa\u00eds.","breadcrumb":{"@id":"https:\/\/seedsmakeathons.com\/ca\/whats-seeds\/parts-of-the-project\/3-intervenciones\/#breadcrumb"},"inLanguage":"ca","potentialAction":[{"@type":"ReadAction","target":["https:\/\/seedsmakeathons.com\/ca\/whats-seeds\/parts-of-the-project\/3-intervenciones\/"]}]},{"@type":"BreadcrumbList","@id":"https:\/\/seedsmakeathons.com\/ca\/whats-seeds\/parts-of-the-project\/3-intervenciones\/#breadcrumb","itemListElement":[{"@type":"ListItem","position":1,"name":"Home","item":"https:\/\/seedsmakeathons.com\/ca\/"},{"@type":"ListItem","position":2,"name":"Qu\u00e8 \u00e9s SEEDS","item":"https:\/\/seedsmakeathons.com\/ca\/whats-seeds\/"},{"@type":"ListItem","position":3,"name":"Parts del projecte","item":"https:\/\/seedsmakeathons.com\/ca\/whats-seeds\/parts-of-the-project\/"},{"@type":"ListItem","position":4,"name":"3. Intervencions"}]}]}},"_links":{"self":[{"href":"https:\/\/seedsmakeathons.com\/ca\/wp-json\/wp\/v2\/pages\/217"}],"collection":[{"href":"https:\/\/seedsmakeathons.com\/ca\/wp-json\/wp\/v2\/pages"}],"about":[{"href":"https:\/\/seedsmakeathons.com\/ca\/wp-json\/wp\/v2\/types\/page"}],"author":[{"embeddable":true,"href":"https:\/\/seedsmakeathons.com\/ca\/wp-json\/wp\/v2\/users\/5"}],"replies":[{"embeddable":true,"href":"https:\/\/seedsmakeathons.com\/ca\/wp-json\/wp\/v2\/comments?post=217"}],"version-history":[{"count":0,"href":"https:\/\/seedsmakeathons.com\/ca\/wp-json\/wp\/v2\/pages\/217\/revisions"}],"up":[{"embeddable":true,"href":"https:\/\/seedsmakeathons.com\/ca\/wp-json\/wp\/v2\/pages\/38"}],"wp:attachment":[{"href":"https:\/\/seedsmakeathons.com\/ca\/wp-json\/wp\/v2\/media?parent=217"}],"curies":[{"name":"wp","href":"https:\/\/api.w.org\/{rel}","templated":true}]}}