{"id":212,"date":"2021-11-09T14:54:41","date_gmt":"2021-11-09T14:54:41","guid":{"rendered":"https:\/\/seedsmakeathons.com\/ca\/?page_id=212"},"modified":"2021-11-11T07:38:24","modified_gmt":"2021-11-11T07:38:24","slug":"2-makeathons","status":"publish","type":"page","link":"https:\/\/seedsmakeathons.com\/ca\/whats-seeds\/parts-of-the-project\/2-makeathons\/","title":{"rendered":"2. Makeathons"},"content":{"rendered":"<p>Makeathons\u00a0s\u00f3n desafiaments creatius i col\u00b7laboratius en un curt per\u00edode de temps. Reuneixen persones (tamb\u00e9 conegudes com a &#8220;Creadors&#8221;) de diferents or\u00edgens per a reflexionar i abordar una sola causa junts. Els creadors treballen en equips per a crear lliurement el que vulguin sobre un tema o tema determinat. Aquest tema els ser\u00e0 revelat en l&#8217;\u00faltim moment. <a href=\"https:\/\/seedsmakeathons.com\/ca\/2-makeathons\/\">[1]<\/a><\/p>\n<p>El paper de\u00a0Makeathons\u00a0en\u00a0SEEDS\u00a0\u00e9s empoderar als adolescents com a Creadors per a crear un canvi per si mateixos. Treballant juntament amb les parts interessades rellevants, els adolescents crearan experiments per a explorar com poden viure estils de vida m\u00e9s saludables. Aquests\u00a0Makeathons\u00a0exposaran als adolescents a molts aspectes interessants de la ci\u00e8ncia. tecnologia, enginyeria i matem\u00e0tiques (&#8220;STEM&#8221;). L&#8217;equip de\u00a0SEEDS\u00a0ha creat directrius per a estandarditzar aquests\u00a0Makeathons\u00a0que s&#8217;executen en escoles d&#8217;Espanya, Gr\u00e8cia, el Regne Unit i Holanda.<\/p>\n<p><a href=\"https:\/\/seedsmakeathons.com\/ca\/2-makeathons\/\">[1]<\/a> Adaptat de &#8220;<a href=\"https:\/\/www.welcometothejungle.com\/en\/articles\/en-going-the-distance-with-makeathons-makers-marathons-explained\">Going the Distance with Makeathons\u2014\u2018Makers\u2019 Marathons\u2019 Explained<\/a>&#8221;<\/p>\n<p>&nbsp;<\/p>\n<p><img loading=\"lazy\" class=\"alignnone wp-image-215\" src=\"https:\/\/seedsmakeathons.com\/ca\/wp-content\/uploads\/2021\/11\/captura-4-300x246.png\" alt=\"\" width=\"398\" height=\"326\" srcset=\"https:\/\/seedsmakeathons.com\/ca\/wp-content\/uploads\/2021\/11\/captura-4-300x246.png 300w, https:\/\/seedsmakeathons.com\/ca\/wp-content\/uploads\/2021\/11\/captura-4.png 747w\" sizes=\"(max-width: 398px) 100vw, 398px\" \/><\/p>\n","protected":false},"excerpt":{"rendered":"<p>Makeathons\u00a0s\u00f3n desafiaments creatius i col\u00b7laboratius en un curt per\u00edode de temps. Reuneixen persones (tamb\u00e9 conegudes com a &#8220;Creadors&#8221;) de diferents or\u00edgens per a reflexionar i abordar una sola causa junts. Els creadors treballen en equips per a crear lliurement el que vulguin sobre un tema o tema determinat. Aquest tema els ser\u00e0 revelat en l&#8217;\u00faltim [&hellip;]<\/p>\n","protected":false},"author":5,"featured_media":0,"parent":38,"menu_order":3,"comment_status":"closed","ping_status":"closed","template":"","meta":[],"yoast_head":"<!-- This site is optimized with the Yoast SEO plugin v16.7 - https:\/\/yoast.com\/wordpress\/plugins\/seo\/ -->\n<title>2. Makeathons - SEEDS<\/title>\n<meta name=\"robots\" content=\"index, follow, max-snippet:-1, max-image-preview:large, max-video-preview:-1\" \/>\n<link rel=\"canonical\" href=\"https:\/\/seedsmakeathons.com\/ca\/whats-seeds\/parts-of-the-project\/2-makeathons\/\" \/>\n<meta property=\"og:locale\" content=\"ca_ES\" \/>\n<meta property=\"og:type\" content=\"article\" \/>\n<meta property=\"og:title\" content=\"2. Makeathons - SEEDS\" \/>\n<meta property=\"og:description\" content=\"Makeathons\u00a0s\u00f3n desafiaments creatius i col\u00b7laboratius en un curt per\u00edode de temps. Reuneixen persones (tamb\u00e9 conegudes com a &#8220;Creadors&#8221;) de diferents or\u00edgens per a reflexionar i abordar una sola causa junts. Els creadors treballen en equips per a crear lliurement el que vulguin sobre un tema o tema determinat. Aquest tema els ser\u00e0 revelat en l&#8217;\u00faltim [&hellip;]\" \/>\n<meta property=\"og:url\" content=\"https:\/\/seedsmakeathons.com\/ca\/whats-seeds\/parts-of-the-project\/2-makeathons\/\" \/>\n<meta property=\"og:site_name\" content=\"SEEDS\" \/>\n<meta property=\"article:modified_time\" content=\"2021-11-11T07:38:24+00:00\" \/>\n<meta property=\"og:image\" content=\"https:\/\/seedsmakeathons.com\/ca\/wp-content\/uploads\/2021\/11\/captura-4-300x246.png\" \/>\n<meta name=\"twitter:card\" content=\"summary_large_image\" \/>\n<script type=\"application\/ld+json\" class=\"yoast-schema-graph\">{\"@context\":\"https:\/\/schema.org\",\"@graph\":[{\"@type\":\"WebSite\",\"@id\":\"https:\/\/seedsmakeathons.com\/ca\/#website\",\"url\":\"https:\/\/seedsmakeathons.com\/ca\/\",\"name\":\"SEEDS\",\"description\":\"\",\"potentialAction\":[{\"@type\":\"SearchAction\",\"target\":{\"@type\":\"EntryPoint\",\"urlTemplate\":\"https:\/\/seedsmakeathons.com\/ca\/?s={search_term_string}\"},\"query-input\":\"required name=search_term_string\"}],\"inLanguage\":\"ca\"},{\"@type\":\"ImageObject\",\"@id\":\"https:\/\/seedsmakeathons.com\/ca\/whats-seeds\/parts-of-the-project\/2-makeathons\/#primaryimage\",\"inLanguage\":\"ca\",\"url\":\"https:\/\/seedsmakeathons.com\/ca\/wp-content\/uploads\/2021\/11\/captura-4.png\",\"contentUrl\":\"https:\/\/seedsmakeathons.com\/ca\/wp-content\/uploads\/2021\/11\/captura-4.png\",\"width\":747,\"height\":612},{\"@type\":\"WebPage\",\"@id\":\"https:\/\/seedsmakeathons.com\/ca\/whats-seeds\/parts-of-the-project\/2-makeathons\/#webpage\",\"url\":\"https:\/\/seedsmakeathons.com\/ca\/whats-seeds\/parts-of-the-project\/2-makeathons\/\",\"name\":\"2. Makeathons - SEEDS\",\"isPartOf\":{\"@id\":\"https:\/\/seedsmakeathons.com\/ca\/#website\"},\"primaryImageOfPage\":{\"@id\":\"https:\/\/seedsmakeathons.com\/ca\/whats-seeds\/parts-of-the-project\/2-makeathons\/#primaryimage\"},\"datePublished\":\"2021-11-09T14:54:41+00:00\",\"dateModified\":\"2021-11-11T07:38:24+00:00\",\"breadcrumb\":{\"@id\":\"https:\/\/seedsmakeathons.com\/ca\/whats-seeds\/parts-of-the-project\/2-makeathons\/#breadcrumb\"},\"inLanguage\":\"ca\",\"potentialAction\":[{\"@type\":\"ReadAction\",\"target\":[\"https:\/\/seedsmakeathons.com\/ca\/whats-seeds\/parts-of-the-project\/2-makeathons\/\"]}]},{\"@type\":\"BreadcrumbList\",\"@id\":\"https:\/\/seedsmakeathons.com\/ca\/whats-seeds\/parts-of-the-project\/2-makeathons\/#breadcrumb\",\"itemListElement\":[{\"@type\":\"ListItem\",\"position\":1,\"name\":\"Home\",\"item\":\"https:\/\/seedsmakeathons.com\/ca\/\"},{\"@type\":\"ListItem\",\"position\":2,\"name\":\"Qu\\u00e8 \\u00e9s SEEDS\",\"item\":\"https:\/\/seedsmakeathons.com\/ca\/whats-seeds\/\"},{\"@type\":\"ListItem\",\"position\":3,\"name\":\"Parts del projecte\",\"item\":\"https:\/\/seedsmakeathons.com\/ca\/whats-seeds\/parts-of-the-project\/\"},{\"@type\":\"ListItem\",\"position\":4,\"name\":\"2. Makeathons\"}]}]}<\/script>\n<!-- \/ Yoast SEO plugin. -->","yoast_head_json":{"title":"2. Makeathons - SEEDS","robots":{"index":"index","follow":"follow","max-snippet":"max-snippet:-1","max-image-preview":"max-image-preview:large","max-video-preview":"max-video-preview:-1"},"canonical":"https:\/\/seedsmakeathons.com\/ca\/whats-seeds\/parts-of-the-project\/2-makeathons\/","og_locale":"ca_ES","og_type":"article","og_title":"2. Makeathons - SEEDS","og_description":"Makeathons\u00a0s\u00f3n desafiaments creatius i col\u00b7laboratius en un curt per\u00edode de temps. Reuneixen persones (tamb\u00e9 conegudes com a &#8220;Creadors&#8221;) de diferents or\u00edgens per a reflexionar i abordar una sola causa junts. Els creadors treballen en equips per a crear lliurement el que vulguin sobre un tema o tema determinat. Aquest tema els ser\u00e0 revelat en l&#8217;\u00faltim [&hellip;]","og_url":"https:\/\/seedsmakeathons.com\/ca\/whats-seeds\/parts-of-the-project\/2-makeathons\/","og_site_name":"SEEDS","article_modified_time":"2021-11-11T07:38:24+00:00","og_image":[{"url":"https:\/\/seedsmakeathons.com\/ca\/wp-content\/uploads\/2021\/11\/captura-4-300x246.png"}],"twitter_card":"summary_large_image","schema":{"@context":"https:\/\/schema.org","@graph":[{"@type":"WebSite","@id":"https:\/\/seedsmakeathons.com\/ca\/#website","url":"https:\/\/seedsmakeathons.com\/ca\/","name":"SEEDS","description":"","potentialAction":[{"@type":"SearchAction","target":{"@type":"EntryPoint","urlTemplate":"https:\/\/seedsmakeathons.com\/ca\/?s={search_term_string}"},"query-input":"required name=search_term_string"}],"inLanguage":"ca"},{"@type":"ImageObject","@id":"https:\/\/seedsmakeathons.com\/ca\/whats-seeds\/parts-of-the-project\/2-makeathons\/#primaryimage","inLanguage":"ca","url":"https:\/\/seedsmakeathons.com\/ca\/wp-content\/uploads\/2021\/11\/captura-4.png","contentUrl":"https:\/\/seedsmakeathons.com\/ca\/wp-content\/uploads\/2021\/11\/captura-4.png","width":747,"height":612},{"@type":"WebPage","@id":"https:\/\/seedsmakeathons.com\/ca\/whats-seeds\/parts-of-the-project\/2-makeathons\/#webpage","url":"https:\/\/seedsmakeathons.com\/ca\/whats-seeds\/parts-of-the-project\/2-makeathons\/","name":"2. Makeathons - SEEDS","isPartOf":{"@id":"https:\/\/seedsmakeathons.com\/ca\/#website"},"primaryImageOfPage":{"@id":"https:\/\/seedsmakeathons.com\/ca\/whats-seeds\/parts-of-the-project\/2-makeathons\/#primaryimage"},"datePublished":"2021-11-09T14:54:41+00:00","dateModified":"2021-11-11T07:38:24+00:00","breadcrumb":{"@id":"https:\/\/seedsmakeathons.com\/ca\/whats-seeds\/parts-of-the-project\/2-makeathons\/#breadcrumb"},"inLanguage":"ca","potentialAction":[{"@type":"ReadAction","target":["https:\/\/seedsmakeathons.com\/ca\/whats-seeds\/parts-of-the-project\/2-makeathons\/"]}]},{"@type":"BreadcrumbList","@id":"https:\/\/seedsmakeathons.com\/ca\/whats-seeds\/parts-of-the-project\/2-makeathons\/#breadcrumb","itemListElement":[{"@type":"ListItem","position":1,"name":"Home","item":"https:\/\/seedsmakeathons.com\/ca\/"},{"@type":"ListItem","position":2,"name":"Qu\u00e8 \u00e9s SEEDS","item":"https:\/\/seedsmakeathons.com\/ca\/whats-seeds\/"},{"@type":"ListItem","position":3,"name":"Parts del projecte","item":"https:\/\/seedsmakeathons.com\/ca\/whats-seeds\/parts-of-the-project\/"},{"@type":"ListItem","position":4,"name":"2. Makeathons"}]}]}},"_links":{"self":[{"href":"https:\/\/seedsmakeathons.com\/ca\/wp-json\/wp\/v2\/pages\/212"}],"collection":[{"href":"https:\/\/seedsmakeathons.com\/ca\/wp-json\/wp\/v2\/pages"}],"about":[{"href":"https:\/\/seedsmakeathons.com\/ca\/wp-json\/wp\/v2\/types\/page"}],"author":[{"embeddable":true,"href":"https:\/\/seedsmakeathons.com\/ca\/wp-json\/wp\/v2\/users\/5"}],"replies":[{"embeddable":true,"href":"https:\/\/seedsmakeathons.com\/ca\/wp-json\/wp\/v2\/comments?post=212"}],"version-history":[{"count":0,"href":"https:\/\/seedsmakeathons.com\/ca\/wp-json\/wp\/v2\/pages\/212\/revisions"}],"up":[{"embeddable":true,"href":"https:\/\/seedsmakeathons.com\/ca\/wp-json\/wp\/v2\/pages\/38"}],"wp:attachment":[{"href":"https:\/\/seedsmakeathons.com\/ca\/wp-json\/wp\/v2\/media?parent=212"}],"curies":[{"name":"wp","href":"https:\/\/api.w.org\/{rel}","templated":true}]}}